{"id":61324,"date":"2024-10-09T18:36:44","date_gmt":"2024-10-09T11:36:44","guid":{"rendered":"https:\/\/mouldking.store\/shop\/mould-king-10116-myoora-lamborghini-with-1607-pieces\/"},"modified":"2024-10-09T18:36:51","modified_gmt":"2024-10-09T11:36:51","slug":"mould-king-10116-myoora-lamborghini-with-1607-pieces","status":"publish","type":"product","link":"https:\/\/mouldking.store\/hu\/shop\/mould-king-10116-myoora-lamborghini-with-1607-pieces\/","title":{"rendered":"MOULD KING 10116 MYOORA Lamborghini 1607 darabbal"},"content":{"rendered":"<div>\u2705MouldKing 10116 MYOORA Lamborghini<\/p>\n<p>\u2705 A <strong>MyOora Lamborghini<\/strong> is a model that is part of the MyOora series, which offers customizable and programmable cars that are designed for enthusiasts, collectors, and hobbyists.<\/p>\n<p>\ud83d\udeab FONTOS!<\/p>\n<p>Product Name: MYOORA Lamborghini<\/p>\n<p>Kateg\u00f3ria: M\u0171szaki<\/p>\n<p>This Kit Contains: MouldKing 10116<\/p>\n<p>1607 pcs Good Quality Bricks<\/p>\n<p>Size:&nbsp; 32.6 \u00d7 14.8 \u00d7 9.6 cm<\/p>\n<p>K\u00e9zi utas\u00edt\u00e1sok<\/p>\n<p>\ud83d\udcccA f\u0151szerepl\u0151 term\u00e9szete<\/p>\n<p>Introducing our proud collection named \u201cMYOORA Lamborghini\u201d you should not miss.<\/p>\n<p>The <strong>MyOora Lamborghini<\/strong> represents a fusion of automotive design and interactive technology, catering to those who admire the luxury and performance of Lamborghini vehicles. With its customizable features and engaging performance, it appeals to both collectors and hobbyists looking for a unique automotive experience.&nbsp;<\/div>","protected":false},"excerpt":{"rendered":"<p>M\u00e1rka: MOLD KING<br \/>\nNem: Uniszex<br \/>\nKorhat\u00e1r: 14 \u00e9v felett<br \/>\nModel Number: 10116<br \/>\nBesorol\u00e1s: \u00d6sszeszerel\u00e9s<br \/>\nM\u0171anyag blokk forma: \u00f6nz\u00e1r\u00f3 t\u00e9gla<br \/>\nAnyaga: M\u0171anyag<br \/>\nM\u0171anyag t\u00edpus: ABS<br \/>\nBricks Blocks: 1607 +<br \/>\nEredeti doboza nincs<br \/>\nA term\u00e9k nem tartalmaz MAtric\u00e1t \u00e9s NYOMTATOTT alkatr\u00e9szeket. Minden nyomtatott alkatr\u00e9szt szabv\u00e1nyos alkatr\u00e9szre cser\u00e9l\u00fcnk, \u00e9s nem j\u00e1r bev\u00e9tel harmadik f\u00e9lt\u0151l sz\u00e1rmaz\u00f3 tartoz\u00e9kokkal.<\/p>","protected":false},"featured_media":61323,"comment_status":"open","ping_status":"closed","template":"","meta":{"_acf_changed":false},"product_cat":[1360,1357,371,372,390,581,6016,415,364,1875],"product_tag":[457,596,366,13629,389,11080],"class_list":["product","first","instock","shipping-taxable","purchasable","product-type-simple"],"acf":[],"_links":{"self":[{"href":"https:\/\/mouldking.store\/hu\/wp-json\/wp\/v2\/product\/61324","targetHints":{"allow":["GET"]}}],"collection":[{"href":"https:\/\/mouldking.store\/hu\/wp-json\/wp\/v2\/product"}],"about":[{"href":"https:\/\/mouldking.store\/hu\/wp-json\/wp\/v2\/types\/product"}],"replies":[{"embeddable":true,"href":"https:\/\/mouldking.store\/hu\/wp-json\/wp\/v2\/comments?post=61324"}],"wp:featuredmedia":[{"embeddable":true,"href":"https:\/\/mouldking.store\/hu\/wp-json\/wp\/v2\/media\/61323"}],"wp:attachment":[{"href":"https:\/\/mouldking.store\/hu\/wp-json\/wp\/v2\/media?parent=61324"}],"wp:term":[{"taxonomy":"product_cat","embeddable":true,"href":"https:\/\/mouldking.store\/hu\/wp-json\/wp\/v2\/product_cat?post=61324"},{"taxonomy":"product_tag","embeddable":true,"href":"https:\/\/mouldking.store\/hu\/wp-json\/wp\/v2\/product_tag?post=61324"}],"curies":[{"name":"wp","href":"https:\/\/api.w.org\/{rel}","templated":true}]}}