{"id":61405,"date":"2024-10-17T18:15:30","date_gmt":"2024-10-17T11:15:30","guid":{"rendered":"https:\/\/mouldking.store\/shop\/quanguan-100276-t34-76-medium-tank-with-943-pieces\/"},"modified":"2024-10-17T18:15:42","modified_gmt":"2024-10-17T11:15:42","slug":"quanguan-100276-t34-76-medium-tank-with-943-pieces","status":"publish","type":"product","link":"https:\/\/mouldking.store\/hu\/shop\/quanguan-100276-t34-76-medium-tank-with-943-pieces\/","title":{"rendered":"QUANGUAN 100276 T34\/76 K\u00f6zepes Tank 943 Darabbal"},"content":{"rendered":"<div>\u2705Quan Guan 100276 T34\/76 K\u00f6zepes Tank<\/p>\n<p>\u2705 A T-34\/76 a m\u00e1sodik vil\u00e1gh\u00e1bor\u00fa egyik legh\u00edresebb \u00e9s legjelent\u0151sebb tankja, amely innovat\u00edv kialak\u00edt\u00e1s\u00e1r\u00f3l, csatat\u00e9ri hat\u00e9konys\u00e1g\u00e1r\u00f3l \u00e9s a Szovjetuni\u00f3 p\u00e1nc\u00e9los er\u0151iben bet\u00f6lt\u00f6tt szerep\u00e9r\u0151l ismert.&nbsp;<\/p>\n<p>\ud83d\udeab FONTOS!<\/p>\n<p>Term\u00e9k neve: T34\/76 K\u00f6zepes Tank<\/p>\n<p>Kateg\u00f3ria: Katonai<\/p>\n<p>A k\u00e9szlet tartalma: Quan Guan 100276<\/p>\n<p>943 db j\u00f3 min\u0151s\u00e9g\u0171 t\u00e9gla<\/p>\n<p>M\u00e9ret: 22 \u00d7 11,3 \u00d7 9,4 cm<\/p>\n<p>K\u00e9zi utas\u00edt\u00e1sok<\/p>\n<p>\ud83d\udcccA f\u0151szerepl\u0151 term\u00e9szete<\/p>\n<p>Bemutatjuk b\u00fcszke kollekci\u00f3nkat, a \u201eT34\/76 Medium Tank\u201d-ot, amit nem szabad kihagynod.<\/p>\n<p>&nbsp;A T-34\/76 t\u0171zerej\u00e9nek, mobilit\u00e1s\u00e1nak \u00e9s p\u00e1nc\u00e9lzat\u00e1nak \u00f6tv\u00f6zete a m\u00e1sodik vil\u00e1gh\u00e1bor\u00fa egyik leghat\u00e9konyabb \u00e9s legelismertebb tankj\u00e1v\u00e1 tette. \u00d6r\u00f6ks\u00e9g\u00e9t a mai napig \u00fcnneplik, \u00e9s tov\u00e1bbra is n\u00e9pszer\u0171 t\u00e9ma a hadt\u00f6rt\u00e9netben \u00e9s a tankmodellez\u00e9sben.&nbsp;<\/p><\/div>","protected":false},"excerpt":{"rendered":"<p>M\u00e1rka: QUANGUAN<br \/>\nNem: Uniszex<br \/>\nKoroszt\u00e1ly: &gt; 6 \u00e9v<br \/>\nModellsz\u00e1m: 100276<br \/>\nBesorol\u00e1s: \u00d6sszeszerel\u00e9s<br \/>\nM\u0171anyag blokk forma: \u00f6nz\u00e1r\u00f3 t\u00e9gla<br \/>\nAnyaga: M\u0171anyag<br \/>\nM\u0171anyag t\u00edpus: ABS<br \/>\nT\u00e9gl\u00e1k Blokkok: 943 +<br \/>\nEredeti doboza nincs<br \/>\nA term\u00e9k nem tartalmaz MAtric\u00e1t \u00e9s NYOMTATOTT alkatr\u00e9szeket. Minden nyomtatott alkatr\u00e9szt szabv\u00e1nyos alkatr\u00e9szre cser\u00e9l\u00fcnk, \u00e9s nem j\u00e1r bev\u00e9tel harmadik f\u00e9lt\u0151l sz\u00e1rmaz\u00f3 tartoz\u00e9kokkal.<\/p>","protected":false},"featured_media":61404,"comment_status":"open","ping_status":"closed","template":"","meta":{"_acf_changed":false},"product_cat":[1350,1357,372,364],"product_tag":[3813,374,13635,485,389],"class_list":["product","first","instock","shipping-taxable","purchasable","product-type-simple"],"acf":[],"_links":{"self":[{"href":"https:\/\/mouldking.store\/hu\/wp-json\/wp\/v2\/product\/61405","targetHints":{"allow":["GET"]}}],"collection":[{"href":"https:\/\/mouldking.store\/hu\/wp-json\/wp\/v2\/product"}],"about":[{"href":"https:\/\/mouldking.store\/hu\/wp-json\/wp\/v2\/types\/product"}],"replies":[{"embeddable":true,"href":"https:\/\/mouldking.store\/hu\/wp-json\/wp\/v2\/comments?post=61405"}],"wp:featuredmedia":[{"embeddable":true,"href":"https:\/\/mouldking.store\/hu\/wp-json\/wp\/v2\/media\/61404"}],"wp:attachment":[{"href":"https:\/\/mouldking.store\/hu\/wp-json\/wp\/v2\/media?parent=61405"}],"wp:term":[{"taxonomy":"product_cat","embeddable":true,"href":"https:\/\/mouldking.store\/hu\/wp-json\/wp\/v2\/product_cat?post=61405"},{"taxonomy":"product_tag","embeddable":true,"href":"https:\/\/mouldking.store\/hu\/wp-json\/wp\/v2\/product_tag?post=61405"}],"curies":[{"name":"wp","href":"https:\/\/api.w.org\/{rel}","templated":true}]}}