{"id":61433,"date":"2024-10-18T17:52:25","date_gmt":"2024-10-18T10:52:25","guid":{"rendered":"https:\/\/mouldking.store\/shop\/moc-factory-175651-hazbin-hotel-lucifer-morningstar-final-with-826-pieces\/"},"modified":"2025-12-16T20:59:01","modified_gmt":"2025-12-16T13:59:01","slug":"moc-factory-175651-hazbin-hotel-lucifer-morningstar-final-with-826-pieces","status":"publish","type":"product","link":"https:\/\/mouldking.store\/hu\/shop\/moc-factory-175651-hazbin-hotel-lucifer-morningstar-final-with-826-pieces\/","title":{"rendered":"MOC Factory 175651 Hazbin Hotel Lucifer Morningstar Final with 826 Pieces"},"content":{"rendered":"<div>\u2705 MOC-175651 Hazbin Hotel Lucifer Morningstar Final<\/p>\n<p>\u2705 The character <strong>Lucifer Morningstar<\/strong> in <em>Hazbin Hotel<\/em> plays a significant role as the ruler of Hell and is depicted as the father of the main character, Charlie Morningstar. <em>Hazbin Hotel<\/em> is an adult animated series created by Vivienne Medrano (Vivziepop). It revolves around Charlie&#8217;s mission to rehabilitate demons to reduce the overpopulation of Hell.<\/p>\n<p>\ud83d\udeab FONTOS!<\/p>\n<p>Product Name: Hazbin Hotel Lucifer Morningstar Final<\/p>\n<p>Kateg\u00f3ria: Film<\/p>\n<p>This Kit Contains: C10059Y04<\/p>\n<p>826 pcs Good Quality Bricks<\/p>\n<p>Size: 15 x 7 x 16 cm<\/p>\n<p>PDF \u00datmutat\u00f3<\/p>\n<p>\ud83d\udcccA f\u0151szerepl\u0151 term\u00e9szete<\/p>\n<p>Introducing our proud collection named \u201cHazbin Hotel Lucifer Morningstar Final\u201d you should not miss.<\/p>\n<p>Lucifer&#8217;s character in <em>Hazbin Hotel<\/em> has yet to be fully fleshed out in official media as of now, but based on glimpses and background information from the creator, Lucifer is portrayed as a calm, manipulative, and cunning ruler of Hell, embodying the regal and powerful aspects of the devil&#8217;s archetype. His design is sleek and sharply styled, typically adorned with a suit and a cane, giving him a suave, almost gentlemanly appearance while exuding an air of danger.&nbsp;<\/div>","protected":false},"excerpt":{"rendered":"<p>M\u00e1rka: MOC Factory<br \/>\nNem: Uniszex<br \/>\nKoroszt\u00e1ly: &gt; 6 \u00e9v<br \/>\nModel Number: 175651<br \/>\nBesorol\u00e1s: \u00d6sszeszerel\u00e9s<br \/>\nM\u0171anyag blokk forma: \u00f6nz\u00e1r\u00f3 t\u00e9gla<br \/>\nAnyaga: M\u0171anyag<br \/>\nM\u0171anyag t\u00edpus: ABS<br \/>\nBricks Blocks: 826 +<br \/>\nEredeti doboza nincs<br \/>\nA term\u00e9k nem tartalmaz MAtric\u00e1t \u00e9s NYOMTATOTT alkatr\u00e9szeket. Minden nyomtatott alkatr\u00e9szt szabv\u00e1nyos alkatr\u00e9szre cser\u00e9l\u00fcnk, \u00e9s nem j\u00e1r bev\u00e9tel harmadik f\u00e9lt\u0151l sz\u00e1rmaz\u00f3 tartoz\u00e9kokkal.<\/p>","protected":false},"featured_media":61432,"comment_status":"open","ping_status":"closed","template":"","meta":{"_acf_changed":false},"product_cat":[1365,371,581,1408],"product_tag":[11072,8452,13619,10633,13636,13637,434],"class_list":["product","first","instock","shipping-taxable","purchasable","product-type-simple"],"acf":[],"_links":{"self":[{"href":"https:\/\/mouldking.store\/hu\/wp-json\/wp\/v2\/product\/61433","targetHints":{"allow":["GET"]}}],"collection":[{"href":"https:\/\/mouldking.store\/hu\/wp-json\/wp\/v2\/product"}],"about":[{"href":"https:\/\/mouldking.store\/hu\/wp-json\/wp\/v2\/types\/product"}],"replies":[{"embeddable":true,"href":"https:\/\/mouldking.store\/hu\/wp-json\/wp\/v2\/comments?post=61433"}],"wp:featuredmedia":[{"embeddable":true,"href":"https:\/\/mouldking.store\/hu\/wp-json\/wp\/v2\/media\/61432"}],"wp:attachment":[{"href":"https:\/\/mouldking.store\/hu\/wp-json\/wp\/v2\/media?parent=61433"}],"wp:term":[{"taxonomy":"product_cat","embeddable":true,"href":"https:\/\/mouldking.store\/hu\/wp-json\/wp\/v2\/product_cat?post=61433"},{"taxonomy":"product_tag","embeddable":true,"href":"https:\/\/mouldking.store\/hu\/wp-json\/wp\/v2\/product_tag?post=61433"}],"curies":[{"name":"wp","href":"https:\/\/api.w.org\/{rel}","templated":true}]}}