{"id":61448,"date":"2024-10-18T17:52:57","date_gmt":"2024-10-18T10:52:57","guid":{"rendered":"https:\/\/mouldking.store\/shop\/moc-factory-91023-91028-asterix-and-obelix-with-997-pieces\/"},"modified":"2025-12-16T20:59:00","modified_gmt":"2025-12-16T13:59:00","slug":"moc-factory-91023-91028-asterix-and-obelix-with-997-pieces","status":"publish","type":"product","link":"https:\/\/mouldking.store\/hu\/shop\/moc-factory-91023-91028-asterix-and-obelix-with-997-pieces\/","title":{"rendered":"MOC Factory 91023-91028 Asterix And Obelix with 997 Pieces"},"content":{"rendered":"<div>\u2705 MOC-91023-91028 Asterix And Obelix<\/p>\n<p>\u2705<strong>Asterix \u00e9s Obelix<\/strong> are the beloved main characters of the French comic book series <em>Asterix<\/em>, created by writer Ren\u00e9 Goscinny and illustrator Albert Uderzo. The series is set in ancient Gaul (modern-day France) around 50 B.C., during the Roman occupation. Asterix and Obelix live in a small village that is the only place in Gaul still resisting Roman control, thanks to a magical potion brewed by their druid, Getafix, which grants superhuman strength. <\/p>\n<p>\ud83d\udeab FONTOS!<\/p>\n<p>Product Name: Asterix And Obelix<\/p>\n<p>Kateg\u00f3ria: Film<\/p>\n<p>This Kit Contains: C10061<\/p>\n<p>997 pcs Good Quality Bricks<\/p>\n<p>Size: 13 x 18 x 15 cm<\/p>\n<p>Weight: 0.96 kg<\/p>\n<p>PDF \u00datmutat\u00f3<\/p>\n<p>\ud83d\udcccA f\u0151szerepl\u0151 term\u00e9szete<\/p>\n<p>Introducing our proud collection named \u201cAsterix And Obelix\u201d you should not miss.<\/p>\n<p><em>Asterix<\/em> has become one of the most popular and enduring comic series in Europe, spawning numerous adaptations including animated and live-action films, TV series, video games, and even a theme park. The characters have become iconic symbols of French pop culture, and their stories resonate with readers for their blend of action, humor, and wit.&nbsp; The friendship between Asterix and Obelix, with their contrasting personalities, forms the heart of the series, making them timeless characters beloved by readers of all ages.&nbsp;<\/div>","protected":false},"excerpt":{"rendered":"<p>M\u00e1rka: MOC Factory<br \/>\nNem: Uniszex<br \/>\nKoroszt\u00e1ly: &gt; 6 \u00e9v<br \/>\nModel Number: 91023-91028<br \/>\nBesorol\u00e1s: \u00d6sszeszerel\u00e9s<br \/>\nM\u0171anyag blokk forma: \u00f6nz\u00e1r\u00f3 t\u00e9gla<br \/>\nAnyaga: M\u0171anyag<br \/>\nM\u0171anyag t\u00edpus: ABS<br \/>\nBricks Blocks: 997 +<br \/>\nEredeti doboza nincs<br \/>\nA term\u00e9k nem tartalmaz MAtric\u00e1t \u00e9s NYOMTATOTT alkatr\u00e9szeket. Minden nyomtatott alkatr\u00e9szt szabv\u00e1nyos alkatr\u00e9szre cser\u00e9l\u00fcnk, \u00e9s nem j\u00e1r bev\u00e9tel harmadik f\u00e9lt\u0151l sz\u00e1rmaz\u00f3 tartoz\u00e9kokkal.<\/p>","protected":false},"featured_media":61447,"comment_status":"open","ping_status":"closed","template":"","meta":{"_acf_changed":false},"product_cat":[1365,371,581,1408],"product_tag":[13638,11072,8452,434,13639],"class_list":["product","first","instock","shipping-taxable","purchasable","product-type-simple"],"acf":[],"_links":{"self":[{"href":"https:\/\/mouldking.store\/hu\/wp-json\/wp\/v2\/product\/61448","targetHints":{"allow":["GET"]}}],"collection":[{"href":"https:\/\/mouldking.store\/hu\/wp-json\/wp\/v2\/product"}],"about":[{"href":"https:\/\/mouldking.store\/hu\/wp-json\/wp\/v2\/types\/product"}],"replies":[{"embeddable":true,"href":"https:\/\/mouldking.store\/hu\/wp-json\/wp\/v2\/comments?post=61448"}],"wp:featuredmedia":[{"embeddable":true,"href":"https:\/\/mouldking.store\/hu\/wp-json\/wp\/v2\/media\/61447"}],"wp:attachment":[{"href":"https:\/\/mouldking.store\/hu\/wp-json\/wp\/v2\/media?parent=61448"}],"wp:term":[{"taxonomy":"product_cat","embeddable":true,"href":"https:\/\/mouldking.store\/hu\/wp-json\/wp\/v2\/product_cat?post=61448"},{"taxonomy":"product_tag","embeddable":true,"href":"https:\/\/mouldking.store\/hu\/wp-json\/wp\/v2\/product_tag?post=61448"}],"curies":[{"name":"wp","href":"https:\/\/api.w.org\/{rel}","templated":true}]}}