{"id":61459,"date":"2024-10-18T17:53:35","date_gmt":"2024-10-18T10:53:35","guid":{"rendered":"https:\/\/mouldking.store\/shop\/moc-factory-129584-futurama-nibbler-with-511-pieces\/"},"modified":"2025-12-16T20:59:00","modified_gmt":"2025-12-16T13:59:00","slug":"moc-factory-129584-futurama-nibbler-with-511-pieces","status":"publish","type":"product","link":"https:\/\/mouldking.store\/hu\/shop\/moc-factory-129584-futurama-nibbler-with-511-pieces\/","title":{"rendered":"MOC Factory 129584 Futurama Nibbler with 511 Pieces"},"content":{"rendered":"<div>\u2705 MOC-129584 Futurama Nibbler<\/p>\n<p>\u2705 In <em>Futurama<\/em>, <strong>Nibbler<\/strong> is a fan-favorite character with a surprisingly deep and complex background. He first appears as a seemingly cute and simple pet, but later it&#8217;s revealed that he plays a much larger role in the show\u2019s universe.&nbsp;<\/p>\n<p>\ud83d\udeab FONTOS!<\/p>\n<p>Product Name: Futurama Nibbler<\/p>\n<p>Kateg\u00f3ria: Film<\/p>\n<p>This Kit Contains: C10065<\/p>\n<p>511 pcs Good Quality Bricks<\/p>\n<p>Size: 12 x 12 x 24 cm<\/p>\n<p>Weight: 0.6 kg<\/p>\n<p>PDF \u00datmutat\u00f3<\/p>\n<p>\ud83d\udcccA f\u0151szerepl\u0151 term\u00e9szete<\/p>\n<p>Introducing our proud collection named \u201cFuturama Nibbler\u201d you should not miss.<\/p>\n<p>Nibbler is small, resembling a mix between a cute, tiny alien and a black-furred creature. He has three large, expressive eyes, two antennae, and a single fang sticking out of his mouth. He typically wears a red cape with a golden clasp, which hints at his more distinguished origins.&nbsp; Though tiny, Nibbler has an insatiable appetite and can devour creatures much larger than himself, particularly fond of eating meat. He can eat just about anything and is known to consume entire animals in one gulp, leaving behind only bones.&nbsp;<\/p><\/div>","protected":false},"excerpt":{"rendered":"<p>M\u00e1rka: MOC Factory<br \/>\nNem: Uniszex<br \/>\nKoroszt\u00e1ly: &gt; 6 \u00e9v<br \/>\nModel Number: 129584<br \/>\nBesorol\u00e1s: \u00d6sszeszerel\u00e9s<br \/>\nM\u0171anyag blokk forma: \u00f6nz\u00e1r\u00f3 t\u00e9gla<br \/>\nAnyaga: M\u0171anyag<br \/>\nM\u0171anyag t\u00edpus: ABS<br \/>\nBricks Blocks: 511 +<br \/>\nEredeti doboza nincs<br \/>\nA term\u00e9k nem tartalmaz MAtric\u00e1t \u00e9s NYOMTATOTT alkatr\u00e9szeket. Minden nyomtatott alkatr\u00e9szt szabv\u00e1nyos alkatr\u00e9szre cser\u00e9l\u00fcnk, \u00e9s nem j\u00e1r bev\u00e9tel harmadik f\u00e9lt\u0151l sz\u00e1rmaz\u00f3 tartoz\u00e9kokkal.<\/p>","protected":false},"featured_media":61458,"comment_status":"open","ping_status":"closed","template":"","meta":{"_acf_changed":false},"product_cat":[1365,371,581,1408],"product_tag":[11072,8452,13356,434,11856],"class_list":["product","first","instock","shipping-taxable","purchasable","product-type-simple"],"acf":[],"_links":{"self":[{"href":"https:\/\/mouldking.store\/hu\/wp-json\/wp\/v2\/product\/61459","targetHints":{"allow":["GET"]}}],"collection":[{"href":"https:\/\/mouldking.store\/hu\/wp-json\/wp\/v2\/product"}],"about":[{"href":"https:\/\/mouldking.store\/hu\/wp-json\/wp\/v2\/types\/product"}],"replies":[{"embeddable":true,"href":"https:\/\/mouldking.store\/hu\/wp-json\/wp\/v2\/comments?post=61459"}],"wp:featuredmedia":[{"embeddable":true,"href":"https:\/\/mouldking.store\/hu\/wp-json\/wp\/v2\/media\/61458"}],"wp:attachment":[{"href":"https:\/\/mouldking.store\/hu\/wp-json\/wp\/v2\/media?parent=61459"}],"wp:term":[{"taxonomy":"product_cat","embeddable":true,"href":"https:\/\/mouldking.store\/hu\/wp-json\/wp\/v2\/product_cat?post=61459"},{"taxonomy":"product_tag","embeddable":true,"href":"https:\/\/mouldking.store\/hu\/wp-json\/wp\/v2\/product_tag?post=61459"}],"curies":[{"name":"wp","href":"https:\/\/api.w.org\/{rel}","templated":true}]}}