{"id":61470,"date":"2024-10-18T17:53:55","date_gmt":"2024-10-18T10:53:55","guid":{"rendered":"https:\/\/mouldking.store\/shop\/moc-factory-145894-star-wars-stinger-mantis-with-2653-pieces\/"},"modified":"2025-12-16T20:59:00","modified_gmt":"2025-12-16T13:59:00","slug":"moc-factory-145894-star-wars-stinger-mantis-with-2653-pieces","status":"publish","type":"product","link":"https:\/\/mouldking.store\/hu\/shop\/moc-factory-145894-star-wars-stinger-mantis-with-2653-pieces\/","title":{"rendered":"MOC Factory 145894 Star Wars Stinger Mantis 2653 darabos"},"content":{"rendered":"<div>\u2705 MOC-145894 Star Wars Stinger Mantis<\/p>\n<p>\u2705 A <strong>Full\u00e1nkos s\u00e1ska<\/strong>, amelyet gyakran egyszer\u0171en csak \u00fagy emlegetnek, mint <strong>Mantis<\/strong>, egy eleg\u00e1ns \u00e9s egyedi csillaghaj\u00f3, amely a <em>Csillagok h\u00e1bor\u00faja<\/em> videoj\u00e1t\u00e9k-sorozat <strong>Star Wars Jedi: Bukott Rend<\/strong> (2019) \u00e9s <strong>Star Wars Jedi: T\u00fal\u00e9l\u0151<\/strong> (2023). Ez szolg\u00e1l a j\u00e1t\u00e9k f\u0151szerepl\u0151j\u00e9nek els\u0151dleges eszk\u00f6zek\u00e9nt, <strong>Cal Kestis<\/strong>, \u00e9s leg\u00e9nys\u00e9ge, otthont biztos\u00edtva a galaxisbeli felfedez\u00e9sekhez.<\/p>\n<p>\ud83d\udeab FONTOS!<\/p>\n<p>Term\u00e9k neve: Star Wars Stinger Mantis<\/p>\n<p>Kateg\u00f3ria: Star Wars<\/p>\n<p>A k\u00e9szlet tartalma: C10071<\/p>\n<p>2653 db j\u00f3 min\u0151s\u00e9g\u0171 t\u00e9gla<\/p>\n<p>M\u00e9ret: 48 x 8 x 60 cm<\/p>\n<p>PDF \u00datmutat\u00f3<\/p>\n<p>\ud83d\udcccA f\u0151szerepl\u0151 term\u00e9szete<\/p>\n<p>Bemutatjuk b\u00fcszke kollekci\u00f3nkat, a \u201eStar Wars Stinger Mantis\u201d-t, amelyet nem szabad kihagynod.<\/p>\n<p>A Stinger Mantis jellegzetess\u00e9ge karcs\u00fa, hossz\u00fak\u00e1s teste \u00e9s sz\u00e1rnykialak\u00edt\u00e1sa. Egyetlen, beh\u00fazhat\u00f3 sz\u00e1rnya lehet\u0151v\u00e9 teszi a k\u00fcl\u00f6nf\u00e9le rep\u00fcl\u00e9si man\u0151vereket, \u00e9s k\u00fcl\u00f6nb\u00f6z\u0151 poz\u00edci\u00f3kba forgathat\u00f3 lesz\u00e1ll\u00e1shoz vagy cirk\u00e1l\u00e1shoz. Sz\u00f6gletes, \u00e1ramvonalas haj\u00f3teste \u00e9les, ragadoz\u00f3 megjelen\u00e9st k\u00f6lcs\u00f6n\u00f6z neki, ami kieg\u00e9sz\u00edti a nev\u00e9t. A Stinger Mantis-t sz\u00e9les k\u00f6rben a ... egyik kiemelked\u0151 tulajdons\u00e1g\u00e1nak tartj\u00e1k. <em>Csillagok h\u00e1bor\u00faja Jedik<\/em> j\u00e1t\u00e9ksorozat. Eleg\u00e1ns kialak\u00edt\u00e1sa \u00e9s Cal utaz\u00e1s\u00e1ban bet\u00f6lt\u00f6tt fontos szerepe miatt a rajong\u00f3k kedvelt haj\u00f3v\u00e1 v\u00e1lt. A Mantis fed\u00e9lzet\u00e9n l\u00e9v\u0151 leg\u00e9nys\u00e9g tagjai k\u00f6z\u00f6tti interakci\u00f3k bajt\u00e1rsiass\u00e1got \u00e9s otthonoss\u00e1got k\u00f6lcs\u00f6n\u00f6znek a t\u00f6rt\u00e9netnek, \u00edgy a haj\u00f3 t\u00f6bbnek t\u0171nik, mint puszt\u00e1n egy k\u00f6zleked\u00e9si eszk\u00f6z \u2013 a karakterek fejl\u0151d\u00e9s\u00e9nek \u00e9s a j\u00e1t\u00e9kos kalandj\u00e1nak k\u00f6zponti k\u00f6zpontj\u00e1v\u00e1 v\u00e1lik.&nbsp;<\/div>","protected":false},"excerpt":{"rendered":"<p>M\u00e1rka: MOC Factory<br \/>\nNem: Uniszex<br \/>\nKoroszt\u00e1ly: &gt; 6 \u00e9v<br \/>\nModellsz\u00e1m: 145894<br \/>\nBesorol\u00e1s: \u00d6sszeszerel\u00e9s<br \/>\nM\u0171anyag blokk forma: \u00f6nz\u00e1r\u00f3 t\u00e9gla<br \/>\nAnyaga: M\u0171anyag<br \/>\nM\u0171anyag t\u00edpus: ABS<br \/>\nT\u00e9gl\u00e1k Blokkok: 2653 +<br \/>\nEredeti doboza nincs<br \/>\nA term\u00e9k nem tartalmaz MAtric\u00e1t \u00e9s NYOMTATOTT alkatr\u00e9szeket. Minden nyomtatott alkatr\u00e9szt szabv\u00e1nyos alkatr\u00e9szre cser\u00e9l\u00fcnk, \u00e9s nem j\u00e1r bev\u00e9tel harmadik f\u00e9lt\u0151l sz\u00e1rmaz\u00f3 tartoz\u00e9kokkal.<\/p>","protected":false},"featured_media":61469,"comment_status":"open","ping_status":"closed","template":"","meta":{"_acf_changed":false},"product_cat":[1357,6016,415,364],"product_tag":[6980,2276,436,11553,389],"class_list":["product","first","instock","shipping-taxable","purchasable","product-type-simple"],"acf":[],"_links":{"self":[{"href":"https:\/\/mouldking.store\/hu\/wp-json\/wp\/v2\/product\/61470","targetHints":{"allow":["GET"]}}],"collection":[{"href":"https:\/\/mouldking.store\/hu\/wp-json\/wp\/v2\/product"}],"about":[{"href":"https:\/\/mouldking.store\/hu\/wp-json\/wp\/v2\/types\/product"}],"replies":[{"embeddable":true,"href":"https:\/\/mouldking.store\/hu\/wp-json\/wp\/v2\/comments?post=61470"}],"wp:featuredmedia":[{"embeddable":true,"href":"https:\/\/mouldking.store\/hu\/wp-json\/wp\/v2\/media\/61469"}],"wp:attachment":[{"href":"https:\/\/mouldking.store\/hu\/wp-json\/wp\/v2\/media?parent=61470"}],"wp:term":[{"taxonomy":"product_cat","embeddable":true,"href":"https:\/\/mouldking.store\/hu\/wp-json\/wp\/v2\/product_cat?post=61470"},{"taxonomy":"product_tag","embeddable":true,"href":"https:\/\/mouldking.store\/hu\/wp-json\/wp\/v2\/product_tag?post=61470"}],"curies":[{"name":"wp","href":"https:\/\/api.w.org\/{rel}","templated":true}]}}