{"id":61480,"date":"2024-10-18T17:54:37","date_gmt":"2024-10-18T10:54:37","guid":{"rendered":"https:\/\/mouldking.store\/shop\/moc-factory-84403-clippy-with-85-pieces\/"},"modified":"2025-12-16T20:59:00","modified_gmt":"2025-12-16T13:59:00","slug":"moc-factory-84403-clippy-with-85-pieces","status":"publish","type":"product","link":"https:\/\/mouldking.store\/hu\/shop\/moc-factory-84403-clippy-with-85-pieces\/","title":{"rendered":"MOC Factory 84403 Clippy with 85 Pieces"},"content":{"rendered":"<div>\u2705 MOC-84403 Clippy<\/p>\n<p>\u2705<strong>Clippy<\/strong>, officially known as <strong>Clippit<\/strong>, is a virtual assistant created by Microsoft that gained notoriety as part of Microsoft Office from the late 1990s to the early 2000s. Clippy is an animated paperclip designed to help users with tasks in Microsoft Office applications, such as Word and Excel.&nbsp;<\/p>\n<p>\ud83d\udeab FONTOS!<\/p>\n<p>Product Name: Clippy<\/p>\n<p>Kateg\u00f3ria: Alkot\u00f3<\/p>\n<p>This Kit Contains: C10073<\/p>\n<p>85 pcs Good Quality Bricks<\/p>\n<p>Size: 8 x 8 x 18 cm<\/p>\n<p>S\u00faly: 0,07 kg<\/p>\n<p>PDF \u00datmutat\u00f3<\/p>\n<p>\ud83d\udcccA f\u0151szerepl\u0151 term\u00e9szete<\/p>\n<p>Introducing our proud collection named \u201cClippy\u201d you should not miss.<\/p>\n<p>Clippy is a cartoonish paperclip with large, expressive eyes and a small mouth, giving it a friendly, albeit somewhat annoying, personality.&nbsp; Clippy was designed to assist users by offering tips, shortcuts, and help with various tasks. It would pop up when a user seemed to be struggling with a feature or could benefit from assistance, often asking, &#8220;It looks like you&#8217;re writing a letter. Would you like help with that?&#8221;&nbsp; While Clippy aimed to enhance user experience, it quickly became infamous for being intrusive and overly eager. Many users found its frequent pop-ups and suggestions to be more annoying than helpful, leading to widespread criticism.&nbsp;<\/p><\/div>","protected":false},"excerpt":{"rendered":"<p>M\u00e1rka: MOC Factory<br \/>\nNem: Uniszex<br \/>\nKoroszt\u00e1ly: &gt; 6 \u00e9v<br \/>\nModel Number: 84403<br \/>\nBesorol\u00e1s: \u00d6sszeszerel\u00e9s<br \/>\nM\u0171anyag blokk forma: \u00f6nz\u00e1r\u00f3 t\u00e9gla<br \/>\nAnyaga: M\u0171anyag<br \/>\nM\u0171anyag t\u00edpus: ABS<br \/>\nBricks Blocks: 85 +<br \/>\nEredeti doboza nincs<br \/>\nA term\u00e9k nem tartalmaz MAtric\u00e1t \u00e9s NYOMTATOTT alkatr\u00e9szeket. Minden nyomtatott alkatr\u00e9szt szabv\u00e1nyos alkatr\u00e9szre cser\u00e9l\u00fcnk, \u00e9s nem j\u00e1r bev\u00e9tel harmadik f\u00e9lt\u0151l sz\u00e1rmaz\u00f3 tartoz\u00e9kokkal.<\/p>","protected":false},"featured_media":61479,"comment_status":"open","ping_status":"closed","template":"","meta":{"_acf_changed":false},"product_cat":[1365,371],"product_tag":[13641,11072,8452],"class_list":["product","first","instock","shipping-taxable","purchasable","product-type-simple"],"acf":[],"_links":{"self":[{"href":"https:\/\/mouldking.store\/hu\/wp-json\/wp\/v2\/product\/61480","targetHints":{"allow":["GET"]}}],"collection":[{"href":"https:\/\/mouldking.store\/hu\/wp-json\/wp\/v2\/product"}],"about":[{"href":"https:\/\/mouldking.store\/hu\/wp-json\/wp\/v2\/types\/product"}],"replies":[{"embeddable":true,"href":"https:\/\/mouldking.store\/hu\/wp-json\/wp\/v2\/comments?post=61480"}],"wp:featuredmedia":[{"embeddable":true,"href":"https:\/\/mouldking.store\/hu\/wp-json\/wp\/v2\/media\/61479"}],"wp:attachment":[{"href":"https:\/\/mouldking.store\/hu\/wp-json\/wp\/v2\/media?parent=61480"}],"wp:term":[{"taxonomy":"product_cat","embeddable":true,"href":"https:\/\/mouldking.store\/hu\/wp-json\/wp\/v2\/product_cat?post=61480"},{"taxonomy":"product_tag","embeddable":true,"href":"https:\/\/mouldking.store\/hu\/wp-json\/wp\/v2\/product_tag?post=61480"}],"curies":[{"name":"wp","href":"https:\/\/api.w.org\/{rel}","templated":true}]}}