{"id":61509,"date":"2024-10-22T18:21:56","date_gmt":"2024-10-22T11:21:56","guid":{"rendered":"https:\/\/mouldking.store\/shop\/moc-factory-61119-lancia-delta-hf-integrale-with-259-pieces\/"},"modified":"2025-12-16T20:59:00","modified_gmt":"2025-12-16T13:59:00","slug":"moc-factory-61119-lancia-delta-hf-integrale-with-259-pieces","status":"publish","type":"product","link":"https:\/\/mouldking.store\/hu\/shop\/moc-factory-61119-lancia-delta-hf-integrale-with-259-pieces\/","title":{"rendered":"MOC Factory 61119 Lancia Delta HF Integrale 259 darabos modell"},"content":{"rendered":"<div>\u2705 MOC-61119 Lancia Delta HF Integrale<\/p>\n<p>\u2705 The Lancia Delta HF Integrale is a legendary rally car known for its incredible performance, especially in the World Rally Championship (WRC) during the late 1980s and early 1990s. It is particularly iconic for its all-wheel-drive system, turbocharged engine, and aggressive styling. The Delta HF Integrale earned Lancia multiple WRC Constructors&#8217; Championships, cementing its place in motorsport history.&nbsp;<\/p>\n<p>\ud83d\udeab FONTOS!<\/p>\n<p>Product Name: Lancia Delta HF Integrale<\/p>\n<p>Kateg\u00f3ria: M\u0171szaki<\/p>\n<p>This Kit Contains: C10080<\/p>\n<p>259 pcs Good Quality Bricks<\/p>\n<p>Size: 12 x 8 x 8 cm<\/p>\n<p>PDF \u00datmutat\u00f3<\/p>\n<p>\ud83d\udcccA f\u0151szerepl\u0151 term\u00e9szete<\/p>\n<p>Introducing our proud collection named \u201cLancia Delta HF Integrale\u201d you should not miss.<\/p>\n<p>&nbsp;Turbocharged inline-4 engines, with power ranging from around 185 hp in the early versions to over 200 hp in later models.&nbsp; 5-speed manual, paired with an advanced all-wheel-drive system.&nbsp; A boxy yet aerodynamic design with wide fenders to accommodate the wider rally tires, adding to its distinct look.&nbsp; Dominated the WRC from 1987 to 1992, winning six consecutive Constructors&#8217; Championships and several Drivers&#8217; Championships.&nbsp;<\/p><\/div>","protected":false},"excerpt":{"rendered":"<p>M\u00e1rka: MOC Factory<br \/>\nNem: Uniszex<br \/>\nKoroszt\u00e1ly: &gt; 6 \u00e9v<br \/>\nModel Number: 61119<br \/>\nBesorol\u00e1s: \u00d6sszeszerel\u00e9s<br \/>\nM\u0171anyag blokk forma: \u00f6nz\u00e1r\u00f3 t\u00e9gla<br \/>\nAnyaga: M\u0171anyag<br \/>\nM\u0171anyag t\u00edpus: ABS<br \/>\nBricks Blocks: 259 +<br \/>\nEredeti doboza nincs<br \/>\nA term\u00e9k nem tartalmaz MAtric\u00e1t \u00e9s NYOMTATOTT alkatr\u00e9szeket. Minden nyomtatott alkatr\u00e9szt szabv\u00e1nyos alkatr\u00e9szre cser\u00e9l\u00fcnk, \u00e9s nem j\u00e1r bev\u00e9tel harmadik f\u00e9lt\u0151l sz\u00e1rmaz\u00f3 tartoz\u00e9kokkal.<\/p>","protected":false},"featured_media":61508,"comment_status":"open","ping_status":"closed","template":"","meta":{"_acf_changed":false},"product_cat":[1360,1357,364,1875],"product_tag":[457,13490,13644,389,11080],"class_list":["product","first","instock","shipping-taxable","purchasable","product-type-simple"],"acf":[],"_links":{"self":[{"href":"https:\/\/mouldking.store\/hu\/wp-json\/wp\/v2\/product\/61509","targetHints":{"allow":["GET"]}}],"collection":[{"href":"https:\/\/mouldking.store\/hu\/wp-json\/wp\/v2\/product"}],"about":[{"href":"https:\/\/mouldking.store\/hu\/wp-json\/wp\/v2\/types\/product"}],"replies":[{"embeddable":true,"href":"https:\/\/mouldking.store\/hu\/wp-json\/wp\/v2\/comments?post=61509"}],"wp:featuredmedia":[{"embeddable":true,"href":"https:\/\/mouldking.store\/hu\/wp-json\/wp\/v2\/media\/61508"}],"wp:attachment":[{"href":"https:\/\/mouldking.store\/hu\/wp-json\/wp\/v2\/media?parent=61509"}],"wp:term":[{"taxonomy":"product_cat","embeddable":true,"href":"https:\/\/mouldking.store\/hu\/wp-json\/wp\/v2\/product_cat?post=61509"},{"taxonomy":"product_tag","embeddable":true,"href":"https:\/\/mouldking.store\/hu\/wp-json\/wp\/v2\/product_tag?post=61509"}],"curies":[{"name":"wp","href":"https:\/\/api.w.org\/{rel}","templated":true}]}}