{"id":61525,"date":"2024-10-22T18:22:22","date_gmt":"2024-10-22T11:22:22","guid":{"rendered":"https:\/\/mouldking.store\/shop\/moc-factory-171047-church-st-josephs-memorial-church-with-3118-pieces\/"},"modified":"2025-12-16T20:59:00","modified_gmt":"2025-12-16T13:59:00","slug":"moc-factory-171047-church-st-josephs-memorial-church-with-3118-pieces","status":"publish","type":"product","link":"https:\/\/mouldking.store\/hu\/shop\/moc-factory-171047-church-st-josephs-memorial-church-with-3118-pieces\/","title":{"rendered":"MOC Factory 171047 Church St. Joseph&#8217;s Memorial Church with 3118 Pieces"},"content":{"rendered":"<div>\u2705 MOC-171047 Church St. Joseph&#8217;s Memorial Church<\/p>\n<p>\u2705These churches often feature traditional Christian architecture, which may include Romanesque, Gothic, or Baroque styles. Many of these churches have bell towers, stained glass windows depicting scenes from the life of St. Joseph, and elaborate altars dedicated to him. The interiors are often designed to evoke a sense of reverence and are filled with religious symbols and artworks.<\/p>\n<p>\ud83d\udeab FONTOS!<\/p>\n<p>Product Name: Church St. Joseph&#8217;s Memorial Church<\/p>\n<p>Kateg\u00f3ria: Modul\u00e1ris \u00e9p\u00fclet<\/p>\n<p>This Kit Contains: C10088<\/p>\n<p>3118&nbsp; pcs Good Quality Bricks<\/p>\n<p>Size: 32 x 32 x 70 cm<\/p>\n<p>Weight: 2.38 kg<\/p>\n<p>PDF \u00datmutat\u00f3<\/p>\n<p>\ud83d\udcccA f\u0151szerepl\u0151 term\u00e9szete<\/p>\n<p>Introducing our proud collection named \u201cChurch St. Joseph&#8217;s Memorial Church\u201d you should not miss.<\/p>\n<p>&nbsp;St. Joseph, being the foster father of Jesus and the patron saint of workers and families, is typically honored in these churches. The church may also hold memorials or dedications to local saints, martyrs, or prominent figures in its community&#8217;s history.&nbsp;<\/p><\/div>","protected":false},"excerpt":{"rendered":"<p>M\u00e1rka: MOC Factory<br \/>\nNem: Uniszex<br \/>\nKoroszt\u00e1ly: &gt; 6 \u00e9v<br \/>\nModel Number: 171047<br \/>\nBesorol\u00e1s: \u00d6sszeszerel\u00e9s<br \/>\nM\u0171anyag blokk forma: \u00f6nz\u00e1r\u00f3 t\u00e9gla<br \/>\nAnyaga: M\u0171anyag<br \/>\nM\u0171anyag t\u00edpus: ABS<br \/>\nBricks Blocks: 3118 +<br \/>\nEredeti doboza nincs<br \/>\nA term\u00e9k nem tartalmaz MAtric\u00e1t \u00e9s NYOMTATOTT alkatr\u00e9szeket. Minden nyomtatott alkatr\u00e9szt szabv\u00e1nyos alkatr\u00e9szre cser\u00e9l\u00fcnk, \u00e9s nem j\u00e1r bev\u00e9tel harmadik f\u00e9lt\u0151l sz\u00e1rmaz\u00f3 tartoz\u00e9kokkal.<\/p>","protected":false},"featured_media":61524,"comment_status":"open","ping_status":"closed","template":"","meta":{"_acf_changed":false},"product_cat":[1395,1502,390],"product_tag":[13648,727,4977,4883,13647,11254,392],"class_list":["product","first","instock","shipping-taxable","purchasable","product-type-simple"],"acf":[],"_links":{"self":[{"href":"https:\/\/mouldking.store\/hu\/wp-json\/wp\/v2\/product\/61525","targetHints":{"allow":["GET"]}}],"collection":[{"href":"https:\/\/mouldking.store\/hu\/wp-json\/wp\/v2\/product"}],"about":[{"href":"https:\/\/mouldking.store\/hu\/wp-json\/wp\/v2\/types\/product"}],"replies":[{"embeddable":true,"href":"https:\/\/mouldking.store\/hu\/wp-json\/wp\/v2\/comments?post=61525"}],"wp:featuredmedia":[{"embeddable":true,"href":"https:\/\/mouldking.store\/hu\/wp-json\/wp\/v2\/media\/61524"}],"wp:attachment":[{"href":"https:\/\/mouldking.store\/hu\/wp-json\/wp\/v2\/media?parent=61525"}],"wp:term":[{"taxonomy":"product_cat","embeddable":true,"href":"https:\/\/mouldking.store\/hu\/wp-json\/wp\/v2\/product_cat?post=61525"},{"taxonomy":"product_tag","embeddable":true,"href":"https:\/\/mouldking.store\/hu\/wp-json\/wp\/v2\/product_tag?post=61525"}],"curies":[{"name":"wp","href":"https:\/\/api.w.org\/{rel}","templated":true}]}}