{"id":61538,"date":"2024-10-22T18:22:38","date_gmt":"2024-10-22T11:22:38","guid":{"rendered":"https:\/\/mouldking.store\/shop\/moc-factory-89087-gorilla-tag-7-with-334-pieces\/"},"modified":"2025-12-16T20:59:00","modified_gmt":"2025-12-16T13:59:00","slug":"moc-factory-89087-gorilla-tag-7-with-334-pieces","status":"publish","type":"product","link":"https:\/\/mouldking.store\/hu\/shop\/moc-factory-89087-gorilla-tag-7-with-334-pieces\/","title":{"rendered":"MOC Factory 89087 Gorilla Tag 7 with 334 Pieces"},"content":{"rendered":"<div>\u2705 MOC-89087 Gorilla Tag 7<\/p>\n<p>\u2705<em>Gorilla Tag<\/em> is a unique, multiplayer VR game where players embody gorillas and move through the game world by swinging their arms, much like real gorillas. The game\u2019s mechanics are purely based on physical movement\u2014there are no joysticks for movement, which makes it an active and immersive experience. <\/p>\n<p>\ud83d\udeab FONTOS!<\/p>\n<p>Product Name: Gorilla Tag 7<\/p>\n<p>Category: Game<\/p>\n<p>This Kit Contains: C10091Y02<\/p>\n<p>334 pcs Good Quality Bricks<\/p>\n<p>Size: 11.7 x 3 x 6.7 cm<\/p>\n<p>Weight: 0.13 kg<\/p>\n<p>PDF \u00datmutat\u00f3<\/p>\n<p>\ud83d\udcccA f\u0151szerepl\u0151 term\u00e9szete<\/p>\n<p>Introducing our proud collection named \u201cGorilla Tag 7ou should not miss.<\/p>\n<p><em>Gorilla Tag<\/em> is simple but addictive, offering a unique physical challenge in VR. It&#8217;s available on Meta Quest, SteamVR, and other platforms.&nbsp;<\/div>","protected":false},"excerpt":{"rendered":"<p>M\u00e1rka: MOC Factory<br \/>\nNem: Uniszex<br \/>\nKoroszt\u00e1ly: &gt; 6 \u00e9v<br \/>\nModel Number: 89087<br \/>\nBesorol\u00e1s: \u00d6sszeszerel\u00e9s<br \/>\nM\u0171anyag blokk forma: \u00f6nz\u00e1r\u00f3 t\u00e9gla<br \/>\nAnyaga: M\u0171anyag<br \/>\nM\u0171anyag t\u00edpus: ABS<br \/>\nBricks Blocks: 334 +<br \/>\nEredeti doboza nincs<br \/>\nA term\u00e9k nem tartalmaz MAtric\u00e1t \u00e9s NYOMTATOTT alkatr\u00e9szeket. Minden nyomtatott alkatr\u00e9szt szabv\u00e1nyos alkatr\u00e9szre cser\u00e9l\u00fcnk, \u00e9s nem j\u00e1r bev\u00e9tel harmadik f\u00e9lt\u0151l sz\u00e1rmaz\u00f3 tartoz\u00e9kokkal.<\/p>","protected":false},"featured_media":61537,"comment_status":"open","ping_status":"closed","template":"","meta":{"_acf_changed":false},"product_cat":[1365,1769,371],"product_tag":[11072,11775,8452,9139,13645,13646],"class_list":["product","first","instock","shipping-taxable","purchasable","product-type-simple"],"acf":[],"_links":{"self":[{"href":"https:\/\/mouldking.store\/hu\/wp-json\/wp\/v2\/product\/61538","targetHints":{"allow":["GET"]}}],"collection":[{"href":"https:\/\/mouldking.store\/hu\/wp-json\/wp\/v2\/product"}],"about":[{"href":"https:\/\/mouldking.store\/hu\/wp-json\/wp\/v2\/types\/product"}],"replies":[{"embeddable":true,"href":"https:\/\/mouldking.store\/hu\/wp-json\/wp\/v2\/comments?post=61538"}],"wp:featuredmedia":[{"embeddable":true,"href":"https:\/\/mouldking.store\/hu\/wp-json\/wp\/v2\/media\/61537"}],"wp:attachment":[{"href":"https:\/\/mouldking.store\/hu\/wp-json\/wp\/v2\/media?parent=61538"}],"wp:term":[{"taxonomy":"product_cat","embeddable":true,"href":"https:\/\/mouldking.store\/hu\/wp-json\/wp\/v2\/product_cat?post=61538"},{"taxonomy":"product_tag","embeddable":true,"href":"https:\/\/mouldking.store\/hu\/wp-json\/wp\/v2\/product_tag?post=61538"}],"curies":[{"name":"wp","href":"https:\/\/api.w.org\/{rel}","templated":true}]}}