{"id":61561,"date":"2024-10-22T18:23:43","date_gmt":"2024-10-22T11:23:43","guid":{"rendered":"https:\/\/mouldking.store\/shop\/moc-factory-89085-resident-evil-village-with-956-pieces\/"},"modified":"2025-12-16T20:58:59","modified_gmt":"2025-12-16T13:58:59","slug":"moc-factory-89085-resident-evil-village-with-956-pieces","status":"publish","type":"product","link":"https:\/\/mouldking.store\/hu\/shop\/moc-factory-89085-resident-evil-village-with-956-pieces\/","title":{"rendered":"MOC Factory 89085 Resident Evil Village with 956 Pieces"},"content":{"rendered":"<div>\u2705 MOC-89085 Resident Evil Village<\/p>\n<p>\u2705<strong>Resident Evil Village<\/strong> is the eighth main entry in the <em>Resident Evil<\/em> video game series, developed by Capcom and released in May 2021. It follows the story of Ethan Winters, the protagonist from <em>Resident Evil 7: Biohazard<\/em>, as he navigates a mysterious European village to rescue his kidnapped daughter, Rosemary.&nbsp;<\/p>\n<p>\ud83d\udeab FONTOS!<\/p>\n<p>Product Name: Resident Evil Village<\/p>\n<p>Category: Game<\/p>\n<p>This Kit Contains: C10145<\/p>\n<p>956 pcs Good Quality Bricks<\/p>\n<p>Size: 35.4 x 29.8 x 23.7 cm<\/p>\n<p>Weight: 0.97 kg<\/p>\n<p>PDF \u00datmutat\u00f3<\/p>\n<p>\ud83d\udcccA f\u0151szerepl\u0151 term\u00e9szete<\/p>\n<p>Introducing our proud collection named \u201cResident Evil Village\u201d you should not miss.<\/p>\n<p>The game is set in a gothic, European village filled with dark forests, castles, and other eerie locales. The atmosphere is heavily influenced by classic horror, with a blend of medieval, gothic, and modern elements. Ethan encounters a variety of powerful enemies, including the now-famous Lady Dimitrescu, a tall, vampiric aristocrat who rules over Castle Dimitrescu. The game\u2019s other lords, such as Karl Heisenberg, Donna Beneviento, and Salvatore Moreau, each control different areas of the village and pose unique challenges.&nbsp;<\/p><\/div>","protected":false},"excerpt":{"rendered":"<p>M\u00e1rka: MOC Factory<br \/>\nNem: Uniszex<br \/>\nKoroszt\u00e1ly: &gt; 6 \u00e9v<br \/>\nModel Number: 89085<br \/>\nBesorol\u00e1s: \u00d6sszeszerel\u00e9s<br \/>\nM\u0171anyag blokk forma: \u00f6nz\u00e1r\u00f3 t\u00e9gla<br \/>\nAnyaga: M\u0171anyag<br \/>\nM\u0171anyag t\u00edpus: ABS<br \/>\nBricks Blocks: 956 +<br \/>\nEredeti doboza nincs<br \/>\nA term\u00e9k nem tartalmaz MAtric\u00e1t \u00e9s NYOMTATOTT alkatr\u00e9szeket. Minden nyomtatott alkatr\u00e9szt szabv\u00e1nyos alkatr\u00e9szre cser\u00e9l\u00fcnk, \u00e9s nem j\u00e1r bev\u00e9tel harmadik f\u00e9lt\u0151l sz\u00e1rmaz\u00f3 tartoz\u00e9kokkal.<\/p>","protected":false},"featured_media":61560,"comment_status":"open","ping_status":"closed","template":"","meta":{"_acf_changed":false},"product_cat":[1365,1395,1769,371,390],"product_tag":[11072,8452,9139,11099,392,13650,6373],"class_list":["product","first","instock","shipping-taxable","purchasable","product-type-simple"],"acf":[],"_links":{"self":[{"href":"https:\/\/mouldking.store\/hu\/wp-json\/wp\/v2\/product\/61561","targetHints":{"allow":["GET"]}}],"collection":[{"href":"https:\/\/mouldking.store\/hu\/wp-json\/wp\/v2\/product"}],"about":[{"href":"https:\/\/mouldking.store\/hu\/wp-json\/wp\/v2\/types\/product"}],"replies":[{"embeddable":true,"href":"https:\/\/mouldking.store\/hu\/wp-json\/wp\/v2\/comments?post=61561"}],"wp:featuredmedia":[{"embeddable":true,"href":"https:\/\/mouldking.store\/hu\/wp-json\/wp\/v2\/media\/61560"}],"wp:attachment":[{"href":"https:\/\/mouldking.store\/hu\/wp-json\/wp\/v2\/media?parent=61561"}],"wp:term":[{"taxonomy":"product_cat","embeddable":true,"href":"https:\/\/mouldking.store\/hu\/wp-json\/wp\/v2\/product_cat?post=61561"},{"taxonomy":"product_tag","embeddable":true,"href":"https:\/\/mouldking.store\/hu\/wp-json\/wp\/v2\/product_tag?post=61561"}],"curies":[{"name":"wp","href":"https:\/\/api.w.org\/{rel}","templated":true}]}}