{"id":61573,"date":"2024-10-22T18:23:59","date_gmt":"2024-10-22T11:23:59","guid":{"rendered":"https:\/\/mouldking.store\/shop\/moc-factory-136225-horizon-zero-dawn-forbidden-west-thunderjaw-with-2171-pieces\/"},"modified":"2025-12-16T20:58:59","modified_gmt":"2025-12-16T13:58:59","slug":"moc-factory-136225-horizon-zero-dawn-forbidden-west-thunderjaw-with-2171-pieces","status":"publish","type":"product","link":"https:\/\/mouldking.store\/hu\/shop\/moc-factory-136225-horizon-zero-dawn-forbidden-west-thunderjaw-with-2171-pieces\/","title":{"rendered":"MOC Factory 136225 Horizon: Zero Dawn: Tiltott Nyugat: Thunderjaw 2171 darabbal"},"content":{"rendered":"<div>\u2705 MOC-136225 Horizon Zero Dawn Forbidden West Thunderjaw<\/p>\n<p>\u2705 In <em>Horizon Zero Dawn<\/em> and its sequel <em>Horizont Tiltott Nyugat<\/em>, the <strong>Thunderjaw<\/strong> is one of the most fearsome and iconic machine enemies. It is a massive, T-Rex-like machine equipped with a variety of powerful weapons, making it a formidable challenge for players.<\/p>\n<p>\ud83d\udeab FONTOS!<\/p>\n<p>Product Name: Horizon Zero Dawn Forbidden West Thunderjaw<\/p>\n<p>Category: Game<\/p>\n<p>This Kit Contains: C9366<\/p>\n<p>2171 pcs Good Quality Bricks<\/p>\n<p>Size: 43.4 x 33 x 31.9 cm<\/p>\n<p>Weight: 1.32 kg<\/p>\n<p>PDF \u00datmutat\u00f3<\/p>\n<p>\ud83d\udcccA f\u0151szerepl\u0151 term\u00e9szete<\/p>\n<p>Introducing our proud collection named \u201cHorizon Zero Dawn Forbidden West Thunderjaw\u201d you should not miss.<\/p>\n<p>In <em>Forbidden West<\/em>, the Thunderjaw returns with updated visuals and enhanced AI, making encounters with it even more intense. It remains one of the most dangerous machines in both games, offering a thrilling challenge for players.&nbsp;<\/div>","protected":false},"excerpt":{"rendered":"<p>M\u00e1rka: MOC Factory<br \/>\nNem: Uniszex<br \/>\nKoroszt\u00e1ly: &gt; 6 \u00e9v<br \/>\nModel Number: 136225<br \/>\nBesorol\u00e1s: \u00d6sszeszerel\u00e9s<br \/>\nM\u0171anyag blokk forma: \u00f6nz\u00e1r\u00f3 t\u00e9gla<br \/>\nAnyaga: M\u0171anyag<br \/>\nM\u0171anyag t\u00edpus: ABS<br \/>\nBricks Blocks: 2171 +<br \/>\nEredeti doboza nincs<br \/>\nA term\u00e9k nem tartalmaz MAtric\u00e1t \u00e9s NYOMTATOTT alkatr\u00e9szeket. Minden nyomtatott alkatr\u00e9szt szabv\u00e1nyos alkatr\u00e9szre cser\u00e9l\u00fcnk, \u00e9s nem j\u00e1r bev\u00e9tel harmadik f\u00e9lt\u0151l sz\u00e1rmaz\u00f3 tartoz\u00e9kokkal.<\/p>","protected":false},"featured_media":61572,"comment_status":"open","ping_status":"closed","template":"","meta":{"_acf_changed":false},"product_cat":[1365,1769,371],"product_tag":[11072,8452,9009,9815,9139,8168,4220,8965,9008],"class_list":["product","first","instock","shipping-taxable","purchasable","product-type-simple"],"acf":[],"_links":{"self":[{"href":"https:\/\/mouldking.store\/hu\/wp-json\/wp\/v2\/product\/61573","targetHints":{"allow":["GET"]}}],"collection":[{"href":"https:\/\/mouldking.store\/hu\/wp-json\/wp\/v2\/product"}],"about":[{"href":"https:\/\/mouldking.store\/hu\/wp-json\/wp\/v2\/types\/product"}],"replies":[{"embeddable":true,"href":"https:\/\/mouldking.store\/hu\/wp-json\/wp\/v2\/comments?post=61573"}],"wp:featuredmedia":[{"embeddable":true,"href":"https:\/\/mouldking.store\/hu\/wp-json\/wp\/v2\/media\/61572"}],"wp:attachment":[{"href":"https:\/\/mouldking.store\/hu\/wp-json\/wp\/v2\/media?parent=61573"}],"wp:term":[{"taxonomy":"product_cat","embeddable":true,"href":"https:\/\/mouldking.store\/hu\/wp-json\/wp\/v2\/product_cat?post=61573"},{"taxonomy":"product_tag","embeddable":true,"href":"https:\/\/mouldking.store\/hu\/wp-json\/wp\/v2\/product_tag?post=61573"}],"curies":[{"name":"wp","href":"https:\/\/api.w.org\/{rel}","templated":true}]}}