{"id":61614,"date":"2024-10-22T18:25:47","date_gmt":"2024-10-22T11:25:47","guid":{"rendered":"https:\/\/mouldking.store\/shop\/moc-factory-89082-ornithopter-with-1085-pieces\/"},"modified":"2025-12-16T20:58:59","modified_gmt":"2025-12-16T13:58:59","slug":"moc-factory-89082-ornithopter-with-1085-pieces","status":"publish","type":"product","link":"https:\/\/mouldking.store\/hu\/shop\/moc-factory-89082-ornithopter-with-1085-pieces\/","title":{"rendered":"MOC Factory 89082 Ornitopter 1085 darabbal"},"content":{"rendered":"<div>\u2705 MOC-89082 Ornithopter<\/p>\n<p>\u2705 An <strong>ornithopter<\/strong> is a type of aircraft that achieves flight by flapping its wings, mimicking the flight mechanics of birds, bats, and insects. The term comes from the Greek words <em>ornithos<\/em> (meaning &#8220;bird&#8221;) and <em>pteron<\/em> (meaning &#8220;wing&#8221;). Ornithopters can be designed for various purposes, including scientific research, recreation, and even military applications.&nbsp;<\/p>\n<p>\ud83d\udeab FONTOS!<\/p>\n<p>Product Name: Ornithopter<\/p>\n<p>Kateg\u00f3ria: Katonai<\/p>\n<p>This Kit Contains: F-C9865<\/p>\n<p>1085 pcs Good Quality Bricks<\/p>\n<p>Size: 24 x 24 x 9 cm<\/p>\n<p>Weight: 1.31 kg<\/p>\n<p>PDF \u00datmutat\u00f3<\/p>\n<p>\ud83d\udcccA f\u0151szerepl\u0151 term\u00e9szete<\/p>\n<p>Introducing our proud collection named \u201cOrnithopter\u201d you should not miss.<\/p>\n<p>The concept of the ornithopter has fascinated inventors and dreamers for centuries. One of the earliest designs was created by Leonardo da Vinci in the late 15th century. Although his designs were never realized in his lifetime, they laid the groundwork for future explorations into human flight.&nbsp; Modern ornithopters continue to be a subject of interest in both aviation and robotics, offering insights into biomimicry and innovative design principles.&nbsp;<\/p><\/div>","protected":false},"excerpt":{"rendered":"<p>M\u00e1rka: MOC Factory<br \/>\nNem: Uniszex<br \/>\nKoroszt\u00e1ly: &gt; 6 \u00e9v<br \/>\nModel Number: 89082<br \/>\nBesorol\u00e1s: \u00d6sszeszerel\u00e9s<br \/>\nM\u0171anyag blokk forma: \u00f6nz\u00e1r\u00f3 t\u00e9gla<br \/>\nAnyaga: M\u0171anyag<br \/>\nM\u0171anyag t\u00edpus: ABS<br \/>\nBricks Blocks: 1085 +<br \/>\nEredeti doboza nincs<br \/>\nA term\u00e9k nem tartalmaz MAtric\u00e1t \u00e9s NYOMTATOTT alkatr\u00e9szeket. Minden nyomtatott alkatr\u00e9szt szabv\u00e1nyos alkatr\u00e9szre cser\u00e9l\u00fcnk, \u00e9s nem j\u00e1r bev\u00e9tel harmadik f\u00e9lt\u0151l sz\u00e1rmaz\u00f3 tartoz\u00e9kokkal.<\/p>","protected":false},"featured_media":61613,"comment_status":"open","ping_status":"closed","template":"","meta":{"_acf_changed":false},"product_cat":[1350,1357,372,364],"product_tag":[5271,13654,374,13653,389],"class_list":["product","first","instock","shipping-taxable","purchasable","product-type-simple"],"acf":[],"_links":{"self":[{"href":"https:\/\/mouldking.store\/hu\/wp-json\/wp\/v2\/product\/61614","targetHints":{"allow":["GET"]}}],"collection":[{"href":"https:\/\/mouldking.store\/hu\/wp-json\/wp\/v2\/product"}],"about":[{"href":"https:\/\/mouldking.store\/hu\/wp-json\/wp\/v2\/types\/product"}],"replies":[{"embeddable":true,"href":"https:\/\/mouldking.store\/hu\/wp-json\/wp\/v2\/comments?post=61614"}],"wp:featuredmedia":[{"embeddable":true,"href":"https:\/\/mouldking.store\/hu\/wp-json\/wp\/v2\/media\/61613"}],"wp:attachment":[{"href":"https:\/\/mouldking.store\/hu\/wp-json\/wp\/v2\/media?parent=61614"}],"wp:term":[{"taxonomy":"product_cat","embeddable":true,"href":"https:\/\/mouldking.store\/hu\/wp-json\/wp\/v2\/product_cat?post=61614"},{"taxonomy":"product_tag","embeddable":true,"href":"https:\/\/mouldking.store\/hu\/wp-json\/wp\/v2\/product_tag?post=61614"}],"curies":[{"name":"wp","href":"https:\/\/api.w.org\/{rel}","templated":true}]}}