{"id":61641,"date":"2024-10-24T18:09:41","date_gmt":"2024-10-24T11:09:41","guid":{"rendered":"https:\/\/mouldking.store\/shop\/moc-factory-89080-moana-pet-pig-with-368-pieces\/"},"modified":"2025-12-16T20:58:59","modified_gmt":"2025-12-16T13:58:59","slug":"moc-factory-89080-moana-pet-pig-with-368-pieces","status":"publish","type":"product","link":"https:\/\/mouldking.store\/hu\/shop\/moc-factory-89080-moana-pet-pig-with-368-pieces\/","title":{"rendered":"MOC Factory 89080 Moana Pet Pig with 368 Pieces"},"content":{"rendered":"<div>\u2705 MOC-89080 Moana Pet Pig<\/p>\n<p>\u2705 Moana\u2019s pet pig is named <strong>Pua<\/strong>, a sweet and adorable side character in the movie <em>Moana<\/em>.<\/p>\n<p>\ud83d\udeab FONTOS!<\/p>\n<p>Product Name: Moana Pet Pig<\/p>\n<p>Kateg\u00f3ria: Film<\/p>\n<p>This Kit Contains: C10048<\/p>\n<p>368 pcs Good Quality Bricks<\/p>\n<p>Size: 10cm<\/p>\n<p>PDF \u00datmutat\u00f3<\/p>\n<p>\ud83d\udcccA f\u0151szerepl\u0151 term\u00e9szete<\/p>\n<p>Introducing our proud collection named \u201cMoana Pet Pig\u201d you should not miss.<\/p>\n<p>Pua is a <strong>small, pot-bellied pig<\/strong> with a soft, round face, big, expressive eyes, and a playful, innocent demeanor. His <strong>fur<\/strong> is primarily white with a few dark gray patches, including a prominent one over his left eye, giving him a unique and charming appearance. His ears are large and floppy, adding to his cuteness, and he has a curly pig tail that wiggles when he&#8217;s happy or excited.&nbsp;<\/div>","protected":false},"excerpt":{"rendered":"<p>M\u00e1rka: MOC Factory<br \/>\nNem: Uniszex<br \/>\nKoroszt\u00e1ly: &gt; 6 \u00e9v<br \/>\nModel Number: 89080<br \/>\nBesorol\u00e1s: \u00d6sszeszerel\u00e9s<br \/>\nM\u0171anyag blokk forma: \u00f6nz\u00e1r\u00f3 t\u00e9gla<br \/>\nAnyaga: M\u0171anyag<br \/>\nM\u0171anyag t\u00edpus: ABS<br \/>\nBricks Blocks: 368 +<br \/>\nEredeti doboza nincs<br \/>\nA term\u00e9k nem tartalmaz MAtric\u00e1t \u00e9s NYOMTATOTT alkatr\u00e9szeket. Minden nyomtatott alkatr\u00e9szt szabv\u00e1nyos alkatr\u00e9szre cser\u00e9l\u00fcnk, \u00e9s nem j\u00e1r bev\u00e9tel harmadik f\u00e9lt\u0151l sz\u00e1rmaz\u00f3 tartoz\u00e9kokkal.<\/p>","protected":false},"featured_media":61640,"comment_status":"open","ping_status":"closed","template":"","meta":{"_acf_changed":false},"product_cat":[1365,371,581,1408],"product_tag":[11072,11775,8452,13612,434,12096,13656],"class_list":["product","first","instock","shipping-taxable","purchasable","product-type-simple"],"acf":[],"_links":{"self":[{"href":"https:\/\/mouldking.store\/hu\/wp-json\/wp\/v2\/product\/61641","targetHints":{"allow":["GET"]}}],"collection":[{"href":"https:\/\/mouldking.store\/hu\/wp-json\/wp\/v2\/product"}],"about":[{"href":"https:\/\/mouldking.store\/hu\/wp-json\/wp\/v2\/types\/product"}],"replies":[{"embeddable":true,"href":"https:\/\/mouldking.store\/hu\/wp-json\/wp\/v2\/comments?post=61641"}],"wp:featuredmedia":[{"embeddable":true,"href":"https:\/\/mouldking.store\/hu\/wp-json\/wp\/v2\/media\/61640"}],"wp:attachment":[{"href":"https:\/\/mouldking.store\/hu\/wp-json\/wp\/v2\/media?parent=61641"}],"wp:term":[{"taxonomy":"product_cat","embeddable":true,"href":"https:\/\/mouldking.store\/hu\/wp-json\/wp\/v2\/product_cat?post=61641"},{"taxonomy":"product_tag","embeddable":true,"href":"https:\/\/mouldking.store\/hu\/wp-json\/wp\/v2\/product_tag?post=61641"}],"curies":[{"name":"wp","href":"https:\/\/api.w.org\/{rel}","templated":true}]}}