{"id":61649,"date":"2024-10-24T18:09:51","date_gmt":"2024-10-24T11:09:51","guid":{"rendered":"https:\/\/mouldking.store\/shop\/moc-factory-172184-indiana-jones-lost-temple-with-1424-pieces\/"},"modified":"2025-12-16T20:58:59","modified_gmt":"2025-12-16T13:58:59","slug":"moc-factory-172184-indiana-jones-lost-temple-with-1424-pieces","status":"publish","type":"product","link":"https:\/\/mouldking.store\/hu\/shop\/moc-factory-172184-indiana-jones-lost-temple-with-1424-pieces\/","title":{"rendered":"MOC Factory 172184 Indiana Jones Lost Temple with 1424 Pieces"},"content":{"rendered":"<div>\u2705 MOC-172184 Indiana Jones Lost Temple<\/p>\n<p>\u2705 A <strong>Indiana Jones Lost Temple<\/strong> conjures images of ancient, mysterious ruins, full of adventure, danger, and hidden treasures, much like the settings from the <em>Indiana Jones<\/em> film series.<\/p>\n<p>\ud83d\udeab FONTOS!<\/p>\n<p>Product Name: Indiana Jones Lost Temple<\/p>\n<p>Kateg\u00f3ria: Modul\u00e1ris \u00e9p\u00fclet<\/p>\n<p>This Kit Contains: C10060<\/p>\n<p>1424 pcs Good Quality Bricks<\/p>\n<p>Size: 26 x 26 x 36cm<\/p>\n<p>PDF \u00datmutat\u00f3<\/p>\n<p>\ud83d\udcccA f\u0151szerepl\u0151 term\u00e9szete<\/p>\n<p>Introducing our proud collection named \u201cIndiana Jones Lost Temple\u201d you should not miss.<\/p>\n<p>The temple is located deep within a dense, tropical <strong>jungle<\/strong>, hidden from view by thick vines, towering trees, and moss-covered stone structures. The entrance is partially crumbled but still imposing, framed by large stone columns or carved statues of ancient gods or animals, often with a menacing, worn-down look. The entrance is dark and foreboding, with shadows casting eerie shapes along the walls.&nbsp;<\/div>","protected":false},"excerpt":{"rendered":"<p>M\u00e1rka: MOC Factory<br \/>\nNem: Uniszex<br \/>\nKoroszt\u00e1ly: &gt; 6 \u00e9v<br \/>\nModel Number: 172184<br \/>\nBesorol\u00e1s: \u00d6sszeszerel\u00e9s<br \/>\nM\u0171anyag blokk forma: \u00f6nz\u00e1r\u00f3 t\u00e9gla<br \/>\nAnyaga: M\u0171anyag<br \/>\nM\u0171anyag t\u00edpus: ABS<br \/>\nBricks Blocks: 1424 +<br \/>\nEredeti doboza nincs<br \/>\nA term\u00e9k nem tartalmaz MAtric\u00e1t \u00e9s NYOMTATOTT alkatr\u00e9szeket. Minden nyomtatott alkatr\u00e9szt szabv\u00e1nyos alkatr\u00e9szre cser\u00e9l\u00fcnk, \u00e9s nem j\u00e1r bev\u00e9tel harmadik f\u00e9lt\u0151l sz\u00e1rmaz\u00f3 tartoz\u00e9kokkal.<\/p>","protected":false},"featured_media":61648,"comment_status":"open","ping_status":"closed","template":"","meta":{"_acf_changed":false},"product_cat":[1395,1502,390],"product_tag":[4883,13545,3492,392,11001],"class_list":["product","first","instock","shipping-taxable","purchasable","product-type-simple"],"acf":[],"_links":{"self":[{"href":"https:\/\/mouldking.store\/hu\/wp-json\/wp\/v2\/product\/61649","targetHints":{"allow":["GET"]}}],"collection":[{"href":"https:\/\/mouldking.store\/hu\/wp-json\/wp\/v2\/product"}],"about":[{"href":"https:\/\/mouldking.store\/hu\/wp-json\/wp\/v2\/types\/product"}],"replies":[{"embeddable":true,"href":"https:\/\/mouldking.store\/hu\/wp-json\/wp\/v2\/comments?post=61649"}],"wp:featuredmedia":[{"embeddable":true,"href":"https:\/\/mouldking.store\/hu\/wp-json\/wp\/v2\/media\/61648"}],"wp:attachment":[{"href":"https:\/\/mouldking.store\/hu\/wp-json\/wp\/v2\/media?parent=61649"}],"wp:term":[{"taxonomy":"product_cat","embeddable":true,"href":"https:\/\/mouldking.store\/hu\/wp-json\/wp\/v2\/product_cat?post=61649"},{"taxonomy":"product_tag","embeddable":true,"href":"https:\/\/mouldking.store\/hu\/wp-json\/wp\/v2\/product_tag?post=61649"}],"curies":[{"name":"wp","href":"https:\/\/api.w.org\/{rel}","templated":true}]}}