{"id":61657,"date":"2024-10-24T18:10:05","date_gmt":"2024-10-24T11:10:05","guid":{"rendered":"https:\/\/mouldking.store\/shop\/moc-factory-136023-star-wars-u-wing-with-899-pieces\/"},"modified":"2025-12-16T20:58:59","modified_gmt":"2025-12-16T13:58:59","slug":"moc-factory-136023-star-wars-u-wing-with-899-pieces","status":"publish","type":"product","link":"https:\/\/mouldking.store\/hu\/shop\/moc-factory-136023-star-wars-u-wing-with-899-pieces\/","title":{"rendered":"MOC Factory 136023 Star Wars U-sz\u00e1rny 899 darabbal"},"content":{"rendered":"<div>\u2705 MOC-136023 Star Wars U wing<\/p>\n<p>\u2705 A <strong>U-Wing<\/strong> (UT-60D) is a versatile starfighter and troop transport ship in the <em>Csillagok h\u00e1bor\u00faja<\/em> universe, first seen in <em>Rogue One: A Star Wars Story<\/em>.<\/p>\n<p>\ud83d\udeab FONTOS!<\/p>\n<p>Product Name: Star Wars U wing<\/p>\n<p>Kateg\u00f3ria: Star Wars<\/p>\n<p>This Kit Contains: C10067<\/p>\n<p>899 pcs Good Quality Bricks<\/p>\n<p>Size: 18 x 36 x 12cm<\/p>\n<p>PDF \u00datmutat\u00f3<\/p>\n<p>\ud83d\udcccA f\u0151szerepl\u0151 term\u00e9szete<\/p>\n<p>Introducing our proud collection named \u201cStar Wars U wing\u201d you should not miss.<\/p>\n<p>The U-Wing has a <strong>sleek and practical design<\/strong>, featuring two forward-facing wings that resemble the shape of the letter &#8220;U&#8221; when extended. These wings are mounted on each side of the cockpit and can pivot backward to offer more maneuverability during battle, especially when entering or exiting combat zones. Its color scheme is primarily <strong>white and blue<\/strong>, giving it the clean, crisp look typical of Rebel Alliance ships.&nbsp;<\/div>","protected":false},"excerpt":{"rendered":"<p>M\u00e1rka: MOC Factory<br \/>\nNem: Uniszex<br \/>\nKoroszt\u00e1ly: &gt; 6 \u00e9v<br \/>\nModel Number: 136023<br \/>\nBesorol\u00e1s: \u00d6sszeszerel\u00e9s<br \/>\nM\u0171anyag blokk forma: \u00f6nz\u00e1r\u00f3 t\u00e9gla<br \/>\nAnyaga: M\u0171anyag<br \/>\nM\u0171anyag t\u00edpus: ABS<br \/>\nBricks Blocks: 899 +<br \/>\nEredeti doboza nincs<br \/>\nA term\u00e9k nem tartalmaz MAtric\u00e1t \u00e9s NYOMTATOTT alkatr\u00e9szeket. Minden nyomtatott alkatr\u00e9szt szabv\u00e1nyos alkatr\u00e9szre cser\u00e9l\u00fcnk, \u00e9s nem j\u00e1r bev\u00e9tel harmadik f\u00e9lt\u0151l sz\u00e1rmaz\u00f3 tartoz\u00e9kokkal.<\/p>","protected":false},"featured_media":61656,"comment_status":"open","ping_status":"closed","template":"","meta":{"_acf_changed":false},"product_cat":[1357,6016,415,364],"product_tag":[2276,436,389,12873],"class_list":["product","first","instock","shipping-taxable","purchasable","product-type-simple"],"acf":[],"_links":{"self":[{"href":"https:\/\/mouldking.store\/hu\/wp-json\/wp\/v2\/product\/61657","targetHints":{"allow":["GET"]}}],"collection":[{"href":"https:\/\/mouldking.store\/hu\/wp-json\/wp\/v2\/product"}],"about":[{"href":"https:\/\/mouldking.store\/hu\/wp-json\/wp\/v2\/types\/product"}],"replies":[{"embeddable":true,"href":"https:\/\/mouldking.store\/hu\/wp-json\/wp\/v2\/comments?post=61657"}],"wp:featuredmedia":[{"embeddable":true,"href":"https:\/\/mouldking.store\/hu\/wp-json\/wp\/v2\/media\/61656"}],"wp:attachment":[{"href":"https:\/\/mouldking.store\/hu\/wp-json\/wp\/v2\/media?parent=61657"}],"wp:term":[{"taxonomy":"product_cat","embeddable":true,"href":"https:\/\/mouldking.store\/hu\/wp-json\/wp\/v2\/product_cat?post=61657"},{"taxonomy":"product_tag","embeddable":true,"href":"https:\/\/mouldking.store\/hu\/wp-json\/wp\/v2\/product_tag?post=61657"}],"curies":[{"name":"wp","href":"https:\/\/api.w.org\/{rel}","templated":true}]}}