{"id":61683,"date":"2024-10-24T18:11:15","date_gmt":"2024-10-24T11:11:15","guid":{"rendered":"https:\/\/mouldking.store\/shop\/moc-factory-89077-wildmutt-humungousaur-with-614-pieces\/"},"modified":"2025-12-16T20:58:58","modified_gmt":"2025-12-16T13:58:58","slug":"moc-factory-89077-wildmutt-humungousaur-with-614-pieces","status":"publish","type":"product","link":"https:\/\/mouldking.store\/hu\/shop\/moc-factory-89077-wildmutt-humungousaur-with-614-pieces\/","title":{"rendered":"MOC Factory 89077 Wildmutt Humungousaur with 614 Pieces"},"content":{"rendered":"<div>\u2705 MOC-89077 Wildmutt Humungousaur<\/p>\n<p>\u2705<strong>Wildmutt<\/strong> and <strong>Humungousaur<\/strong> are two powerful alien transformations from the <em>Ben 10<\/em> series. <\/p>\n<p>\ud83d\udeab FONTOS!<\/p>\n<p>Product Name: Wildmutt Humungousaur<\/p>\n<p>Kateg\u00f3ria: Film<\/p>\n<p>This Kit Contains: C10143<\/p>\n<p>614 pcs Good Quality Bricks<\/p>\n<p>PDF \u00datmutat\u00f3<\/p>\n<p>\ud83d\udcccA f\u0151szerepl\u0151 term\u00e9szete<\/p>\n<p>Introducing our proud collection named \u201cWildmutt Humungousaur\u201d you should not miss.<\/p>\n<p><strong>Wildmutt<\/strong>: A beastly, animal-like alien from the planet Vulpin, Wildmutt has no eyes but compensates with heightened senses of smell and hearing. He is fast, agile, and primarily uses his claws and teeth in combat. <br \/><strong>Humungousaur<\/strong>: A massive dinosaur-like alien from Terradino, Humungousaur boasts incredible strength and durability. He can grow even larger, becoming an unstoppable force of destruction, ideal for brute-force situations.&nbsp;<\/div>","protected":false},"excerpt":{"rendered":"<p>M\u00e1rka: MOC Factory<br \/>\nNem: Uniszex<br \/>\nKoroszt\u00e1ly: &gt; 6 \u00e9v<br \/>\nModel Number: 89077<br \/>\nBesorol\u00e1s: \u00d6sszeszerel\u00e9s<br \/>\nM\u0171anyag blokk forma: \u00f6nz\u00e1r\u00f3 t\u00e9gla<br \/>\nAnyaga: M\u0171anyag<br \/>\nM\u0171anyag t\u00edpus: ABS<br \/>\nBricks Blocks: 614 +<br \/>\nEredeti doboza nincs<br \/>\nA term\u00e9k nem tartalmaz MAtric\u00e1t \u00e9s NYOMTATOTT alkatr\u00e9szeket. Minden nyomtatott alkatr\u00e9szt szabv\u00e1nyos alkatr\u00e9szre cser\u00e9l\u00fcnk, \u00e9s nem j\u00e1r bev\u00e9tel harmadik f\u00e9lt\u0151l sz\u00e1rmaz\u00f3 tartoz\u00e9kokkal.<\/p>","protected":false},"featured_media":61682,"comment_status":"open","ping_status":"closed","template":"","meta":{"_acf_changed":false},"product_cat":[1365,1769,371],"product_tag":[11072,8452,9139,13663,13662],"class_list":["product","first","instock","shipping-taxable","purchasable","product-type-simple"],"acf":[],"_links":{"self":[{"href":"https:\/\/mouldking.store\/hu\/wp-json\/wp\/v2\/product\/61683","targetHints":{"allow":["GET"]}}],"collection":[{"href":"https:\/\/mouldking.store\/hu\/wp-json\/wp\/v2\/product"}],"about":[{"href":"https:\/\/mouldking.store\/hu\/wp-json\/wp\/v2\/types\/product"}],"replies":[{"embeddable":true,"href":"https:\/\/mouldking.store\/hu\/wp-json\/wp\/v2\/comments?post=61683"}],"wp:featuredmedia":[{"embeddable":true,"href":"https:\/\/mouldking.store\/hu\/wp-json\/wp\/v2\/media\/61682"}],"wp:attachment":[{"href":"https:\/\/mouldking.store\/hu\/wp-json\/wp\/v2\/media?parent=61683"}],"wp:term":[{"taxonomy":"product_cat","embeddable":true,"href":"https:\/\/mouldking.store\/hu\/wp-json\/wp\/v2\/product_cat?post=61683"},{"taxonomy":"product_tag","embeddable":true,"href":"https:\/\/mouldking.store\/hu\/wp-json\/wp\/v2\/product_tag?post=61683"}],"curies":[{"name":"wp","href":"https:\/\/api.w.org\/{rel}","templated":true}]}}