{"id":61712,"date":"2024-11-01T17:11:25","date_gmt":"2024-11-01T10:11:25","guid":{"rendered":"https:\/\/mouldking.store\/shop\/moc-factory-176829-helldivers-2-super-destroyer-with-1040-pieces\/"},"modified":"2025-12-16T20:58:58","modified_gmt":"2025-12-16T13:58:58","slug":"moc-factory-176829-helldivers-2-super-destroyer-with-1040-pieces","status":"publish","type":"product","link":"https:\/\/mouldking.store\/hu\/shop\/moc-factory-176829-helldivers-2-super-destroyer-with-1040-pieces\/","title":{"rendered":"MOC Factory 176829 Helldivers 2 szuperrombol\u00f3 1040 darabbal"},"content":{"rendered":"<div>\u2705 MOC-176829 Helldivers 2 Super Destroyer<\/p>\n<p>\u2705 In <em>Helldivers 2<\/em>, the Super Destroyer serves as both a mobile base and a combat support vessel for players. These massive ships, operated by the Federation of Super Earth, carry frozen Helldivers in cryonic storage, who are thawed and assigned full control upon deployment. The Super Destroyer is crucial in supporting missions, offering orbital fire support, deployment pods, and tactical supplies like &#8220;Stratagems,&#8221; which are powerful equipment drops used in combat.<\/p>\n<p>\ud83d\udeab FONTOS!<\/p>\n<p>Product Name: Helldivers 2 Super Destroyer<\/p>\n<p>Kateg\u00f3ria: \u0170r<\/p>\n<p>This Kit Contains: C10155<\/p>\n<p>1040 pcs Good Quality Bricks<\/p>\n<p>Size: 48 x 16 x 12cm<\/p>\n<p>PDF \u00datmutat\u00f3<\/p>\n<p>\ud83d\udcccA f\u0151szerepl\u0151 term\u00e9szete<\/p>\n<p>Introducing our proud collection named \u201cHelldivers 2 Super Destroyer\u201d you should not miss.<\/p>\n<p>The Super Destroyer includes a range of customizable modules and recent upgrades, such as <strong>Morale Augmentation<\/strong>, which reduces the cooldown of all Stratagems, allowing quicker re-deployment of powerful support items. Other improvements, like <strong>Streamlined Launch Process<\/strong> and <strong>High-Density Explosives<\/strong>, optimize weapon effectiveness and shorten deployment times, boosting mission success odds for players&nbsp;<\/div>","protected":false},"excerpt":{"rendered":"<p>M\u00e1rka: MOC Factory<br \/>\nNem: Uniszex<br \/>\nKoroszt\u00e1ly: &gt; 6 \u00e9v<br \/>\nModel Number: 176829<br \/>\nBesorol\u00e1s: \u00d6sszeszerel\u00e9s<br \/>\nM\u0171anyag blokk forma: \u00f6nz\u00e1r\u00f3 t\u00e9gla<br \/>\nAnyaga: M\u0171anyag<br \/>\nM\u0171anyag t\u00edpus: ABS<br \/>\nBricks Blocks: 1040 +<br \/>\nEredeti doboza nincs<br \/>\nA term\u00e9k nem tartalmaz MAtric\u00e1t \u00e9s NYOMTATOTT alkatr\u00e9szeket. Minden nyomtatott alkatr\u00e9szt szabv\u00e1nyos alkatr\u00e9szre cser\u00e9l\u00fcnk, \u00e9s nem j\u00e1r bev\u00e9tel harmadik f\u00e9lt\u0151l sz\u00e1rmaz\u00f3 tartoz\u00e9kokkal.<\/p>","protected":false},"featured_media":61711,"comment_status":"open","ping_status":"closed","template":"","meta":{"_acf_changed":false},"product_cat":[1357,581,6016,364,1408],"product_tag":[682,13664,434,13484,2276,389],"class_list":["product","first","instock","shipping-taxable","purchasable","product-type-simple"],"acf":[],"_links":{"self":[{"href":"https:\/\/mouldking.store\/hu\/wp-json\/wp\/v2\/product\/61712","targetHints":{"allow":["GET"]}}],"collection":[{"href":"https:\/\/mouldking.store\/hu\/wp-json\/wp\/v2\/product"}],"about":[{"href":"https:\/\/mouldking.store\/hu\/wp-json\/wp\/v2\/types\/product"}],"replies":[{"embeddable":true,"href":"https:\/\/mouldking.store\/hu\/wp-json\/wp\/v2\/comments?post=61712"}],"wp:featuredmedia":[{"embeddable":true,"href":"https:\/\/mouldking.store\/hu\/wp-json\/wp\/v2\/media\/61711"}],"wp:attachment":[{"href":"https:\/\/mouldking.store\/hu\/wp-json\/wp\/v2\/media?parent=61712"}],"wp:term":[{"taxonomy":"product_cat","embeddable":true,"href":"https:\/\/mouldking.store\/hu\/wp-json\/wp\/v2\/product_cat?post=61712"},{"taxonomy":"product_tag","embeddable":true,"href":"https:\/\/mouldking.store\/hu\/wp-json\/wp\/v2\/product_tag?post=61712"}],"curies":[{"name":"wp","href":"https:\/\/api.w.org\/{rel}","templated":true}]}}