{"id":61734,"date":"2024-11-01T17:12:20","date_gmt":"2024-11-01T10:12:20","guid":{"rendered":"https:\/\/mouldking.store\/shop\/moc-factory-89076-the-lord-of-the-rings-treebeard-with-307-pieces\/"},"modified":"2025-12-16T20:58:58","modified_gmt":"2025-12-16T13:58:58","slug":"moc-factory-89076-the-lord-of-the-rings-treebeard-with-307-pieces","status":"publish","type":"product","link":"https:\/\/mouldking.store\/hu\/shop\/moc-factory-89076-the-lord-of-the-rings-treebeard-with-307-pieces\/","title":{"rendered":"MOC Factory 89076 The Lord of the Rings Treebeard with 307 Pieces"},"content":{"rendered":"<div>\u2705 MOC-89076 The Lord of the Rings Treebeard<\/p>\n<p>\u2705 Treebeard, or Fangorn, is an ancient Ent, a tree-like being in <em>A gy\u0171r\u0171k ura<\/em> by J.R.R. Tolkien. Known as the oldest living creature in Middle-earth, Treebeard embodies the wisdom and strength of nature. He resides in Fangorn Forest, an ancient and somewhat eerie woodland near the realm of Rohan, and he plays a vital role in the War of the Ring. Treebeard is tall, with a bark-like exterior, and his face resembles a gnarled, ancient tree. He speaks in a slow, deliberate manner, reflective of the Ents&#8217; thoughtful approach to life, and he has a deep, booming voice.&nbsp;<\/p>\n<p>\ud83d\udeab FONTOS!<\/p>\n<p>Product Name: The Lord of the Rings Treebeard<\/p>\n<p>Kateg\u00f3ria: Film<\/p>\n<p>This Kit Contains: C10163<\/p>\n<p>307 pcs Good Quality Bricks<\/p>\n<p>Size: 18.2 x 7.8 x 23cm<\/p>\n<p>PDF \u00datmutat\u00f3<\/p>\n<p>\ud83d\udcccA f\u0151szerepl\u0151 term\u00e9szete<\/p>\n<p>Introducing our proud collection named \u201cThe Lord of the Rings Treebeard\u201d you should not miss.<\/p>\n<p>Treebeard\u2019s character highlights Tolkien&#8217;s reverence for nature and his concerns about industrialization, which is illustrated in Treebeard\u2019s deep dislike for Saruman and the orcs who damage Fangorn Forest. Alongside the other Ents, Treebeard ultimately leads a powerful attack on Isengard, Saruman&#8217;s stronghold, in an epic scene known as the &#8220;Last March of the Ents.&#8221; This pivotal moment underscores the power of nature defending itself against exploitation and destruction.&nbsp;<\/p><\/div>","protected":false},"excerpt":{"rendered":"<p>M\u00e1rka: MOC Factory<br \/>\nNem: Uniszex<br \/>\nKoroszt\u00e1ly: &gt; 6 \u00e9v<br \/>\nModel Number: 89076<br \/>\nBesorol\u00e1s: \u00d6sszeszerel\u00e9s<br \/>\nM\u0171anyag blokk forma: \u00f6nz\u00e1r\u00f3 t\u00e9gla<br \/>\nAnyaga: M\u0171anyag<br \/>\nM\u0171anyag t\u00edpus: ABS<br \/>\nBricks Blocks: 307 +<br \/>\nEredeti doboza nincs<br \/>\nA term\u00e9k nem tartalmaz MAtric\u00e1t \u00e9s NYOMTATOTT alkatr\u00e9szeket. Minden nyomtatott alkatr\u00e9szt szabv\u00e1nyos alkatr\u00e9szre cser\u00e9l\u00fcnk, \u00e9s nem j\u00e1r bev\u00e9tel harmadik f\u00e9lt\u0151l sz\u00e1rmaz\u00f3 tartoz\u00e9kokkal.<\/p>","protected":false},"featured_media":61733,"comment_status":"open","ping_status":"closed","template":"","meta":{"_acf_changed":false},"product_cat":[1365,371,581,1408],"product_tag":[11072,8452,13326,434,13194,6169,13669],"class_list":["product","first","instock","shipping-taxable","purchasable","product-type-simple"],"acf":[],"_links":{"self":[{"href":"https:\/\/mouldking.store\/hu\/wp-json\/wp\/v2\/product\/61734","targetHints":{"allow":["GET"]}}],"collection":[{"href":"https:\/\/mouldking.store\/hu\/wp-json\/wp\/v2\/product"}],"about":[{"href":"https:\/\/mouldking.store\/hu\/wp-json\/wp\/v2\/types\/product"}],"replies":[{"embeddable":true,"href":"https:\/\/mouldking.store\/hu\/wp-json\/wp\/v2\/comments?post=61734"}],"wp:featuredmedia":[{"embeddable":true,"href":"https:\/\/mouldking.store\/hu\/wp-json\/wp\/v2\/media\/61733"}],"wp:attachment":[{"href":"https:\/\/mouldking.store\/hu\/wp-json\/wp\/v2\/media?parent=61734"}],"wp:term":[{"taxonomy":"product_cat","embeddable":true,"href":"https:\/\/mouldking.store\/hu\/wp-json\/wp\/v2\/product_cat?post=61734"},{"taxonomy":"product_tag","embeddable":true,"href":"https:\/\/mouldking.store\/hu\/wp-json\/wp\/v2\/product_tag?post=61734"}],"curies":[{"name":"wp","href":"https:\/\/api.w.org\/{rel}","templated":true}]}}