{"id":61742,"date":"2024-11-01T17:12:36","date_gmt":"2024-11-01T10:12:36","guid":{"rendered":"https:\/\/mouldking.store\/shop\/moc-factory-89075-final-fantasy-chocobo-with-339-pieces\/"},"modified":"2025-12-16T20:58:58","modified_gmt":"2025-12-16T13:58:58","slug":"moc-factory-89075-final-fantasy-chocobo-with-339-pieces","status":"publish","type":"product","link":"https:\/\/mouldking.store\/hu\/shop\/moc-factory-89075-final-fantasy-chocobo-with-339-pieces\/","title":{"rendered":"MOC Factory 89075 Final Fantasy Chocobo with 339 Pieces"},"content":{"rendered":"<div>\u2705 MOC-89075 Final Fantasy Chocobo<\/p>\n<p>\u2705 Chocobos are iconic creatures in the <em>Final Fantasy<\/em> series, first introduced in <em>Final Fantasy II<\/em> and appearing in almost every game since. These large, bird-like animals resemble a cross between an ostrich and a chicken, with bright yellow feathers and a friendly, loyal disposition. Chocobos are primarily used as mounts, allowing players to travel across landscapes quickly, bypassing random enemy encounters and providing faster travel than on foot.<\/p>\n<p>\ud83d\udeab FONTOS!<\/p>\n<p>Product Name: Final Fantasy Chocobo<\/p>\n<p>Kateg\u00f3ria: Film<\/p>\n<p>This Kit Contains: C10164<\/p>\n<p>339 pcs Good Quality Bricks<\/p>\n<p>Size: 21.5 x 7.6 x 12.5cm<\/p>\n<p>PDF \u00datmutat\u00f3<\/p>\n<p>\ud83d\udcccA f\u0151szerepl\u0151 term\u00e9szete<\/p>\n<p>Introducing our proud collection named \u201cFinal Fantasy Chocobo\u201d you should not miss.<\/p>\n<p>Beyond their role as transportation, chocobos have taken on many features and functions throughout the series. In certain games, players can raise, breed, and race chocobos, with different colors denoting unique abilities. For example, blue or green chocobos can cross rivers and mountains, while black or gold ones can traverse any terrain. In some titles, such as <em>Final Fantasy VII<\/em>, a minigame allows players to race their chocobos at the Gold Saucer, and in <em>Final Fantasy XV<\/em>, they\u2019re essential for exploration and even have customizable appearances.&nbsp;<\/div>","protected":false},"excerpt":{"rendered":"<p>M\u00e1rka: MOC Factory<br \/>\nNem: Uniszex<br \/>\nKoroszt\u00e1ly: &gt; 6 \u00e9v<br \/>\nModel Number: 89075<br \/>\nBesorol\u00e1s: \u00d6sszeszerel\u00e9s<br \/>\nM\u0171anyag blokk forma: \u00f6nz\u00e1r\u00f3 t\u00e9gla<br \/>\nAnyaga: M\u0171anyag<br \/>\nM\u0171anyag t\u00edpus: ABS<br \/>\nBricks Blocks: 339 +<br \/>\nEredeti doboza nincs<br \/>\nA term\u00e9k nem tartalmaz MAtric\u00e1t \u00e9s NYOMTATOTT alkatr\u00e9szeket. Minden nyomtatott alkatr\u00e9szt szabv\u00e1nyos alkatr\u00e9szre cser\u00e9l\u00fcnk, \u00e9s nem j\u00e1r bev\u00e9tel harmadik f\u00e9lt\u0151l sz\u00e1rmaz\u00f3 tartoz\u00e9kokkal.<\/p>","protected":false},"featured_media":61741,"comment_status":"open","ping_status":"closed","template":"","meta":{"_acf_changed":false},"product_cat":[1365,1769,371,581,1408],"product_tag":[4322,11072,11775,8452,4705,12755,9139,434],"class_list":["product","first","instock","shipping-taxable","purchasable","product-type-simple"],"acf":[],"_links":{"self":[{"href":"https:\/\/mouldking.store\/hu\/wp-json\/wp\/v2\/product\/61742","targetHints":{"allow":["GET"]}}],"collection":[{"href":"https:\/\/mouldking.store\/hu\/wp-json\/wp\/v2\/product"}],"about":[{"href":"https:\/\/mouldking.store\/hu\/wp-json\/wp\/v2\/types\/product"}],"replies":[{"embeddable":true,"href":"https:\/\/mouldking.store\/hu\/wp-json\/wp\/v2\/comments?post=61742"}],"wp:featuredmedia":[{"embeddable":true,"href":"https:\/\/mouldking.store\/hu\/wp-json\/wp\/v2\/media\/61741"}],"wp:attachment":[{"href":"https:\/\/mouldking.store\/hu\/wp-json\/wp\/v2\/media?parent=61742"}],"wp:term":[{"taxonomy":"product_cat","embeddable":true,"href":"https:\/\/mouldking.store\/hu\/wp-json\/wp\/v2\/product_cat?post=61742"},{"taxonomy":"product_tag","embeddable":true,"href":"https:\/\/mouldking.store\/hu\/wp-json\/wp\/v2\/product_tag?post=61742"}],"curies":[{"name":"wp","href":"https:\/\/api.w.org\/{rel}","templated":true}]}}