{"id":61797,"date":"2024-11-01T17:15:43","date_gmt":"2024-11-01T10:15:43","guid":{"rendered":"https:\/\/mouldking.store\/shop\/moc-factory-89068-cute-rabbit-with-405-pieces\/"},"modified":"2025-12-16T20:58:58","modified_gmt":"2025-12-16T13:58:58","slug":"moc-factory-89068-cute-rabbit-with-405-pieces","status":"publish","type":"product","link":"https:\/\/mouldking.store\/hu\/shop\/moc-factory-89068-cute-rabbit-with-405-pieces\/","title":{"rendered":"MOC Factory 89068 Cute Rabbit with 405 Pieces"},"content":{"rendered":"<div>\u2705 MOC-89068 Cute Rabbit<\/p>\n<p>\u2705 A cute rabbit embodies the charm and playfulness associated with these gentle creatures. With their soft, fluffy fur, large expressive eyes, and long ears that perk up at the slightest sound, rabbits have a whimsical appeal that captivates animal lovers. Often depicted in various shades\u2014ranging from pure white and soft gray to rich browns and dappled patterns\u2014these adorable animals can easily win hearts.&nbsp;<\/p>\n<p>\ud83d\udeab FONTOS!<\/p>\n<p>Product Name: Cute Rabbit<\/p>\n<p>Kateg\u00f3ria: Alkot\u00f3<\/p>\n<p>This Kit Contains: C10050<\/p>\n<p>405 pcs Good Quality Bricks<\/p>\n<p>Size: 13.1 x 10.7 x 19.1cm<\/p>\n<p>PDF \u00datmutat\u00f3<\/p>\n<p>\ud83d\udcccA f\u0151szerepl\u0151 term\u00e9szete<\/p>\n<p>Introducing our proud collection named \u201cCute Rabbit\u201d you should not miss.<\/p>\n<p>&nbsp;In a playful setting, a cute rabbit might be seen hopping through a meadow filled with colorful wildflowers, nibbling on tender grass, or curiously exploring its surroundings. Their twitching noses and gentle mannerisms add to their endearing nature, making them popular characters in children&#8217;s stories and animations. Rabbits are often portrayed as symbols of spring and renewal, commonly associated with Easter and various folklore.&nbsp;<\/p><\/div>","protected":false},"excerpt":{"rendered":"<p>M\u00e1rka: MOC Factory<br \/>\nNem: Uniszex<br \/>\nKoroszt\u00e1ly: &gt; 6 \u00e9v<br \/>\nModel Number: 89068<br \/>\nBesorol\u00e1s: \u00d6sszeszerel\u00e9s<br \/>\nM\u0171anyag blokk forma: \u00f6nz\u00e1r\u00f3 t\u00e9gla<br \/>\nAnyaga: M\u0171anyag<br \/>\nM\u0171anyag t\u00edpus: ABS<br \/>\nBricks Blocks: 405 +<br \/>\nEredeti doboza nincs<br \/>\nA term\u00e9k nem tartalmaz MAtric\u00e1t \u00e9s NYOMTATOTT alkatr\u00e9szeket. Minden nyomtatott alkatr\u00e9szt szabv\u00e1nyos alkatr\u00e9szre cser\u00e9l\u00fcnk, \u00e9s nem j\u00e1r bev\u00e9tel harmadik f\u00e9lt\u0151l sz\u00e1rmaz\u00f3 tartoz\u00e9kokkal.<\/p>","protected":false},"featured_media":61796,"comment_status":"open","ping_status":"closed","template":"","meta":{"_acf_changed":false},"product_cat":[1365,371],"product_tag":[11072,11775,8452,13673,6677],"class_list":["product","first","instock","shipping-taxable","purchasable","product-type-simple"],"acf":[],"_links":{"self":[{"href":"https:\/\/mouldking.store\/hu\/wp-json\/wp\/v2\/product\/61797","targetHints":{"allow":["GET"]}}],"collection":[{"href":"https:\/\/mouldking.store\/hu\/wp-json\/wp\/v2\/product"}],"about":[{"href":"https:\/\/mouldking.store\/hu\/wp-json\/wp\/v2\/types\/product"}],"replies":[{"embeddable":true,"href":"https:\/\/mouldking.store\/hu\/wp-json\/wp\/v2\/comments?post=61797"}],"wp:featuredmedia":[{"embeddable":true,"href":"https:\/\/mouldking.store\/hu\/wp-json\/wp\/v2\/media\/61796"}],"wp:attachment":[{"href":"https:\/\/mouldking.store\/hu\/wp-json\/wp\/v2\/media?parent=61797"}],"wp:term":[{"taxonomy":"product_cat","embeddable":true,"href":"https:\/\/mouldking.store\/hu\/wp-json\/wp\/v2\/product_cat?post=61797"},{"taxonomy":"product_tag","embeddable":true,"href":"https:\/\/mouldking.store\/hu\/wp-json\/wp\/v2\/product_tag?post=61797"}],"curies":[{"name":"wp","href":"https:\/\/api.w.org\/{rel}","templated":true}]}}