{"id":61831,"date":"2024-11-01T17:17:09","date_gmt":"2024-11-01T10:17:09","guid":{"rendered":"https:\/\/mouldking.store\/shop\/moc-factory-89066-the-lord-of-the-rings-balrog-with-321-pieces\/"},"modified":"2025-12-16T20:58:57","modified_gmt":"2025-12-16T13:58:57","slug":"moc-factory-89066-the-lord-of-the-rings-balrog-with-321-pieces","status":"publish","type":"product","link":"https:\/\/mouldking.store\/hu\/shop\/moc-factory-89066-the-lord-of-the-rings-balrog-with-321-pieces\/","title":{"rendered":"MOC Factory 89066 The Lord of the Rings Balrog with 321 Pieces"},"content":{"rendered":"<div>\u2705 MOC-89066 The Lord of the Rings Balrog<\/p>\n<p>\u2705 The Balrog is a formidable and iconic creature from J.R.R. Tolkien&#8217;s <strong>A gy\u0171r\u0171k ura<\/strong> and <strong>The Silmarillion<\/strong>. Known for its terrifying presence, the Balrog is a demon of shadow and flame, originally a Maia, a lesser divine spirit, who was corrupted by Morgoth, the dark lord. The most famous Balrog in Tolkien&#8217;s works is the one encountered by the Fellowship of the Ring in the Mines of Moria, often referred to as Durin&#8217;s Bane.&nbsp;<\/p>\n<p>\ud83d\udeab FONTOS!<\/p>\n<p>Product Name: The Lord of the Rings Balrog<\/p>\n<p>Kateg\u00f3ria: Film<\/p>\n<p>This Kit Contains: C10163Y01<\/p>\n<p>321 pcs Good Quality Bricks<\/p>\n<p>Size: 31.2 x 20.6 x 21.6cm<\/p>\n<p>PDF \u00datmutat\u00f3<\/p>\n<p>\ud83d\udcccA f\u0151szerepl\u0151 term\u00e9szete<\/p>\n<p>Introducing our proud collection named \u201cThe Lord of the Rings Balrog\u201d you should not miss.<\/p>\n<p>Described as a towering figure shrouded in darkness, the Balrog wields a fiery whip and has a mane of fire, embodying both terror and majesty. Its fearsome appearance, coupled with its ability to manipulate fire and shadow, makes it one of the most memorable antagonists in the series. The Balrog&#8217;s presence in Moria represents the lingering darkness of Morgoth&#8217;s legacy and the perils that the Fellowship must face on their quest.&nbsp;<\/p><\/div>","protected":false},"excerpt":{"rendered":"<p>M\u00e1rka: MOC Factory<br \/>\nNem: Uniszex<br \/>\nKoroszt\u00e1ly: &gt; 6 \u00e9v<br \/>\nModel Number: 89066<br \/>\nBesorol\u00e1s: \u00d6sszeszerel\u00e9s<br \/>\nM\u0171anyag blokk forma: \u00f6nz\u00e1r\u00f3 t\u00e9gla<br \/>\nAnyaga: M\u0171anyag<br \/>\nM\u0171anyag t\u00edpus: ABS<br \/>\nBricks Blocks: 321 +<br \/>\nEredeti doboza nincs<br \/>\nA term\u00e9k nem tartalmaz MAtric\u00e1t \u00e9s NYOMTATOTT alkatr\u00e9szeket. Minden nyomtatott alkatr\u00e9szt szabv\u00e1nyos alkatr\u00e9szre cser\u00e9l\u00fcnk, \u00e9s nem j\u00e1r bev\u00e9tel harmadik f\u00e9lt\u0151l sz\u00e1rmaz\u00f3 tartoz\u00e9kokkal.<\/p>","protected":false},"featured_media":61830,"comment_status":"open","ping_status":"closed","template":"","meta":{"_acf_changed":false},"product_cat":[1365,371,581,1408],"product_tag":[13681,11072,8452,13326,434,13194,6169],"class_list":["product","first","instock","shipping-taxable","purchasable","product-type-simple"],"acf":[],"_links":{"self":[{"href":"https:\/\/mouldking.store\/hu\/wp-json\/wp\/v2\/product\/61831","targetHints":{"allow":["GET"]}}],"collection":[{"href":"https:\/\/mouldking.store\/hu\/wp-json\/wp\/v2\/product"}],"about":[{"href":"https:\/\/mouldking.store\/hu\/wp-json\/wp\/v2\/types\/product"}],"replies":[{"embeddable":true,"href":"https:\/\/mouldking.store\/hu\/wp-json\/wp\/v2\/comments?post=61831"}],"wp:featuredmedia":[{"embeddable":true,"href":"https:\/\/mouldking.store\/hu\/wp-json\/wp\/v2\/media\/61830"}],"wp:attachment":[{"href":"https:\/\/mouldking.store\/hu\/wp-json\/wp\/v2\/media?parent=61831"}],"wp:term":[{"taxonomy":"product_cat","embeddable":true,"href":"https:\/\/mouldking.store\/hu\/wp-json\/wp\/v2\/product_cat?post=61831"},{"taxonomy":"product_tag","embeddable":true,"href":"https:\/\/mouldking.store\/hu\/wp-json\/wp\/v2\/product_tag?post=61831"}],"curies":[{"name":"wp","href":"https:\/\/api.w.org\/{rel}","templated":true}]}}