{"id":61924,"date":"2024-11-01T17:36:32","date_gmt":"2024-11-01T10:36:32","guid":{"rendered":"https:\/\/mouldking.store\/shop\/moc-factory-89059-avatar-the-last-airbender-momo-with-400-pieces\/"},"modified":"2025-12-16T20:58:55","modified_gmt":"2025-12-16T13:58:55","slug":"moc-factory-89059-avatar-the-last-airbender-momo-with-400-pieces","status":"publish","type":"product","link":"https:\/\/mouldking.store\/hu\/shop\/moc-factory-89059-avatar-the-last-airbender-momo-with-400-pieces\/","title":{"rendered":"MOC Factory 89059 Avatar The Last Airbender MOMO with 400 Pieces"},"content":{"rendered":"<div>&nbsp; \u2705 MOC-89059 Avatar The Last Airbender MOMO<\/p>\n<p>\u2705 <strong>Momo<\/strong> is a beloved creature companion in the animated series <strong>Avatar: The Last Airbender<\/strong>. Discovered by Aang and his friends early in their journey, Momo is a <strong>flying lemur<\/strong>, also called a winged lemur, an exotic species native to the Southern Air Temple. Momo becomes an integral part of Team Avatar, accompanying Aang, Katara, Sokka, and later Toph on their travels across the world as they seek to restore peace and balance.&nbsp;<\/p>\n<p>\ud83d\udeab FONTOS!<\/p>\n<p>Product Name:&nbsp; Avatar The Last Airbender MOMO&nbsp;<\/p>\n<p>Kateg\u00f3ria: Film<\/p>\n<p>This Kit Contains:&nbsp; C10141&nbsp;<\/p>\n<p>400 db j\u00f3 min\u0151s\u00e9g\u0171 t\u00e9gla<\/p>\n<p>Size:&nbsp; 22.2 x 16.4 x 23.4 cm&nbsp;<\/p>\n<p>PDF \u00datmutat\u00f3<\/p>\n<p>\ud83d\udcccA f\u0151szerepl\u0151 term\u00e9szete<\/p>\n<p>Introducing our proud collection named \u201c Avatar The Last Airbender MOMO \u201d you should not miss.<\/p>\n<p>&nbsp; Momo\u2019s appearance is distinct, with large, expressive green eyes, big ears, and a bushy tail, giving him a mix of endearing and slightly mischievous features. He can glide through the air with the help of his wing-like appendages, adding a playful and agile quality to his character. Momo frequently brings humor to the group, often seen chasing after food, getting into amusing situations, and occasionally helping the team in unexpected ways. His curious and mischievous personality provides a lighthearted contrast to the series&#8217; more intense moments.&nbsp;<\/p><\/div>","protected":false},"excerpt":{"rendered":"<p>M\u00e1rka: MOC Factory<br \/>\nNem: Uniszex<br \/>\nKoroszt\u00e1ly: &gt; 6 \u00e9v<br \/>\nModel Number: 89059<br \/>\nBesorol\u00e1s: \u00d6sszeszerel\u00e9s<br \/>\nM\u0171anyag blokk forma: \u00f6nz\u00e1r\u00f3 t\u00e9gla<br \/>\nAnyaga: M\u0171anyag<br \/>\nM\u0171anyag t\u00edpus: ABS<br \/>\nT\u00e9gla T\u00e9gla: 400+<br \/>\nEredeti doboza nincs<br \/>\nA term\u00e9k nem tartalmaz MAtric\u00e1t \u00e9s NYOMTATOTT alkatr\u00e9szeket. Minden nyomtatott alkatr\u00e9szt szabv\u00e1nyos alkatr\u00e9szre cser\u00e9l\u00fcnk, \u00e9s nem j\u00e1r bev\u00e9tel harmadik f\u00e9lt\u0151l sz\u00e1rmaz\u00f3 tartoz\u00e9kokkal.<\/p>","protected":false},"featured_media":61923,"comment_status":"open","ping_status":"closed","template":"","meta":{"_acf_changed":false},"product_cat":[1365,371,581,1408],"product_tag":[13316,2913,11072,11775,8452,3504,434],"class_list":["product","first","instock","shipping-taxable","purchasable","product-type-simple"],"acf":[],"_links":{"self":[{"href":"https:\/\/mouldking.store\/hu\/wp-json\/wp\/v2\/product\/61924","targetHints":{"allow":["GET"]}}],"collection":[{"href":"https:\/\/mouldking.store\/hu\/wp-json\/wp\/v2\/product"}],"about":[{"href":"https:\/\/mouldking.store\/hu\/wp-json\/wp\/v2\/types\/product"}],"replies":[{"embeddable":true,"href":"https:\/\/mouldking.store\/hu\/wp-json\/wp\/v2\/comments?post=61924"}],"wp:featuredmedia":[{"embeddable":true,"href":"https:\/\/mouldking.store\/hu\/wp-json\/wp\/v2\/media\/61923"}],"wp:attachment":[{"href":"https:\/\/mouldking.store\/hu\/wp-json\/wp\/v2\/media?parent=61924"}],"wp:term":[{"taxonomy":"product_cat","embeddable":true,"href":"https:\/\/mouldking.store\/hu\/wp-json\/wp\/v2\/product_cat?post=61924"},{"taxonomy":"product_tag","embeddable":true,"href":"https:\/\/mouldking.store\/hu\/wp-json\/wp\/v2\/product_tag?post=61924"}],"curies":[{"name":"wp","href":"https:\/\/api.w.org\/{rel}","templated":true}]}}