{"id":61942,"date":"2024-11-01T17:36:56","date_gmt":"2024-11-01T10:36:56","guid":{"rendered":"https:\/\/mouldking.store\/shop\/moc-factory-89057-yo-gabba-gabba-brobee-plex-toodee-foofa-muno-with-636-pieces\/"},"modified":"2025-12-16T20:58:55","modified_gmt":"2025-12-16T13:58:55","slug":"moc-factory-89057-yo-gabba-gabba-brobee-plex-toodee-foofa-muno-with-636-pieces","status":"publish","type":"product","link":"https:\/\/mouldking.store\/hu\/shop\/moc-factory-89057-yo-gabba-gabba-brobee-plex-toodee-foofa-muno-with-636-pieces\/","title":{"rendered":"MOC Factory 89057 Yo Gabba Gabba Brobee Plex Toodee Foofa Muno with 636 Pieces"},"content":{"rendered":"<div>&nbsp; \u2705 MOC-89057 Yo Gabba Gabba Brobee Plex Toodee Foofa Muno<\/p>\n<p>\u2705 <strong>Yo Gabba Gabba!<\/strong> is a vibrant children\u2019s television show that combines music, dance, and educational content in a whimsical, colorful world. Created by Christian Jacobs and Scott Schultz, the show features a cast of unique and quirky characters who teach kids valuable lessons on friendship, emotions, and healthy habits through catchy songs and fun dance routines.<\/p>\n<p>\ud83d\udeab FONTOS!<\/p>\n<p>Product Name:&nbsp; Yo Gabba Gabba Brobee Plex Toodee Foofa Muno<\/p>\n<p>Kateg\u00f3ria: Film<\/p>\n<p>This Kit Contains:&nbsp; C10170<\/p>\n<p>636 pcs Good Quality Bricks<\/p>\n<p>Size:&nbsp; 4.8 x 10.2 x 15.5 cm<\/p>\n<p>Weight: 0.38 kg<\/p>\n<p>PDF \u00datmutat\u00f3<\/p>\n<p>\ud83d\udcccA f\u0151szerepl\u0151 term\u00e9szete<\/p>\n<p>Introducing our proud collection named \u201c Yo Gabba Gabba Brobee Plex Toodee Foofa Muno \u201d you should not miss.<\/p>\n<p>&nbsp; <strong>Brobee<\/strong> \u2013 Known as &#8220;the little green one,&#8221; Brobee is small, green, and fuzzy with big eyes and a shy, childlike personality. He often feels uncertain and learns about emotions and confidence along the way.&nbsp; <strong>Plex<\/strong> \u2013 Plex is the friendly yellow robot who acts as a guide for the characters, helping to explain concepts and sometimes providing solutions to problems. Plex is the most knowledgeable of the group and often helps mediate conflicts.&nbsp; <strong>Toodee<\/strong> \u2013 Toodee is a blue cat-dragon character who is full of energy, adventurous, and sometimes mischievous. Her personality is both curious and enthusiastic, often leading her on playful explorations.&nbsp; <strong>Foofa<\/strong> \u2013 Foofa is a pink, flower-bubble-like character who is gentle, sweet, and loves everything cute and beautiful. She brings a caring, calm presence to the group and often encourages kindness.&nbsp; <strong>Muno<\/strong> \u2013 Muno is a tall, red, one-eyed character with a friendly personality and a slight clumsiness that makes him endearing. He often learns about personal space and self-awareness.&nbsp;<\/div>","protected":false},"excerpt":{"rendered":"<p>M\u00e1rka: MOC Factory<br \/>\nNem: Uniszex<br \/>\nKoroszt\u00e1ly: &gt; 6 \u00e9v<br \/>\nModel Number: 89057<br \/>\nBesorol\u00e1s: \u00d6sszeszerel\u00e9s<br \/>\nM\u0171anyag blokk forma: \u00f6nz\u00e1r\u00f3 t\u00e9gla<br \/>\nAnyaga: M\u0171anyag<br \/>\nM\u0171anyag t\u00edpus: ABS<br \/>\nBricks Blocks: 636 +<br \/>\nEredeti doboza nincs<br \/>\nA term\u00e9k nem tartalmaz MAtric\u00e1t \u00e9s NYOMTATOTT alkatr\u00e9szeket. Minden nyomtatott alkatr\u00e9szt szabv\u00e1nyos alkatr\u00e9szre cser\u00e9l\u00fcnk, \u00e9s nem j\u00e1r bev\u00e9tel harmadik f\u00e9lt\u0151l sz\u00e1rmaz\u00f3 tartoz\u00e9kokkal.<\/p>","protected":false},"featured_media":61941,"comment_status":"open","ping_status":"closed","template":"","meta":{"_acf_changed":false},"product_cat":[1365,371,581,1408],"product_tag":[13692,11072,11775,8452,13695,13691,434,13696,13693,13694],"class_list":["product","first","instock","shipping-taxable","purchasable","product-type-simple"],"acf":[],"_links":{"self":[{"href":"https:\/\/mouldking.store\/hu\/wp-json\/wp\/v2\/product\/61942","targetHints":{"allow":["GET"]}}],"collection":[{"href":"https:\/\/mouldking.store\/hu\/wp-json\/wp\/v2\/product"}],"about":[{"href":"https:\/\/mouldking.store\/hu\/wp-json\/wp\/v2\/types\/product"}],"replies":[{"embeddable":true,"href":"https:\/\/mouldking.store\/hu\/wp-json\/wp\/v2\/comments?post=61942"}],"wp:featuredmedia":[{"embeddable":true,"href":"https:\/\/mouldking.store\/hu\/wp-json\/wp\/v2\/media\/61941"}],"wp:attachment":[{"href":"https:\/\/mouldking.store\/hu\/wp-json\/wp\/v2\/media?parent=61942"}],"wp:term":[{"taxonomy":"product_cat","embeddable":true,"href":"https:\/\/mouldking.store\/hu\/wp-json\/wp\/v2\/product_cat?post=61942"},{"taxonomy":"product_tag","embeddable":true,"href":"https:\/\/mouldking.store\/hu\/wp-json\/wp\/v2\/product_tag?post=61942"}],"curies":[{"name":"wp","href":"https:\/\/api.w.org\/{rel}","templated":true}]}}