{"id":61952,"date":"2024-11-01T17:37:22","date_gmt":"2024-11-01T10:37:22","guid":{"rendered":"https:\/\/mouldking.store\/shop\/moc-factory-89056-mecha-hermit-crab-with-898-pieces\/"},"modified":"2025-12-16T20:58:55","modified_gmt":"2025-12-16T13:58:55","slug":"moc-factory-89056-mecha-hermit-crab-with-898-pieces","status":"publish","type":"product","link":"https:\/\/mouldking.store\/hu\/shop\/moc-factory-89056-mecha-hermit-crab-with-898-pieces\/","title":{"rendered":"MOC Factory 89056 Mecha Hermit Crab with 898 Pieces"},"content":{"rendered":"<div>&nbsp; \u2705 MOC-89056 Mecha Hermit Crab<\/p>\n<p>\u2705 A <strong>Mecha Hermit Crab<\/strong> is a fascinating concept that combines the natural traits of a hermit crab with the aesthetic and functionality of a mechanized, robotic creature. Imagining this creature involves envisioning the adaptable and resilient qualities of a hermit crab\u2014known for using abandoned shells or objects for protection\u2014augmented by advanced technology and robotics.<\/p>\n<p>\ud83d\udeab FONTOS!<\/p>\n<p>Name:&nbsp; Mecha Hermit Crab<\/p>\n<p>Kateg\u00f3ria: Film<\/p>\n<p>This Kit Contains:&nbsp; C10171<\/p>\n<p>898&nbsp; pcs Good Quality Bricks<\/p>\n<p>Size:&nbsp; 23 x 20 x 20 cm<\/p>\n<p>Weight: 0.41 kg<\/p>\n<p>PDF \u00datmutat\u00f3<\/p>\n<p>\ud83d\udcccA f\u0151szerepl\u0151 term\u00e9szete<\/p>\n<p>Introducing our proud collection named \u201c Mecha Hermit Crab \u201d you should not miss.<\/p>\n<p>&nbsp; The <strong>Mecha Hermit Crab<\/strong> could have a metallic exoskeleton with articulated legs and a high degree of mobility, allowing it to traverse diverse terrains with ease. Instead of a traditional shell, this robotic version might carry a fortified metal structure on its back, perhaps resembling a mechanical bunker or pod, equipped with various attachments or compartments. In a sci-fi or futuristic setting, this shell could serve different functions, such as storing energy, housing weaponry, or even allowing the Mecha Hermit Crab to detach and swap &#8220;shells&#8221; for different tasks\u2014like a mobile, customizable workstation.&nbsp;<\/div>","protected":false},"excerpt":{"rendered":"<p>M\u00e1rka: MOC Factory<br \/>\nNem: Uniszex<br \/>\nKoroszt\u00e1ly: &gt; 6 \u00e9v<br \/>\nModel Number: 89056<br \/>\nBesorol\u00e1s: \u00d6sszeszerel\u00e9s<br \/>\nM\u0171anyag blokk forma: \u00f6nz\u00e1r\u00f3 t\u00e9gla<br \/>\nAnyaga: M\u0171anyag<br \/>\nM\u0171anyag t\u00edpus: ABS<br \/>\nBricks Blocks: 898 +<br \/>\nEredeti doboza nincs<br \/>\nA term\u00e9k nem tartalmaz MAtric\u00e1t \u00e9s NYOMTATOTT alkatr\u00e9szeket. Minden nyomtatott alkatr\u00e9szt szabv\u00e1nyos alkatr\u00e9szre cser\u00e9l\u00fcnk, \u00e9s nem j\u00e1r bev\u00e9tel harmadik f\u00e9lt\u0151l sz\u00e1rmaz\u00f3 tartoz\u00e9kokkal.<\/p>","protected":false},"featured_media":61951,"comment_status":"open","ping_status":"closed","template":"","meta":{"_acf_changed":false},"product_cat":[1365,371,581,1408],"product_tag":[6825,11072,11775,8452,13697,9302,434],"class_list":["product","first","instock","shipping-taxable","purchasable","product-type-simple"],"acf":[],"_links":{"self":[{"href":"https:\/\/mouldking.store\/hu\/wp-json\/wp\/v2\/product\/61952","targetHints":{"allow":["GET"]}}],"collection":[{"href":"https:\/\/mouldking.store\/hu\/wp-json\/wp\/v2\/product"}],"about":[{"href":"https:\/\/mouldking.store\/hu\/wp-json\/wp\/v2\/types\/product"}],"replies":[{"embeddable":true,"href":"https:\/\/mouldking.store\/hu\/wp-json\/wp\/v2\/comments?post=61952"}],"wp:featuredmedia":[{"embeddable":true,"href":"https:\/\/mouldking.store\/hu\/wp-json\/wp\/v2\/media\/61951"}],"wp:attachment":[{"href":"https:\/\/mouldking.store\/hu\/wp-json\/wp\/v2\/media?parent=61952"}],"wp:term":[{"taxonomy":"product_cat","embeddable":true,"href":"https:\/\/mouldking.store\/hu\/wp-json\/wp\/v2\/product_cat?post=61952"},{"taxonomy":"product_tag","embeddable":true,"href":"https:\/\/mouldking.store\/hu\/wp-json\/wp\/v2\/product_tag?post=61952"}],"curies":[{"name":"wp","href":"https:\/\/api.w.org\/{rel}","templated":true}]}}