{"id":61974,"date":"2024-11-01T17:38:26","date_gmt":"2024-11-01T10:38:26","guid":{"rendered":"https:\/\/mouldking.store\/shop\/moc-factory-182553-dune-ornithopter-display-stand-with-374-pieces\/"},"modified":"2025-12-16T20:58:55","modified_gmt":"2025-12-16T13:58:55","slug":"moc-factory-182553-dune-ornithopter-display-stand-with-374-pieces","status":"publish","type":"product","link":"https:\/\/mouldking.store\/hu\/shop\/moc-factory-182553-dune-ornithopter-display-stand-with-374-pieces\/","title":{"rendered":"MOC Factory 182553 D\u0171ne Ornitopter Ki\u00e1ll\u00edt\u00f3 \u00c1llv\u00e1ny 374 Darabos"},"content":{"rendered":"<div>&nbsp; \u2705 MOC-182553 Dune Ornithopter Display Stand<\/p>\n<p>\u2705 A <strong>Dune Ornithopter Display Stand<\/strong> is designed to showcase the iconic <strong>Ornithopter<\/strong> from <em>D\u0171ne<\/em>, Frank Herbert&#8217;s legendary sci-fi series recently brought to life in Denis Villeneuve&#8217;s film adaptation. Ornithopters, or &#8220;thopters,&#8221; are aircraft used on the desert planet Arrakis, characterized by their unique insect-like wings that flap for lift and maneuverability, much like dragonflies.&nbsp;<\/p>\n<p>\ud83d\udeab FONTOS!<\/p>\n<p>Product Name:&nbsp; Dune Ornithopter Display Stand&nbsp;<\/p>\n<p>Kateg\u00f3ria: Film<\/p>\n<p>This Kit Contains:&nbsp; C10179&nbsp;<\/p>\n<p>374 pcs Good Quality Bricks<\/p>\n<p>Size:&nbsp; 29 x 15 x 8 cm&nbsp;<\/p>\n<p>Weight: 0.55 kg&nbsp;<\/p>\n<p>PDF \u00datmutat\u00f3<\/p>\n<p>\ud83d\udcccA f\u0151szerepl\u0151 term\u00e9szete<\/p>\n<p>Introducing our proud collection named \u201c Dune Ornithopter Display Stand \u201d you should not miss.<\/p>\n<p>&nbsp; A display stand for a Dune Ornithopter would ideally reflect both the rugged, functional aesthetic of the thopter and the expansive, harsh environment of Arrakis. The base could be textured to resemble the desert sands, with subtle, natural-looking details like ripples and dunes, capturing the essence of the planet&#8217;s landscape. The stand could also feature a sleek, metallic arm or frame that securely holds the model in mid-air, giving the impression of flight and allowing viewers to admire the thopter\u2019s intricate wing structure and angular, aerodynamic design.&nbsp;<\/p><\/div>","protected":false},"excerpt":{"rendered":"<p>M\u00e1rka: MOC Factory<br \/>\nNem: Uniszex<br \/>\nKoroszt\u00e1ly: &gt; 6 \u00e9v<br \/>\nModel Number: 182553<br \/>\nBesorol\u00e1s: \u00d6sszeszerel\u00e9s<br \/>\nM\u0171anyag blokk forma: \u00f6nz\u00e1r\u00f3 t\u00e9gla<br \/>\nAnyaga: M\u0171anyag<br \/>\nM\u0171anyag t\u00edpus: ABS<br \/>\nBricks Blocks: 374 +<br \/>\nEredeti doboza nincs<br \/>\nA term\u00e9k nem tartalmaz MAtric\u00e1t \u00e9s NYOMTATOTT alkatr\u00e9szeket. Minden nyomtatott alkatr\u00e9szt szabv\u00e1nyos alkatr\u00e9szre cser\u00e9l\u00fcnk, \u00e9s nem j\u00e1r bev\u00e9tel harmadik f\u00e9lt\u0151l sz\u00e1rmaz\u00f3 tartoz\u00e9kokkal.<\/p>","protected":false},"featured_media":61973,"comment_status":"open","ping_status":"closed","template":"","meta":{"_acf_changed":false},"product_cat":[1357,581,364,1408],"product_tag":[10665,13705,13704,434,13653,9946,389],"class_list":["product","first","instock","shipping-taxable","purchasable","product-type-simple"],"acf":[],"_links":{"self":[{"href":"https:\/\/mouldking.store\/hu\/wp-json\/wp\/v2\/product\/61974","targetHints":{"allow":["GET"]}}],"collection":[{"href":"https:\/\/mouldking.store\/hu\/wp-json\/wp\/v2\/product"}],"about":[{"href":"https:\/\/mouldking.store\/hu\/wp-json\/wp\/v2\/types\/product"}],"replies":[{"embeddable":true,"href":"https:\/\/mouldking.store\/hu\/wp-json\/wp\/v2\/comments?post=61974"}],"wp:featuredmedia":[{"embeddable":true,"href":"https:\/\/mouldking.store\/hu\/wp-json\/wp\/v2\/media\/61973"}],"wp:attachment":[{"href":"https:\/\/mouldking.store\/hu\/wp-json\/wp\/v2\/media?parent=61974"}],"wp:term":[{"taxonomy":"product_cat","embeddable":true,"href":"https:\/\/mouldking.store\/hu\/wp-json\/wp\/v2\/product_cat?post=61974"},{"taxonomy":"product_tag","embeddable":true,"href":"https:\/\/mouldking.store\/hu\/wp-json\/wp\/v2\/product_tag?post=61974"}],"curies":[{"name":"wp","href":"https:\/\/api.w.org\/{rel}","templated":true}]}}