{"id":61995,"date":"2024-11-01T17:45:13","date_gmt":"2024-11-01T10:45:13","guid":{"rendered":"https:\/\/mouldking.store\/shop\/moc-factory-182853-horizon-forbidden-west-tideripper-with-2398-pieces\/"},"modified":"2025-12-16T20:58:55","modified_gmt":"2025-12-16T13:58:55","slug":"moc-factory-182853-horizon-forbidden-west-tideripper-with-2398-pieces","status":"publish","type":"product","link":"https:\/\/mouldking.store\/hu\/shop\/moc-factory-182853-horizon-forbidden-west-tideripper-with-2398-pieces\/","title":{"rendered":"MOC Factory 182853 Horizon Forbidden West Tideripper 2398 darabbal"},"content":{"rendered":"<div>&nbsp; \u2705 MOC-182853 Horizon Forbidden West Tideripper<\/p>\n<p>\u2705 A <strong>Tideripper<\/strong> egy f\u00e9lelmetes g\u00e9p, amivel tal\u00e1lkoztunk <em>Horizont Tiltott Nyugat<\/em>, a folytat\u00e1sa <em>Horizon Zero Dawn<\/em>. Ez a hatalmas, k\u00e9t\u00e9lt\u0171 l\u00e9ny r\u00e9sze a j\u00e1t\u00e9k v\u00e1ltozatos, robotiz\u00e1lt vadvil\u00e1g\u00e1nak \u00f6kosziszt\u00e9m\u00e1j\u00e1nak, amely \u00f6tv\u00f6zi az \u0151skori l\u00e9nyek \u00e9s a fejlett technol\u00f3gia elemeit. A Tideripper a val\u00f3 vil\u00e1g \u00e1llataib\u00f3l \u00e9s mitikus tengeri l\u00e9nyeib\u0151l mer\u00edt ihletet, b\u00e1lna \u00e9s krokodil kever\u00e9k\u00e9re eml\u00e9keztet, karcs\u00fa, \u00e1ramvonalas test\u00e9vel, amelyet a v\u00edzben \u00e9s a sz\u00e1razf\u00f6ld\u00f6n val\u00f3 mozg\u00e9kony mozg\u00e1shoz terveztek.&nbsp;<\/p>\n<p>\ud83d\udeab FONTOS!<\/p>\n<p>Term\u00e9k neve: Horizon Forbidden West Tideripper&nbsp;<\/p>\n<p>Kateg\u00f3ria: Film<\/p>\n<p>A k\u00e9szlet tartalma: C10189&nbsp;<\/p>\n<p>2398 db J\u00f3 min\u0151s\u00e9g\u0171 t\u00e9gla<\/p>\n<p>M\u00e9rete: 74,1 x 28,5 x 21,9 cm&nbsp;<\/p>\n<p>S\u00faly: 1,2 kg&nbsp;<\/p>\n<p>PDF \u00datmutat\u00f3<\/p>\n<p>\ud83d\udcccA f\u0151szerepl\u0151 term\u00e9szete<\/p>\n<p>Bemutatjuk a \u201eHorizon Forbidden West Tideripper\u201d nev\u0171 b\u00fcszke kollekci\u00f3nkat, amelyet nem szabad kihagyni.<\/p>\n<p>&nbsp; Diz\u00e1jn tekintet\u00e9ben a Tideripper vizu\u00e1lisan felt\u0171n\u0151, a f\u00e9mes fel\u00fcletek \u00e9s az organikus form\u00e1k kever\u00e9ke val\u00f3s\u00e1gh\u0171s\u00e9get \u00e9s hihet\u0151s\u00e9get k\u00f6lcs\u00f6n\u00f6z neki. Test\u00e9t \u00e9les, sz\u00f6gletes von\u00e1sok d\u00edsz\u00edtik, kiemelked\u0151 uszonyai \u00e9s nagy, er\u0151teljes farka teszik lehet\u0151v\u00e9, hogy hat\u00e9konyan \u00fasszon \u00e9s nagy er\u0151vel t\u00e1madjon. A l\u00e9ny ragyog\u00f3 szemei \u00e9s a b\u0151r\u00e9n l\u00e9v\u0151 bonyolult mint\u00e1k n\u00f6velik eszt\u00e9tikai vonzerej\u00e9t, \u00edgy kiemelkedik a j\u00e1t\u00e9k t\u00f6bbi g\u00e9pe k\u00f6z\u00fcl.&nbsp;<\/p><\/div>","protected":false},"excerpt":{"rendered":"<p>M\u00e1rka: MOC Factory<br \/>\nNem: Uniszex<br \/>\nKoroszt\u00e1ly: &gt; 6 \u00e9v<br \/>\nModellsz\u00e1m: 182853<br \/>\nBesorol\u00e1s: \u00d6sszeszerel\u00e9s<br \/>\nM\u0171anyag blokk forma: \u00f6nz\u00e1r\u00f3 t\u00e9gla<br \/>\nAnyaga: M\u0171anyag<br \/>\nM\u0171anyag t\u00edpus: ABS<br \/>\nT\u00e9gla T\u00e9gla: 2398 +<br \/>\nEredeti doboza nincs<br \/>\nA term\u00e9k nem tartalmaz MAtric\u00e1t \u00e9s NYOMTATOTT alkatr\u00e9szeket. Minden nyomtatott alkatr\u00e9szt szabv\u00e1nyos alkatr\u00e9szre cser\u00e9l\u00fcnk, \u00e9s nem j\u00e1r bev\u00e9tel harmadik f\u00e9lt\u0151l sz\u00e1rmaz\u00f3 tartoz\u00e9kokkal.<\/p>","protected":false},"featured_media":61994,"comment_status":"open","ping_status":"closed","template":"","meta":{"_acf_changed":false},"product_cat":[1365,371,581,1408],"product_tag":[11072,11775,8452,9815,8168,434,13710,8965],"class_list":["product","first","instock","shipping-taxable","purchasable","product-type-simple"],"acf":[],"_links":{"self":[{"href":"https:\/\/mouldking.store\/hu\/wp-json\/wp\/v2\/product\/61995","targetHints":{"allow":["GET"]}}],"collection":[{"href":"https:\/\/mouldking.store\/hu\/wp-json\/wp\/v2\/product"}],"about":[{"href":"https:\/\/mouldking.store\/hu\/wp-json\/wp\/v2\/types\/product"}],"replies":[{"embeddable":true,"href":"https:\/\/mouldking.store\/hu\/wp-json\/wp\/v2\/comments?post=61995"}],"wp:featuredmedia":[{"embeddable":true,"href":"https:\/\/mouldking.store\/hu\/wp-json\/wp\/v2\/media\/61994"}],"wp:attachment":[{"href":"https:\/\/mouldking.store\/hu\/wp-json\/wp\/v2\/media?parent=61995"}],"wp:term":[{"taxonomy":"product_cat","embeddable":true,"href":"https:\/\/mouldking.store\/hu\/wp-json\/wp\/v2\/product_cat?post=61995"},{"taxonomy":"product_tag","embeddable":true,"href":"https:\/\/mouldking.store\/hu\/wp-json\/wp\/v2\/product_tag?post=61995"}],"curies":[{"name":"wp","href":"https:\/\/api.w.org\/{rel}","templated":true}]}}