{"id":62136,"date":"2024-11-11T16:37:40","date_gmt":"2024-11-11T09:37:40","guid":{"rendered":"https:\/\/mouldking.store\/shop\/moc-factory-89045-mighty-morphin-power-rangers-megazord-dragonzord-with-285-pieces\/"},"modified":"2025-12-16T20:58:54","modified_gmt":"2025-12-16T13:58:54","slug":"moc-factory-89045-mighty-morphin-power-rangers-megazord-dragonzord-with-285-pieces","status":"publish","type":"product","link":"https:\/\/mouldking.store\/hu\/shop\/moc-factory-89045-mighty-morphin-power-rangers-megazord-dragonzord-with-285-pieces\/","title":{"rendered":"MOC Factory 89045 Mighty Morphin Power Rangers Megazord Dragonzord with 285 Pieces"},"content":{"rendered":"<div>&nbsp; \u2705 MOC-89045 Mighty Morphin Power Rangers Megazord Dragonzord<\/p>\n<p>\u2705 A <strong>Mighty Morphin Power Rangers Megazord<\/strong> and <strong>Dragonzord<\/strong> are iconic components of the <em>Mighty Morphin Power Rangers<\/em> franchise, each with its own distinctive features and history in the show.<\/p>\n<p>\ud83d\udeab FONTOS!<\/p>\n<p>Product Name:&nbsp; Mighty Morphin Power Rangers Megazord Dragonzord<\/p>\n<p>Category: Game<\/p>\n<p>This Kit Contains:&nbsp; C10144<\/p>\n<p>285 pcs Good Quality Bricks<\/p>\n<p>Size:&nbsp; 7.3 x 11.8 x 13.6 cm<\/p>\n<p>Weight: 0.13 kg<\/p>\n<p>PDF \u00datmutat\u00f3<\/p>\n<p>\ud83d\udcccA f\u0151szerepl\u0151 term\u00e9szete<\/p>\n<p>Introducing our proud collection named \u201c Mighty Morphin Power Rangers Megazord Dragonzord \u201d you should not miss.<\/p>\n<p>&nbsp; The <strong>Megazord<\/strong> is the combination of the five <strong>Power Rangers\u2019 Zords<\/strong> (giant mechanical animals) into a single, powerful robot. This occurs after the Rangers summon their Zords and merge them into the Megazord, using teamwork and precision.&nbsp; The <strong>Dragonzord<\/strong> is another powerful Zord, typically piloted by <strong>Tommy Oliver<\/strong>, the <strong>Green Ranger<\/strong>, in the <em>Mighty Morphin Power Rangers<\/em> series.&nbsp;<\/div>","protected":false},"excerpt":{"rendered":"<p>M\u00e1rka: MOC Factory<br \/>\nNem: Uniszex<br \/>\nKoroszt\u00e1ly: &gt; 6 \u00e9v<br \/>\nModel Number: 89045<br \/>\nBesorol\u00e1s: \u00d6sszeszerel\u00e9s<br \/>\nM\u0171anyag blokk forma: \u00f6nz\u00e1r\u00f3 t\u00e9gla<br \/>\nAnyaga: M\u0171anyag<br \/>\nM\u0171anyag t\u00edpus: ABS<br \/>\nBricks Blocks: 285 +<br \/>\nEredeti doboza nincs<br \/>\nA term\u00e9k nem tartalmaz MAtric\u00e1t \u00e9s NYOMTATOTT alkatr\u00e9szeket. Minden nyomtatott alkatr\u00e9szt szabv\u00e1nyos alkatr\u00e9szre cser\u00e9l\u00fcnk, \u00e9s nem j\u00e1r bev\u00e9tel harmadik f\u00e9lt\u0151l sz\u00e1rmaz\u00f3 tartoz\u00e9kokkal.<\/p>","protected":false},"featured_media":62135,"comment_status":"open","ping_status":"closed","template":"","meta":{"_acf_changed":false},"product_cat":[1365,1769,371],"product_tag":[11072,8452,11800,9139,13729,11796,11797,7978,11798,590],"class_list":["product","first","instock","shipping-taxable","purchasable","product-type-simple"],"acf":[],"_links":{"self":[{"href":"https:\/\/mouldking.store\/hu\/wp-json\/wp\/v2\/product\/62136","targetHints":{"allow":["GET"]}}],"collection":[{"href":"https:\/\/mouldking.store\/hu\/wp-json\/wp\/v2\/product"}],"about":[{"href":"https:\/\/mouldking.store\/hu\/wp-json\/wp\/v2\/types\/product"}],"replies":[{"embeddable":true,"href":"https:\/\/mouldking.store\/hu\/wp-json\/wp\/v2\/comments?post=62136"}],"wp:featuredmedia":[{"embeddable":true,"href":"https:\/\/mouldking.store\/hu\/wp-json\/wp\/v2\/media\/62135"}],"wp:attachment":[{"href":"https:\/\/mouldking.store\/hu\/wp-json\/wp\/v2\/media?parent=62136"}],"wp:term":[{"taxonomy":"product_cat","embeddable":true,"href":"https:\/\/mouldking.store\/hu\/wp-json\/wp\/v2\/product_cat?post=62136"},{"taxonomy":"product_tag","embeddable":true,"href":"https:\/\/mouldking.store\/hu\/wp-json\/wp\/v2\/product_tag?post=62136"}],"curies":[{"name":"wp","href":"https:\/\/api.w.org\/{rel}","templated":true}]}}