{"id":62150,"date":"2024-11-11T16:38:07","date_gmt":"2024-11-11T09:38:07","guid":{"rendered":"https:\/\/mouldking.store\/shop\/moc-factory-89043-kinitopet-kinito-with-196-pieces\/"},"modified":"2025-12-16T20:58:54","modified_gmt":"2025-12-16T13:58:54","slug":"moc-factory-89043-kinitopet-kinito-with-196-pieces","status":"publish","type":"product","link":"https:\/\/mouldking.store\/hu\/shop\/moc-factory-89043-kinitopet-kinito-with-196-pieces\/","title":{"rendered":"MOC Factory 89043 KinitoPET Kinito with 196 Pieces"},"content":{"rendered":"<div>&nbsp; \u2705 MOC-89043 KinitoPET Kinito<\/p>\n<p>\u2705 KinitoPET is a virtual assistant game developed by Kinito Interactive. Initially designed to be a friendly and engaging desktop companion, KinitoPET offers a range of fun features, including interactive games, storytelling, and a customizable virtual friend that adapts to its user. The game is described as a digital friend that learns from real-world interactions, providing a fresh and unique experience each time you interact with it&nbsp;<\/p>\n<p>\ud83d\udeab FONTOS!<\/p>\n<p>Product Name:&nbsp; KinitoPET Kinito<\/p>\n<p>Category: Game<\/p>\n<p>This Kit Contains:&nbsp; C10180&nbsp;<\/p>\n<p>&nbsp;196 pcs Good Quality Bricks<\/p>\n<p>Size:&nbsp; 12.4 x 6.2 x 19.5 cm&nbsp;<\/p>\n<p>&nbsp;S\u00faly: 0,16 kg&nbsp;<\/p>\n<p>PDF \u00datmutat\u00f3<\/p>\n<p>\ud83d\udcccA f\u0151szerepl\u0151 term\u00e9szete<\/p>\n<p>Introducing our proud collection named \u201c KinitoPET Kinito \u201d you should not miss.<\/p>\n<p>&nbsp; However, there&#8217;s a darker, more unsettling side to KinitoPET as well, particularly in its psychological horror game variant. This version of the game involves a creepy narrative where Kinito starts as a friendly assistant but gradually becomes more manipulative and disturbing. The player\u2019s interactions with Kinito blur the lines between the digital and the real, leading to a series of eerie events and decisions that influence the outcome of the game\u200b&nbsp;<\/p><\/div>","protected":false},"excerpt":{"rendered":"<p>M\u00e1rka: MOC Factory<br \/>\nNem: Uniszex<br \/>\nKoroszt\u00e1ly: &gt; 6 \u00e9v<br \/>\nModel Number: 89043<br \/>\nBesorol\u00e1s: \u00d6sszeszerel\u00e9s<br \/>\nM\u0171anyag blokk forma: \u00f6nz\u00e1r\u00f3 t\u00e9gla<br \/>\nAnyaga: M\u0171anyag<br \/>\nM\u0171anyag t\u00edpus: ABS<br \/>\nBricks Blocks: 196 +<br \/>\nEredeti doboza nincs<br \/>\nA term\u00e9k nem tartalmaz MAtric\u00e1t \u00e9s NYOMTATOTT alkatr\u00e9szeket. Minden nyomtatott alkatr\u00e9szt szabv\u00e1nyos alkatr\u00e9szre cser\u00e9l\u00fcnk, \u00e9s nem j\u00e1r bev\u00e9tel harmadik f\u00e9lt\u0151l sz\u00e1rmaz\u00f3 tartoz\u00e9kokkal.<\/p>","protected":false},"featured_media":62149,"comment_status":"open","ping_status":"closed","template":"","meta":{"_acf_changed":false},"product_cat":[1365,1769,371],"product_tag":[11110,11072,11775,8452,9139,13732,13731],"class_list":["product","first","instock","shipping-taxable","purchasable","product-type-simple"],"acf":[],"_links":{"self":[{"href":"https:\/\/mouldking.store\/hu\/wp-json\/wp\/v2\/product\/62150","targetHints":{"allow":["GET"]}}],"collection":[{"href":"https:\/\/mouldking.store\/hu\/wp-json\/wp\/v2\/product"}],"about":[{"href":"https:\/\/mouldking.store\/hu\/wp-json\/wp\/v2\/types\/product"}],"replies":[{"embeddable":true,"href":"https:\/\/mouldking.store\/hu\/wp-json\/wp\/v2\/comments?post=62150"}],"wp:featuredmedia":[{"embeddable":true,"href":"https:\/\/mouldking.store\/hu\/wp-json\/wp\/v2\/media\/62149"}],"wp:attachment":[{"href":"https:\/\/mouldking.store\/hu\/wp-json\/wp\/v2\/media?parent=62150"}],"wp:term":[{"taxonomy":"product_cat","embeddable":true,"href":"https:\/\/mouldking.store\/hu\/wp-json\/wp\/v2\/product_cat?post=62150"},{"taxonomy":"product_tag","embeddable":true,"href":"https:\/\/mouldking.store\/hu\/wp-json\/wp\/v2\/product_tag?post=62150"}],"curies":[{"name":"wp","href":"https:\/\/api.w.org\/{rel}","templated":true}]}}