{"id":62170,"date":"2024-11-11T16:40:33","date_gmt":"2024-11-11T09:40:33","guid":{"rendered":"https:\/\/mouldking.store\/shop\/moc-factory-89047-zoonomaly-turtle-snake-shark-spider-horse-bat-with-1355-pieces\/"},"modified":"2025-12-16T20:58:54","modified_gmt":"2025-12-16T13:58:54","slug":"moc-factory-89047-zoonomaly-turtle-snake-shark-spider-horse-bat-with-1355-pieces","status":"publish","type":"product","link":"https:\/\/mouldking.store\/hu\/shop\/moc-factory-89047-zoonomaly-turtle-snake-shark-spider-horse-bat-with-1355-pieces\/","title":{"rendered":"MOC Factory 89047 Zoonomaly Turtle Snake Shark Spider Horse Bat with 1355 Pieces"},"content":{"rendered":"<div>&nbsp; \u2705 MOC-89047 Zoonomaly Turtle Snake Shark Spider Horse Bat<\/p>\n<p>\u2705 In the game <em>Zoonomaly<\/em>, players likely encounter or control unique creatures that combine characteristics from various animals. The idea might be to harness each creature\u2019s hybrid abilities to overcome obstacles, defeat opponents, or complete quests.&nbsp;<\/p>\n<p>\ud83d\udeab FONTOS!<\/p>\n<p>Product Name:&nbsp; Zoonomaly Turtle Snake Shark Spider Horse Bat&nbsp;<\/p>\n<p>Category: Game<\/p>\n<p>This Kit Contains:&nbsp; C10090Y06&nbsp;<\/p>\n<p>1355 pcs Good Quality Bricks<\/p>\n<p>Size:&nbsp; 10.5 x 10.8 x 5.3 cm&nbsp;<\/p>\n<p>S\u00faly: 0,73 kg&nbsp;<\/p>\n<p>PDF \u00datmutat\u00f3<\/p>\n<p>\ud83d\udcccA f\u0151szerepl\u0151 term\u00e9szete<\/p>\n<p>Introducing our proud collection named \u201c Zoonomaly Turtle Snake Shark Spider Horse Bat \u201d you should not miss.<\/p>\n<p>&nbsp; Each of these hybrids would bring unique strengths and weaknesses, making strategy crucial. For example, aquatic hybrids like the Shark-Spider might be vulnerable on dry land but unstoppable in water-based levels. The game could involve creating teams with complementary skills to maximize survival or success.&nbsp;<\/p><\/div>","protected":false},"excerpt":{"rendered":"<p>M\u00e1rka: MOC Factory<br \/>\nNem: Uniszex<br \/>\nKoroszt\u00e1ly: &gt; 6 \u00e9v<br \/>\nModel Number: 89047<br \/>\nBesorol\u00e1s: \u00d6sszeszerel\u00e9s<br \/>\nM\u0171anyag blokk forma: \u00f6nz\u00e1r\u00f3 t\u00e9gla<br \/>\nAnyaga: M\u0171anyag<br \/>\nM\u0171anyag t\u00edpus: ABS<br \/>\nT\u00e9gla blokkok: 1355 +<br \/>\nEredeti doboza nincs<br \/>\nA term\u00e9k nem tartalmaz MAtric\u00e1t \u00e9s NYOMTATOTT alkatr\u00e9szeket. Minden nyomtatott alkatr\u00e9szt szabv\u00e1nyos alkatr\u00e9szre cser\u00e9l\u00fcnk, \u00e9s nem j\u00e1r bev\u00e9tel harmadik f\u00e9lt\u0151l sz\u00e1rmaz\u00f3 tartoz\u00e9kokkal.<\/p>","protected":false},"featured_media":62169,"comment_status":"open","ping_status":"closed","template":"","meta":{"_acf_changed":false},"product_cat":[1365,1769,371],"product_tag":[11110,11329,11072,11775,8452,9139,9573,5969,13432,6630,6812,13660],"class_list":["product","first","instock","shipping-taxable","purchasable","product-type-simple"],"acf":[],"_links":{"self":[{"href":"https:\/\/mouldking.store\/hu\/wp-json\/wp\/v2\/product\/62170","targetHints":{"allow":["GET"]}}],"collection":[{"href":"https:\/\/mouldking.store\/hu\/wp-json\/wp\/v2\/product"}],"about":[{"href":"https:\/\/mouldking.store\/hu\/wp-json\/wp\/v2\/types\/product"}],"replies":[{"embeddable":true,"href":"https:\/\/mouldking.store\/hu\/wp-json\/wp\/v2\/comments?post=62170"}],"wp:featuredmedia":[{"embeddable":true,"href":"https:\/\/mouldking.store\/hu\/wp-json\/wp\/v2\/media\/62169"}],"wp:attachment":[{"href":"https:\/\/mouldking.store\/hu\/wp-json\/wp\/v2\/media?parent=62170"}],"wp:term":[{"taxonomy":"product_cat","embeddable":true,"href":"https:\/\/mouldking.store\/hu\/wp-json\/wp\/v2\/product_cat?post=62170"},{"taxonomy":"product_tag","embeddable":true,"href":"https:\/\/mouldking.store\/hu\/wp-json\/wp\/v2\/product_tag?post=62170"}],"curies":[{"name":"wp","href":"https:\/\/api.w.org\/{rel}","templated":true}]}}