{"id":62177,"date":"2024-11-11T16:44:31","date_gmt":"2024-11-11T09:44:31","guid":{"rendered":"https:\/\/mouldking.store\/shop\/moc-factory-89041-if-blue-with-401-pieces\/"},"modified":"2025-12-16T20:58:54","modified_gmt":"2025-12-16T13:58:54","slug":"moc-factory-89041-if-blue-with-401-pieces","status":"publish","type":"product","link":"https:\/\/mouldking.store\/hu\/shop\/moc-factory-89041-if-blue-with-401-pieces\/","title":{"rendered":"MOC Factory 89041 IF Blue with 401 Pieces"},"content":{"rendered":"<div>&nbsp; \u2705 MOC-89041 IF Blue<\/p>\n<p>\u2705 In <em>IF<\/em>, <strong>K\u00e9k<\/strong> is one of the primary imaginary friends (IFs) in the story. Voiced by Steve Carell, Blue is a large, purple, and somewhat goofy character. He&#8217;s described as a comforting figure with a deep emotional connection to his creator, as he is intended to provide warmth and affection. Blue\u2019s size is intended to give a sense of security and love, although he&#8217;s not particularly strong or intimidating\u2014his biggest trait is his ability to offer giant hugs, which symbolizes his nurturing role.&nbsp;<\/p>\n<p>\ud83d\udeab FONTOS!<\/p>\n<p>Product Name:&nbsp; IF Blue&nbsp;<\/p>\n<p>Category:&nbsp; Movie&nbsp;<\/p>\n<p>This Kit Contains:&nbsp; C10182&nbsp;<\/p>\n<p>401 pcs Good Quality Bricks<\/p>\n<p>Size:&nbsp; 11.7 x 6.9 x 12.3 cm&nbsp;<\/p>\n<p>Weight: 0.25 kg&nbsp;<\/p>\n<p>PDF \u00datmutat\u00f3<\/p>\n<p>\ud83d\udcccA f\u0151szerepl\u0151 term\u00e9szete<\/p>\n<p>Introducing our proud collection named \u201c&nbsp; IF Blue \u201d you should not miss.<\/p>\n<p>&nbsp; Interestingly, the character of Blue isn&#8217;t literally blue. This is because his creator was colorblind, so Blue is a different color from what one might expect. His role in the film involves helping the young girl navigate the emotional journey of reconnecting with the forgotten world of imaginary friends\u200b&nbsp;<\/p><\/div>","protected":false},"excerpt":{"rendered":"<p>M\u00e1rka: MOC Factory<br \/>\nNem: Uniszex<br \/>\nKoroszt\u00e1ly: &gt; 6 \u00e9v<br \/>\nModel Number: 89041<br \/>\nBesorol\u00e1s: \u00d6sszeszerel\u00e9s<br \/>\nM\u0171anyag blokk forma: \u00f6nz\u00e1r\u00f3 t\u00e9gla<br \/>\nAnyaga: M\u0171anyag<br \/>\nM\u0171anyag t\u00edpus: ABS<br \/>\nBricks Blocks: 401 +<br \/>\nEredeti doboza nincs<br \/>\nA term\u00e9k nem tartalmaz MAtric\u00e1t \u00e9s NYOMTATOTT alkatr\u00e9szeket. Minden nyomtatott alkatr\u00e9szt szabv\u00e1nyos alkatr\u00e9szre cser\u00e9l\u00fcnk, \u00e9s nem j\u00e1r bev\u00e9tel harmadik f\u00e9lt\u0151l sz\u00e1rmaz\u00f3 tartoz\u00e9kokkal.<\/p>","protected":false},"featured_media":62176,"comment_status":"open","ping_status":"closed","template":"","meta":{"_acf_changed":false},"product_cat":[1365,371,581,1408],"product_tag":[11110,10982,11072,11775,8452,434],"class_list":["product","first","instock","shipping-taxable","purchasable","product-type-simple"],"acf":[],"_links":{"self":[{"href":"https:\/\/mouldking.store\/hu\/wp-json\/wp\/v2\/product\/62177","targetHints":{"allow":["GET"]}}],"collection":[{"href":"https:\/\/mouldking.store\/hu\/wp-json\/wp\/v2\/product"}],"about":[{"href":"https:\/\/mouldking.store\/hu\/wp-json\/wp\/v2\/types\/product"}],"replies":[{"embeddable":true,"href":"https:\/\/mouldking.store\/hu\/wp-json\/wp\/v2\/comments?post=62177"}],"wp:featuredmedia":[{"embeddable":true,"href":"https:\/\/mouldking.store\/hu\/wp-json\/wp\/v2\/media\/62176"}],"wp:attachment":[{"href":"https:\/\/mouldking.store\/hu\/wp-json\/wp\/v2\/media?parent=62177"}],"wp:term":[{"taxonomy":"product_cat","embeddable":true,"href":"https:\/\/mouldking.store\/hu\/wp-json\/wp\/v2\/product_cat?post=62177"},{"taxonomy":"product_tag","embeddable":true,"href":"https:\/\/mouldking.store\/hu\/wp-json\/wp\/v2\/product_tag?post=62177"}],"curies":[{"name":"wp","href":"https:\/\/api.w.org\/{rel}","templated":true}]}}