{"id":62193,"date":"2024-11-14T17:57:32","date_gmt":"2024-11-14T10:57:32","guid":{"rendered":"https:\/\/mouldking.store\/shop\/moc-factory-116811-wings-of-fire-rainwing-with-1188-pieces\/"},"modified":"2025-12-16T20:58:54","modified_gmt":"2025-12-16T13:58:54","slug":"moc-factory-116811-wings-of-fire-rainwing-with-1188-pieces","status":"publish","type":"product","link":"https:\/\/mouldking.store\/hu\/shop\/moc-factory-116811-wings-of-fire-rainwing-with-1188-pieces\/","title":{"rendered":"MOC Factory 116811 Wings of Fire RainWing with 1188 Pieces"},"content":{"rendered":"<div>&nbsp; \u2705 MOC-116811 Wings of Fire RainWing<\/p>\n<p>\u2705 In <em>Wings of Fire<\/em>, the RainWings are a tribe of dragons known for their unique abilities and vibrant, shifting scale colors. They live in the lush, tropical rainforest of Pyrrhia and are known for their peaceful and laid-back lifestyle, preferring relaxation over conflict.&nbsp;<\/p>\n<p>\ud83d\udeab FONTOS!<\/p>\n<p>Product Name:&nbsp; Wings of Fire RainWing&nbsp;<\/p>\n<p>Kateg\u00f3ria: Film<\/p>\n<p>This Kit Contains:&nbsp; C10190&nbsp;<\/p>\n<p>1188 pcs Good Quality Bricks<\/p>\n<p>Size:&nbsp; 100 x 65 x 28 cm&nbsp;<\/p>\n<p>Weight: 0.6 kg&nbsp;<\/p>\n<p>PDF \u00datmutat\u00f3<\/p>\n<p>\ud83d\udcccA f\u0151szerepl\u0151 term\u00e9szete<\/p>\n<p>Introducing our proud collection named \u201c Wings of Fire RainWing \u201d you should not miss.<\/p>\n<p>&nbsp; RainWings can change the color of their scales at will, using this ability for camouflage and self-expression. Their scales reflect their moods, making them appear in various shades, like greens, purples, yellows, and pinks.&nbsp; RainWings can produce a venomous spray from their fangs, which can melt dragon scales and flesh. This ability gives them a powerful defense, even though they prefer not to fight.&nbsp; RainWings often have sloth companions, which they treat as pets. They live harmoniously with the rainforest animals and respect their ecosystem.&nbsp; They have a reputation for being somewhat lazy and spend much of their time lounging in trees and basking in the sun. Unlike other tribes, they are not very militaristic or ambitious.&nbsp; RainWing names often have nature-inspired themes, such as Glory, Kinkajou, or Tamarin.&nbsp;<\/p><\/div>","protected":false},"excerpt":{"rendered":"<p>M\u00e1rka: MOC Factory<br \/>\nNem: Uniszex<br \/>\nKoroszt\u00e1ly: &gt; 6 \u00e9v<br \/>\nModel Number: 116811<br \/>\nBesorol\u00e1s: \u00d6sszeszerel\u00e9s<br \/>\nM\u0171anyag blokk forma: \u00f6nz\u00e1r\u00f3 t\u00e9gla<br \/>\nAnyaga: M\u0171anyag<br \/>\nM\u0171anyag t\u00edpus: ABS<br \/>\nBricks Blocks: 1188 +<br \/>\nEredeti doboza nincs<br \/>\nA term\u00e9k nem tartalmaz MAtric\u00e1t \u00e9s NYOMTATOTT alkatr\u00e9szeket. Minden nyomtatott alkatr\u00e9szt szabv\u00e1nyos alkatr\u00e9szre cser\u00e9l\u00fcnk, \u00e9s nem j\u00e1r bev\u00e9tel harmadik f\u00e9lt\u0151l sz\u00e1rmaz\u00f3 tartoz\u00e9kokkal.<\/p>","protected":false},"featured_media":62192,"comment_status":"open","ping_status":"closed","template":"","meta":{"_acf_changed":false},"product_cat":[1365,371,581,1408],"product_tag":[11110,11072,11775,8452,11323,434,13736,12745],"class_list":["product","first","instock","shipping-taxable","purchasable","product-type-simple"],"acf":[],"_links":{"self":[{"href":"https:\/\/mouldking.store\/hu\/wp-json\/wp\/v2\/product\/62193","targetHints":{"allow":["GET"]}}],"collection":[{"href":"https:\/\/mouldking.store\/hu\/wp-json\/wp\/v2\/product"}],"about":[{"href":"https:\/\/mouldking.store\/hu\/wp-json\/wp\/v2\/types\/product"}],"replies":[{"embeddable":true,"href":"https:\/\/mouldking.store\/hu\/wp-json\/wp\/v2\/comments?post=62193"}],"wp:featuredmedia":[{"embeddable":true,"href":"https:\/\/mouldking.store\/hu\/wp-json\/wp\/v2\/media\/62192"}],"wp:attachment":[{"href":"https:\/\/mouldking.store\/hu\/wp-json\/wp\/v2\/media?parent=62193"}],"wp:term":[{"taxonomy":"product_cat","embeddable":true,"href":"https:\/\/mouldking.store\/hu\/wp-json\/wp\/v2\/product_cat?post=62193"},{"taxonomy":"product_tag","embeddable":true,"href":"https:\/\/mouldking.store\/hu\/wp-json\/wp\/v2\/product_tag?post=62193"}],"curies":[{"name":"wp","href":"https:\/\/api.w.org\/{rel}","templated":true}]}}