{"id":62200,"date":"2024-11-14T17:57:40","date_gmt":"2024-11-14T10:57:40","guid":{"rendered":"https:\/\/mouldking.store\/shop\/moc-factory-182098-the-lord-of-the-rings-rivendell-with-3259-pieces\/"},"modified":"2025-12-16T20:58:54","modified_gmt":"2025-12-16T13:58:54","slug":"moc-factory-182098-the-lord-of-the-rings-rivendell-with-3259-pieces","status":"publish","type":"product","link":"https:\/\/mouldking.store\/hu\/shop\/moc-factory-182098-the-lord-of-the-rings-rivendell-with-3259-pieces\/","title":{"rendered":"MOC Factory 182098 A Gy\u0171r\u0171k Ura: V\u00f6lgyzugolyt 3259 darabbal"},"content":{"rendered":"<div>&nbsp; \u2705 MOC-182098 The Lord of the Rings Rivendell<\/p>\n<p>\u2705 In <em>A gy\u0171r\u0171k ura<\/em>, Rivendell is a serene and beautiful Elven realm located in a hidden valley near the Misty Mountains. Known as <em>Imladris<\/em> in Elvish, it is often called &#8220;The Last Homely House East of the Sea&#8221; because it offers a safe haven on the borders of the wild lands of Middle-earth.<\/p>\n<p>\ud83d\udeab FONTOS!<\/p>\n<p>Product Name:&nbsp; The Lord of the Rings Rivendell<\/p>\n<p>Kateg\u00f3ria: Modul\u00e1ris \u00e9p\u00fclet<\/p>\n<p>This Kit Contains:&nbsp; C10193<\/p>\n<p>3259 pcs Good Quality Bricks<\/p>\n<p>Size:&nbsp; 45.8 x 29 x 28.6 cm<\/p>\n<p>Weight: 2.07 kg<\/p>\n<p>PDF \u00datmutat\u00f3<\/p>\n<p>\ud83d\udcccA f\u0151szerepl\u0151 term\u00e9szete<\/p>\n<p>Introducing our proud collection named \u201c The Lord of the Rings Rivendell \u201d you should not miss.<\/p>\n<p>&nbsp; Rivendell is built into the natural landscape, with cascading waterfalls, elegant stone bridges, and beautiful terraced buildings that blend harmoniously with the trees and mountains. The architecture is graceful and filled with intricate Elvish design.&nbsp; Rivendell is home to vast knowledge and ancient lore. The Elves of Rivendell keep extensive libraries of books, histories, and songs. The <em>Council of Elrond<\/em>, where the Fellowship of the Ring is formed, takes place here.&nbsp; Rivendell is ruled by <em>Elrond<\/em>, a wise and powerful Elf-lord with a deep connection to the history of Middle-earth. His wisdom and healing abilities make Rivendell a place of healing and counsel.&nbsp;<\/div>","protected":false},"excerpt":{"rendered":"<p>M\u00e1rka: MOC Factory<br \/>\nNem: Uniszex<br \/>\nKoroszt\u00e1ly: &gt; 6 \u00e9v<br \/>\nModel Number: 182098<br \/>\nBesorol\u00e1s: \u00d6sszeszerel\u00e9s<br \/>\nM\u0171anyag blokk forma: \u00f6nz\u00e1r\u00f3 t\u00e9gla<br \/>\nAnyaga: M\u0171anyag<br \/>\nM\u0171anyag t\u00edpus: ABS<br \/>\nBricks Blocks: 3259 +<br \/>\nEredeti doboza nincs<br \/>\nA term\u00e9k nem tartalmaz MAtric\u00e1t \u00e9s NYOMTATOTT alkatr\u00e9szeket. Minden nyomtatott alkatr\u00e9szt szabv\u00e1nyos alkatr\u00e9szre cser\u00e9l\u00fcnk, \u00e9s nem j\u00e1r bev\u00e9tel harmadik f\u00e9lt\u0151l sz\u00e1rmaz\u00f3 tartoz\u00e9kokkal.<\/p>","protected":false},"featured_media":62199,"comment_status":"open","ping_status":"closed","template":"","meta":{"_acf_changed":false},"product_cat":[1365,1395,390,581,1408],"product_tag":[8452,13326,392,434,13737,13194,6169],"class_list":["product","first","instock","shipping-taxable","purchasable","product-type-simple"],"acf":[],"_links":{"self":[{"href":"https:\/\/mouldking.store\/hu\/wp-json\/wp\/v2\/product\/62200","targetHints":{"allow":["GET"]}}],"collection":[{"href":"https:\/\/mouldking.store\/hu\/wp-json\/wp\/v2\/product"}],"about":[{"href":"https:\/\/mouldking.store\/hu\/wp-json\/wp\/v2\/types\/product"}],"replies":[{"embeddable":true,"href":"https:\/\/mouldking.store\/hu\/wp-json\/wp\/v2\/comments?post=62200"}],"wp:featuredmedia":[{"embeddable":true,"href":"https:\/\/mouldking.store\/hu\/wp-json\/wp\/v2\/media\/62199"}],"wp:attachment":[{"href":"https:\/\/mouldking.store\/hu\/wp-json\/wp\/v2\/media?parent=62200"}],"wp:term":[{"taxonomy":"product_cat","embeddable":true,"href":"https:\/\/mouldking.store\/hu\/wp-json\/wp\/v2\/product_cat?post=62200"},{"taxonomy":"product_tag","embeddable":true,"href":"https:\/\/mouldking.store\/hu\/wp-json\/wp\/v2\/product_tag?post=62200"}],"curies":[{"name":"wp","href":"https:\/\/api.w.org\/{rel}","templated":true}]}}