{"id":62207,"date":"2024-11-14T17:57:53","date_gmt":"2024-11-14T10:57:53","guid":{"rendered":"https:\/\/mouldking.store\/shop\/moc-factory-111735-invader-zim-zims-house-with-2627-pieces\/"},"modified":"2025-12-16T20:58:54","modified_gmt":"2025-12-16T13:58:54","slug":"moc-factory-111735-invader-zim-zims-house-with-2627-pieces","status":"publish","type":"product","link":"https:\/\/mouldking.store\/hu\/shop\/moc-factory-111735-invader-zim-zims-house-with-2627-pieces\/","title":{"rendered":"MOC Factory 111735 T\u00e1mad\u00f3 Zim Zim h\u00e1za 2627 darabbal"},"content":{"rendered":"<div>&nbsp; \u2705 MOC-111735 Invader Zim Zim&#8217;s House<\/p>\n<p>\u2705 In <em>Invader Zim<\/em>, Zim\u2019s house on Earth is an iconic and bizarre structure that reflects his alien origins and his hilariously flawed attempt to &#8220;blend in&#8221; with humans. Located in a typical suburban neighborhood, the house stands out with its strange architecture and unusual defenses.&nbsp;<\/p>\n<p>\ud83d\udeab FONTOS!<\/p>\n<p>Product Name:&nbsp; Invader Zim Zim&#8217;s House<br \/>&nbsp;<br \/>Kateg\u00f3ria: Modul\u00e1ris \u00e9p\u00fclet<\/p>\n<p>This Kit Contains:&nbsp; C10195&nbsp;<\/p>\n<p>2627&nbsp; pcs Good Quality Bricks<\/p>\n<p>Size:&nbsp; 25.6 x 25.6 x 27 cm&nbsp;<\/p>\n<p>Weight: 2.18 kg&nbsp;<\/p>\n<p>PDF \u00datmutat\u00f3<\/p>\n<p>\ud83d\udcccA f\u0151szerepl\u0151 term\u00e9szete<\/p>\n<p>Introducing our proud collection named \u201c Invader Zim Zim&#8217;s House \u201d you should not miss.<\/p>\n<p>&nbsp; Zim\u2019s house is designed to look like a &#8220;normal&#8221; Earth home but completely misses the mark. It has odd angles, dark purple and green colors, and a tall, spindly, vertical structure that contrasts starkly with the rest of the neighborhood&#8217;s houses.&nbsp; The house has a large, glaring mechanical eye mounted on top, which is both a surveillance device and part of the house\u2019s security system. The eye occasionally glows and moves, giving it an ominous feel that Zim sees as perfectly normal for a human dwelling. &nbsp; Zim\u2019s robot sidekick, GIR, has his own &#8220;room&#8221; within the house, filled with absurd items like tacos, random trash, and junk food. Access to various parts of the house is often hidden behind secret portals and sliding panels, adding to the absurdity.&nbsp;<\/p><\/div>","protected":false},"excerpt":{"rendered":"<p>M\u00e1rka: MOC Factory<br \/>\nNem: Uniszex<br \/>\nKoroszt\u00e1ly: &gt; 6 \u00e9v<br \/>\nModel Number: 111735<br \/>\nBesorol\u00e1s: \u00d6sszeszerel\u00e9s<br \/>\nM\u0171anyag blokk forma: \u00f6nz\u00e1r\u00f3 t\u00e9gla<br \/>\nAnyaga: M\u0171anyag<br \/>\nM\u0171anyag t\u00edpus: ABS<br \/>\nBricks Blocks: 2627 +<br \/>\nEredeti doboza nincs<br \/>\nA term\u00e9k nem tartalmaz MAtric\u00e1t \u00e9s NYOMTATOTT alkatr\u00e9szeket. Minden nyomtatott alkatr\u00e9szt szabv\u00e1nyos alkatr\u00e9szre cser\u00e9l\u00fcnk, \u00e9s nem j\u00e1r bev\u00e9tel harmadik f\u00e9lt\u0151l sz\u00e1rmaz\u00f3 tartoz\u00e9kokkal.<\/p>","protected":false},"featured_media":62206,"comment_status":"open","ping_status":"closed","template":"","meta":{"_acf_changed":false},"product_cat":[1365,1395,390,581,1408],"product_tag":[8452,2318,12048,392,434],"class_list":["product","first","instock","shipping-taxable","purchasable","product-type-simple"],"acf":[],"_links":{"self":[{"href":"https:\/\/mouldking.store\/hu\/wp-json\/wp\/v2\/product\/62207","targetHints":{"allow":["GET"]}}],"collection":[{"href":"https:\/\/mouldking.store\/hu\/wp-json\/wp\/v2\/product"}],"about":[{"href":"https:\/\/mouldking.store\/hu\/wp-json\/wp\/v2\/types\/product"}],"replies":[{"embeddable":true,"href":"https:\/\/mouldking.store\/hu\/wp-json\/wp\/v2\/comments?post=62207"}],"wp:featuredmedia":[{"embeddable":true,"href":"https:\/\/mouldking.store\/hu\/wp-json\/wp\/v2\/media\/62206"}],"wp:attachment":[{"href":"https:\/\/mouldking.store\/hu\/wp-json\/wp\/v2\/media?parent=62207"}],"wp:term":[{"taxonomy":"product_cat","embeddable":true,"href":"https:\/\/mouldking.store\/hu\/wp-json\/wp\/v2\/product_cat?post=62207"},{"taxonomy":"product_tag","embeddable":true,"href":"https:\/\/mouldking.store\/hu\/wp-json\/wp\/v2\/product_tag?post=62207"}],"curies":[{"name":"wp","href":"https:\/\/api.w.org\/{rel}","templated":true}]}}