{"id":62213,"date":"2024-11-14T17:58:20","date_gmt":"2024-11-14T10:58:20","guid":{"rendered":"https:\/\/mouldking.store\/shop\/moc-factory-89040-kirby-meta-knight-with-163-pieces\/"},"modified":"2025-12-16T20:58:54","modified_gmt":"2025-12-16T13:58:54","slug":"moc-factory-89040-kirby-meta-knight-with-163-pieces","status":"publish","type":"product","link":"https:\/\/mouldking.store\/hu\/shop\/moc-factory-89040-kirby-meta-knight-with-163-pieces\/","title":{"rendered":"MOC Factory 89040 Kirby Meta Knight with 163 Pieces"},"content":{"rendered":"<div>&nbsp; \u2705 MOC-89040 Kirby Meta Knight<\/p>\n<p>\u2705 Meta Knight is a powerful and mysterious character in the <em>Kirby<\/em> series, often portrayed as both a rival and ally to Kirby. Known for his chivalry and warrior\u2019s code, Meta Knight has a unique design, strong abilities, and complex motivations that make him a fan favorite.&nbsp;<\/p>\n<p>\ud83d\udeab FONTOS!<\/p>\n<p>Product Name:&nbsp; Kirby Meta Knight&nbsp;<\/p>\n<p>Category: Game<\/p>\n<p>This Kit Contains:&nbsp; C10197&nbsp;<\/p>\n<p>163 pcs Good Quality Bricks<\/p>\n<p>Size:&nbsp; 10 x 5 x 17 cm&nbsp;<\/p>\n<p>Weight: 0.11 kg&nbsp;<\/p>\n<p>PDF \u00datmutat\u00f3<\/p>\n<p>\ud83d\udcccA f\u0151szerepl\u0151 term\u00e9szete<\/p>\n<p>Introducing our proud collection named \u201c Kirby Meta Knight \u201d you should not miss.<\/p>\n<p>&nbsp; Meta Knight resembles Kirby in shape but is typically cloaked in a flowing cape and a silver mask, which hides most of his face. The mask adds to his enigmatic personality, and he only occasionally removes it, revealing a face almost identical to Kirby&#8217;s, though in a darker shade.&nbsp; Meta Knight wields the powerful Galaxia sword, which is his signature weapon and has a mystical aura. His swordsmanship is unmatched, and he uses various techniques that display his skill and agility in combat.&nbsp; Meta Knight commands a massive airship called the Halberd, which he uses to try and protect Dream Land from what he perceives as threats. The ship is equipped with heavy artillery and can act as both a mobile fortress and base of operations.&nbsp;<\/p><\/div>","protected":false},"excerpt":{"rendered":"<p>M\u00e1rka: MOC Factory<br \/>\nNem: Uniszex<br \/>\nKoroszt\u00e1ly: &gt; 6 \u00e9v<br \/>\nModel Number: 89040<br \/>\nBesorol\u00e1s: \u00d6sszeszerel\u00e9s<br \/>\nM\u0171anyag blokk forma: \u00f6nz\u00e1r\u00f3 t\u00e9gla<br \/>\nAnyaga: M\u0171anyag<br \/>\nM\u0171anyag t\u00edpus: ABS<br \/>\nBricks Blocks: 163 +<br \/>\nEredeti doboza nincs<br \/>\nA term\u00e9k nem tartalmaz MAtric\u00e1t \u00e9s NYOMTATOTT alkatr\u00e9szeket. Minden nyomtatott alkatr\u00e9szt szabv\u00e1nyos alkatr\u00e9szre cser\u00e9l\u00fcnk, \u00e9s nem j\u00e1r bev\u00e9tel harmadik f\u00e9lt\u0151l sz\u00e1rmaz\u00f3 tartoz\u00e9kokkal.<\/p>","protected":false},"featured_media":62212,"comment_status":"open","ping_status":"closed","template":"","meta":{"_acf_changed":false},"product_cat":[1365,371],"product_tag":[11072,8452,11301,11681,9331],"class_list":["product","first","instock","shipping-taxable","purchasable","product-type-simple"],"acf":[],"_links":{"self":[{"href":"https:\/\/mouldking.store\/hu\/wp-json\/wp\/v2\/product\/62213","targetHints":{"allow":["GET"]}}],"collection":[{"href":"https:\/\/mouldking.store\/hu\/wp-json\/wp\/v2\/product"}],"about":[{"href":"https:\/\/mouldking.store\/hu\/wp-json\/wp\/v2\/types\/product"}],"replies":[{"embeddable":true,"href":"https:\/\/mouldking.store\/hu\/wp-json\/wp\/v2\/comments?post=62213"}],"wp:featuredmedia":[{"embeddable":true,"href":"https:\/\/mouldking.store\/hu\/wp-json\/wp\/v2\/media\/62212"}],"wp:attachment":[{"href":"https:\/\/mouldking.store\/hu\/wp-json\/wp\/v2\/media?parent=62213"}],"wp:term":[{"taxonomy":"product_cat","embeddable":true,"href":"https:\/\/mouldking.store\/hu\/wp-json\/wp\/v2\/product_cat?post=62213"},{"taxonomy":"product_tag","embeddable":true,"href":"https:\/\/mouldking.store\/hu\/wp-json\/wp\/v2\/product_tag?post=62213"}],"curies":[{"name":"wp","href":"https:\/\/api.w.org\/{rel}","templated":true}]}}