{"id":62222,"date":"2024-11-14T17:59:14","date_gmt":"2024-11-14T10:59:14","guid":{"rendered":"https:\/\/mouldking.store\/shop\/moc-factory-50294-ghostbustersstay-puft-marshmallow-man-with-830-pieces\/"},"modified":"2025-12-16T20:58:53","modified_gmt":"2025-12-16T13:58:53","slug":"moc-factory-50294-ghostbustersstay-puft-marshmallow-man-with-830-pieces","status":"publish","type":"product","link":"https:\/\/mouldking.store\/hu\/shop\/moc-factory-50294-ghostbustersstay-puft-marshmallow-man-with-830-pieces\/","title":{"rendered":"MOC Factory 50294 GhostbustersStay-Puft Marshmallow Man with 830 Pieces"},"content":{"rendered":"<div>&nbsp; \u2705 MOC-50294 GhostbustersStay-Puft Marshmallow Man<\/p>\n<p>\u2705 The Stay-Puft Marshmallow Man is one of the most iconic characters in <em>Ghostbusters<\/em>, appearing as a massive, monstrous figure made of marshmallow in the form of a sailor mascot.<\/p>\n<p>\ud83d\udeab FONTOS!<\/p>\n<p>Product Name:&nbsp; GhostbustersStay-Puft Marshmallow Man<\/p>\n<p>Kateg\u00f3ria: Film<\/p>\n<p>This Kit Contains:&nbsp; C10199<\/p>\n<p>830 pcs Good Quality Bricks<\/p>\n<p>Size:&nbsp; 25 x 8 x 35 cm<\/p>\n<p>Weight: 0.78 kg<\/p>\n<p>PDF \u00datmutat\u00f3<\/p>\n<p>\ud83d\udcccA f\u0151szerepl\u0151 term\u00e9szete<\/p>\n<p>Introducing our proud collection named \u201c GhostbustersStay-Puft Marshmallow Man \u201d you should not miss.<\/p>\n<p>&nbsp; The Stay-Puft Marshmallow Man resembles a giant marshmallow mascot wearing a sailor hat and a blue bib with a red neckerchief, looking harmless and cheerful at first glance. In <em>Ghostbusters<\/em>, he\u2019s the mascot for the fictional Stay-Puft Marshmallow brand, a playful nod to classic advertising mascots.&nbsp; In the movie, the ancient god Gozer the Gozerian, an interdimensional being summoned to destroy humanity, takes on this form to manifest on Earth. The form was inadvertently chosen by Ray Stantz (Dan Aykroyd), one of the Ghostbusters, who tried to think of something that could never hurt them. Ironically, Gozer becomes a gigantic, destructive version of the harmless mascot.&nbsp;<\/div>","protected":false},"excerpt":{"rendered":"<p>M\u00e1rka: MOC Factory<br \/>\nNem: Uniszex<br \/>\nKoroszt\u00e1ly: &gt; 6 \u00e9v<br \/>\nModel Number: 50294<br \/>\nBesorol\u00e1s: \u00d6sszeszerel\u00e9s<br \/>\nM\u0171anyag blokk forma: \u00f6nz\u00e1r\u00f3 t\u00e9gla<br \/>\nAnyaga: M\u0171anyag<br \/>\nM\u0171anyag t\u00edpus: ABS<br \/>\nBricks Blocks: 830 +<br \/>\nEredeti doboza nincs<br \/>\nA term\u00e9k nem tartalmaz MAtric\u00e1t \u00e9s NYOMTATOTT alkatr\u00e9szeket. Minden nyomtatott alkatr\u00e9szt szabv\u00e1nyos alkatr\u00e9szre cser\u00e9l\u00fcnk, \u00e9s nem j\u00e1r bev\u00e9tel harmadik f\u00e9lt\u0151l sz\u00e1rmaz\u00f3 tartoz\u00e9kokkal.<\/p>","protected":false},"featured_media":62221,"comment_status":"open","ping_status":"closed","template":"","meta":{"_acf_changed":false},"product_cat":[1365,371,581,1408],"product_tag":[11072,8452,13740,13642,13738,13741,434,13739],"class_list":["product","first","instock","shipping-taxable","purchasable","product-type-simple"],"acf":[],"_links":{"self":[{"href":"https:\/\/mouldking.store\/hu\/wp-json\/wp\/v2\/product\/62222","targetHints":{"allow":["GET"]}}],"collection":[{"href":"https:\/\/mouldking.store\/hu\/wp-json\/wp\/v2\/product"}],"about":[{"href":"https:\/\/mouldking.store\/hu\/wp-json\/wp\/v2\/types\/product"}],"replies":[{"embeddable":true,"href":"https:\/\/mouldking.store\/hu\/wp-json\/wp\/v2\/comments?post=62222"}],"wp:featuredmedia":[{"embeddable":true,"href":"https:\/\/mouldking.store\/hu\/wp-json\/wp\/v2\/media\/62221"}],"wp:attachment":[{"href":"https:\/\/mouldking.store\/hu\/wp-json\/wp\/v2\/media?parent=62222"}],"wp:term":[{"taxonomy":"product_cat","embeddable":true,"href":"https:\/\/mouldking.store\/hu\/wp-json\/wp\/v2\/product_cat?post=62222"},{"taxonomy":"product_tag","embeddable":true,"href":"https:\/\/mouldking.store\/hu\/wp-json\/wp\/v2\/product_tag?post=62222"}],"curies":[{"name":"wp","href":"https:\/\/api.w.org\/{rel}","templated":true}]}}