{"id":62226,"date":"2024-11-14T17:59:19","date_gmt":"2024-11-14T10:59:19","guid":{"rendered":"https:\/\/mouldking.store\/shop\/moc-factory-89038-mega-man-with-381-pieces\/"},"modified":"2025-12-16T20:58:53","modified_gmt":"2025-12-16T13:58:53","slug":"moc-factory-89038-mega-man-with-381-pieces","status":"publish","type":"product","link":"https:\/\/mouldking.store\/hu\/shop\/moc-factory-89038-mega-man-with-381-pieces\/","title":{"rendered":"MOC Factory 89038 Mega Man with 381 Pieces"},"content":{"rendered":"<div>&nbsp; \u2705 MOC-89038 Mega Man<\/p>\n<p>\u2705 <em>Mega Man<\/em> is a classic video game franchise created by Capcom, first released in 1987. The series centers on the character <strong>Mega Man<\/strong>, also known as <strong>Rock<\/strong>, a robot who fights to stop the evil schemes of the villainous Dr. Wily and his army of Robot Masters. Over the years, <em>Mega Man<\/em> has become one of Capcom&#8217;s most iconic and enduring franchises, with numerous sequels, spin-offs, and adaptations.<\/p>\n<p>\ud83d\udeab FONTOS!<\/p>\n<p>Product Name:&nbsp; Mega Man<\/p>\n<p>Kateg\u00f3ria: Film<\/p>\n<p>This Kit Contains:&nbsp; C10097<\/p>\n<p>381 pcs Good Quality Bricks<\/p>\n<p>Size:&nbsp; 9.8 x 12.9 x 13.8 cm<\/p>\n<p>S\u00faly: 0,2 kg<\/p>\n<p>PDF \u00datmutat\u00f3<\/p>\n<p>\ud83d\udcccA f\u0151szerepl\u0151 term\u00e9szete<\/p>\n<p>Introducing our proud collection named \u201c Mega Man \u201d you should not miss.<\/p>\n<p>&nbsp; Mega Man is a robotic &#8220;super hero&#8221; created by Dr. Light, who was originally a lab assistant. After his creator\u2019s other robots go rogue under the influence of Dr. Wily, Mega Man volunteers to be converted into a combat robot to stop them.&nbsp; Mega Man is equipped with the <strong>Mega Buster<\/strong>, a powerful arm cannon that can shoot charged energy blasts. One of his most iconic abilities is to &#8220;copy&#8221; the powers of the defeated Robot Masters, gaining their special weapons and abilities for future use.&nbsp;<\/div>","protected":false},"excerpt":{"rendered":"<p>M\u00e1rka: MOC Factory<br \/>\nNem: Uniszex<br \/>\nKoroszt\u00e1ly: &gt; 6 \u00e9v<br \/>\nModel Number: 89038<br \/>\nBesorol\u00e1s: \u00d6sszeszerel\u00e9s<br \/>\nM\u0171anyag blokk forma: \u00f6nz\u00e1r\u00f3 t\u00e9gla<br \/>\nAnyaga: M\u0171anyag<br \/>\nM\u0171anyag t\u00edpus: ABS<br \/>\nBricks Blocks: 381 +<br \/>\nEredeti doboza nincs<br \/>\nA term\u00e9k nem tartalmaz MAtric\u00e1t \u00e9s NYOMTATOTT alkatr\u00e9szeket. Minden nyomtatott alkatr\u00e9szt szabv\u00e1nyos alkatr\u00e9szre cser\u00e9l\u00fcnk, \u00e9s nem j\u00e1r bev\u00e9tel harmadik f\u00e9lt\u0151l sz\u00e1rmaz\u00f3 tartoz\u00e9kokkal.<\/p>","protected":false},"featured_media":62225,"comment_status":"open","ping_status":"closed","template":"","meta":{"_acf_changed":false},"product_cat":[1365,371,581,1408],"product_tag":[11072,8452,8367,434,590],"class_list":["product","first","instock","shipping-taxable","purchasable","product-type-simple"],"acf":[],"_links":{"self":[{"href":"https:\/\/mouldking.store\/hu\/wp-json\/wp\/v2\/product\/62226","targetHints":{"allow":["GET"]}}],"collection":[{"href":"https:\/\/mouldking.store\/hu\/wp-json\/wp\/v2\/product"}],"about":[{"href":"https:\/\/mouldking.store\/hu\/wp-json\/wp\/v2\/types\/product"}],"replies":[{"embeddable":true,"href":"https:\/\/mouldking.store\/hu\/wp-json\/wp\/v2\/comments?post=62226"}],"wp:featuredmedia":[{"embeddable":true,"href":"https:\/\/mouldking.store\/hu\/wp-json\/wp\/v2\/media\/62225"}],"wp:attachment":[{"href":"https:\/\/mouldking.store\/hu\/wp-json\/wp\/v2\/media?parent=62226"}],"wp:term":[{"taxonomy":"product_cat","embeddable":true,"href":"https:\/\/mouldking.store\/hu\/wp-json\/wp\/v2\/product_cat?post=62226"},{"taxonomy":"product_tag","embeddable":true,"href":"https:\/\/mouldking.store\/hu\/wp-json\/wp\/v2\/product_tag?post=62226"}],"curies":[{"name":"wp","href":"https:\/\/api.w.org\/{rel}","templated":true}]}}