{"id":62239,"date":"2024-11-14T17:59:45","date_gmt":"2024-11-14T10:59:45","guid":{"rendered":"https:\/\/mouldking.store\/shop\/moc-factory-89037-plague-doctor-with-263-pieces\/"},"modified":"2025-12-16T20:58:53","modified_gmt":"2025-12-16T13:58:53","slug":"moc-factory-89037-plague-doctor-with-263-pieces","status":"publish","type":"product","link":"https:\/\/mouldking.store\/hu\/shop\/moc-factory-89037-plague-doctor-with-263-pieces\/","title":{"rendered":"MOC Factory 89037 Plague Doctor with 263 Pieces"},"content":{"rendered":"<div>&nbsp; \u2705 MOC-89037 Plague Doctor<\/p>\n<p>\u2705 A <strong>Plague Doctor<\/strong> is a historical figure most famously associated with the bubonic plague outbreaks of the 17th and 18th centuries in Europe. Plague doctors were medical professionals hired to care for victims of the plague, but their role and appearance became widely recognized as macabre and mysterious.&nbsp;<\/p>\n<p>\ud83d\udeab FONTOS!<\/p>\n<p>Product Name:&nbsp; Plague Doctor&nbsp;<\/p>\n<p>Kateg\u00f3ria: Film<\/p>\n<p>This Kit Contains:&nbsp; C10099&nbsp;<\/p>\n<p>263 pcs Good Quality Bricks<\/p>\n<p>Size:&nbsp; 6.8 x 9.2 x 7.4 cm&nbsp;<\/p>\n<p>S\u00faly: 0,2 kg&nbsp;<\/p>\n<p>PDF \u00datmutat\u00f3<\/p>\n<p>\ud83d\udcccA f\u0151szerepl\u0151 term\u00e9szete<\/p>\n<p>Introducing our proud collection named \u201c&nbsp; Plague Doctor \u201d you should not miss.<\/p>\n<p>&nbsp; During times of plague outbreaks, doctors were often employed to treat the infected or at least to oversee quarantine procedures. However, due to the limited medical knowledge at the time, they had little understanding of how to treat the disease.&nbsp; Treatments prescribed by Plague Doctors were rudimentary and often ineffective. These included bloodletting, herbal remedies, and &#8220;smelling&#8221; bad odors to purify the air. The doctors would often use masks and other protective clothing to shield themselves from infection, though they didn\u2019t understand that the disease spread through bacteria or viruses.&nbsp;<\/p><\/div>","protected":false},"excerpt":{"rendered":"<p>M\u00e1rka: MOC Factory<br \/>\nNem: Uniszex<br \/>\nKoroszt\u00e1ly: &gt; 6 \u00e9v<br \/>\nModel Number: 89037<br \/>\nBesorol\u00e1s: \u00d6sszeszerel\u00e9s<br \/>\nM\u0171anyag blokk forma: \u00f6nz\u00e1r\u00f3 t\u00e9gla<br \/>\nAnyaga: M\u0171anyag<br \/>\nM\u0171anyag t\u00edpus: ABS<br \/>\nBricks Blocks: 263 +<br \/>\nEredeti doboza nincs<br \/>\nA term\u00e9k nem tartalmaz MAtric\u00e1t \u00e9s NYOMTATOTT alkatr\u00e9szeket. Minden nyomtatott alkatr\u00e9szt szabv\u00e1nyos alkatr\u00e9szre cser\u00e9l\u00fcnk, \u00e9s nem j\u00e1r bev\u00e9tel harmadik f\u00e9lt\u0151l sz\u00e1rmaz\u00f3 tartoz\u00e9kokkal.<\/p>","protected":false},"featured_media":62238,"comment_status":"open","ping_status":"closed","template":"","meta":{"_acf_changed":false},"product_cat":[1365,371,581,1408],"product_tag":[11072,8452,10859,434,9426],"class_list":["product","first","instock","shipping-taxable","purchasable","product-type-simple"],"acf":[],"_links":{"self":[{"href":"https:\/\/mouldking.store\/hu\/wp-json\/wp\/v2\/product\/62239","targetHints":{"allow":["GET"]}}],"collection":[{"href":"https:\/\/mouldking.store\/hu\/wp-json\/wp\/v2\/product"}],"about":[{"href":"https:\/\/mouldking.store\/hu\/wp-json\/wp\/v2\/types\/product"}],"replies":[{"embeddable":true,"href":"https:\/\/mouldking.store\/hu\/wp-json\/wp\/v2\/comments?post=62239"}],"wp:featuredmedia":[{"embeddable":true,"href":"https:\/\/mouldking.store\/hu\/wp-json\/wp\/v2\/media\/62238"}],"wp:attachment":[{"href":"https:\/\/mouldking.store\/hu\/wp-json\/wp\/v2\/media?parent=62239"}],"wp:term":[{"taxonomy":"product_cat","embeddable":true,"href":"https:\/\/mouldking.store\/hu\/wp-json\/wp\/v2\/product_cat?post=62239"},{"taxonomy":"product_tag","embeddable":true,"href":"https:\/\/mouldking.store\/hu\/wp-json\/wp\/v2\/product_tag?post=62239"}],"curies":[{"name":"wp","href":"https:\/\/api.w.org\/{rel}","templated":true}]}}