{"id":62251,"date":"2024-11-14T18:00:10","date_gmt":"2024-11-14T11:00:10","guid":{"rendered":"https:\/\/mouldking.store\/shop\/moc-factory-179172-dungeons-dragonsbeholder-with-288-pieces\/"},"modified":"2025-12-16T20:58:53","modified_gmt":"2025-12-16T13:58:53","slug":"moc-factory-179172-dungeons-dragonsbeholder-with-288-pieces","status":"publish","type":"product","link":"https:\/\/mouldking.store\/hu\/shop\/moc-factory-179172-dungeons-dragonsbeholder-with-288-pieces\/","title":{"rendered":"MOC Factory 179172 Dungeons &amp; DragonsBeholder with 288 Pieces"},"content":{"rendered":"<div>&nbsp; \u2705 MOC-179172 Dungeons &amp; DragonsBeholder<\/p>\n<p>\u2705 A <strong>Beholder<\/strong> is one of the most iconic and fearsome creatures in <em>Dungeons &amp; Dragons<\/em> (D&amp;D), a fantasy role-playing game that has been a cornerstone of tabletop gaming since its creation. Beholders are known for their unique appearance, powerful abilities, and menacing presence, making them a memorable part of D&amp;D lore.&nbsp;<\/p>\n<p>\ud83d\udeab FONTOS!<\/p>\n<p>Product Name:&nbsp; Dungeons &amp; DragonsBeholder&nbsp;<\/p>\n<p>Kateg\u00f3ria: Film<\/p>\n<p>This Kit Contains:&nbsp; C10154&nbsp;<\/p>\n<p>288 pcs Good Quality Bricks<\/p>\n<p>Size:&nbsp; 19.1 x 10.1 x 15.9 cm&nbsp;<\/p>\n<p>S\u00faly: 0,16 kg&nbsp;<\/p>\n<p>PDF \u00datmutat\u00f3<\/p>\n<p>\ud83d\udcccA f\u0151szerepl\u0151 term\u00e9szete<\/p>\n<p>Introducing our proud collection named \u201c Dungeons &amp; DragonsBeholder \u201d you should not miss.<\/p>\n<p>&nbsp; A Beholder is a floating, spherical creature with a large central eye and multiple eyestalks protruding from its body. Each of these eyestalks ends in a separate eye, and each eye has its own unique power.&nbsp; The Beholder\u2019s central eye is its most prominent feature, and it is often portrayed as being a source of great magical power. The central eye is usually capable of nullifying or negating magic in its vicinity, making it a dangerous foe for spellcasters.&nbsp; Each eyestalk shoots beams of energy that can have various magical effects. These beams are part of what makes the Beholder such a deadly opponent. The Beholder has a high degree of control over these beams, using them with precision.&nbsp;<\/p><\/div>","protected":false},"excerpt":{"rendered":"<p>M\u00e1rka: MOC Factory<br \/>\nNem: Uniszex<br \/>\nKoroszt\u00e1ly: &gt; 6 \u00e9v<br \/>\nModel Number: 179172<br \/>\nBesorol\u00e1s: \u00d6sszeszerel\u00e9s<br \/>\nM\u0171anyag blokk forma: \u00f6nz\u00e1r\u00f3 t\u00e9gla<br \/>\nAnyaga: M\u0171anyag<br \/>\nM\u0171anyag t\u00edpus: ABS<br \/>\nBricks Blocks: 288 +<br \/>\nEredeti doboza nincs<br \/>\nA term\u00e9k nem tartalmaz MAtric\u00e1t \u00e9s NYOMTATOTT alkatr\u00e9szeket. Minden nyomtatott alkatr\u00e9szt szabv\u00e1nyos alkatr\u00e9szre cser\u00e9l\u00fcnk, \u00e9s nem j\u00e1r bev\u00e9tel harmadik f\u00e9lt\u0151l sz\u00e1rmaz\u00f3 tartoz\u00e9kokkal.<\/p>","protected":false},"featured_media":62250,"comment_status":"open","ping_status":"closed","template":"","meta":{"_acf_changed":false},"product_cat":[1365,371,581,1408],"product_tag":[9350,11072,8452,1771,13744,9348,5768,434],"class_list":["product","first","instock","shipping-taxable","purchasable","product-type-simple"],"acf":[],"_links":{"self":[{"href":"https:\/\/mouldking.store\/hu\/wp-json\/wp\/v2\/product\/62251","targetHints":{"allow":["GET"]}}],"collection":[{"href":"https:\/\/mouldking.store\/hu\/wp-json\/wp\/v2\/product"}],"about":[{"href":"https:\/\/mouldking.store\/hu\/wp-json\/wp\/v2\/types\/product"}],"replies":[{"embeddable":true,"href":"https:\/\/mouldking.store\/hu\/wp-json\/wp\/v2\/comments?post=62251"}],"wp:featuredmedia":[{"embeddable":true,"href":"https:\/\/mouldking.store\/hu\/wp-json\/wp\/v2\/media\/62250"}],"wp:attachment":[{"href":"https:\/\/mouldking.store\/hu\/wp-json\/wp\/v2\/media?parent=62251"}],"wp:term":[{"taxonomy":"product_cat","embeddable":true,"href":"https:\/\/mouldking.store\/hu\/wp-json\/wp\/v2\/product_cat?post=62251"},{"taxonomy":"product_tag","embeddable":true,"href":"https:\/\/mouldking.store\/hu\/wp-json\/wp\/v2\/product_tag?post=62251"}],"curies":[{"name":"wp","href":"https:\/\/api.w.org\/{rel}","templated":true}]}}