{"id":62260,"date":"2024-11-14T18:08:06","date_gmt":"2024-11-14T11:08:06","guid":{"rendered":"https:\/\/mouldking.store\/shop\/moc-factory-168126-viking-village-with-1907-pieces\/"},"modified":"2025-12-16T20:58:53","modified_gmt":"2025-12-16T13:58:53","slug":"moc-factory-168126-viking-village-with-1907-pieces","status":"publish","type":"product","link":"https:\/\/mouldking.store\/hu\/shop\/moc-factory-168126-viking-village-with-1907-pieces\/","title":{"rendered":"MOC Factory 168126 Viking falu 1907 darabbal"},"content":{"rendered":"<div>&nbsp; \u2705 MOC-168126 Viking Village<\/p>\n<p>\u2705 A <strong>Viking Village<\/strong> typically refers to a historical or fantasy setting inspired by the Nordic peoples who lived during the Viking Age (approximately 793 to 1066 AD). Vikings were known for their seafaring culture, exploration, and raiding, but they also established settlements that were based on agriculture, trade, and craftsmanship.<\/p>\n<p>\ud83d\udeab FONTOS!<\/p>\n<p>Product Name:&nbsp; Viking Village<\/p>\n<p>Kateg\u00f3ria: Modul\u00e1ris \u00e9p\u00fclet<\/p>\n<p>This Kit Contains:&nbsp; C10159<\/p>\n<p>1907 pcs Good Quality Bricks<\/p>\n<p>Size:&nbsp; 60 x 50 x 25 cm<\/p>\n<p>S\u00faly: 1,44 kg<\/p>\n<p>PDF \u00datmutat\u00f3<\/p>\n<p>\ud83d\udcccA f\u0151szerepl\u0151 term\u00e9szete<\/p>\n<p>Introducing our proud collection named \u201c Viking Village \u201d you should not miss.<\/p>\n<p>&nbsp; The central structure in any Viking village would be the <strong>longhouse<\/strong>. These were large, communal buildings made of wood, stone, or turf, designed to accommodate multiple families. Longhouses had a central hearth for warmth and cooking, with benches along the walls for seating and sleeping areas. The roofs were often made of thatch or wooden shingles.&nbsp; Viking villages were agricultural, with fields surrounding the settlement. People grew crops like barley, oats, and rye, and kept livestock, including cattle, sheep, goats, and pigs. Villages would also have gardens for herbs and vegetables.&nbsp;<\/div>","protected":false},"excerpt":{"rendered":"<p>M\u00e1rka: MOC Factory<br \/>\nNem: Uniszex<br \/>\nKoroszt\u00e1ly: &gt; 6 \u00e9v<br \/>\nModel Number: 168126<br \/>\nBesorol\u00e1s: \u00d6sszeszerel\u00e9s<br \/>\nM\u0171anyag blokk forma: \u00f6nz\u00e1r\u00f3 t\u00e9gla<br \/>\nAnyaga: M\u0171anyag<br \/>\nM\u0171anyag t\u00edpus: ABS<br \/>\nBricks Blocks: 1907 +<br \/>\nEredeti doboza nincs<br \/>\nA term\u00e9k nem tartalmaz MAtric\u00e1t \u00e9s NYOMTATOTT alkatr\u00e9szeket. Minden nyomtatott alkatr\u00e9szt szabv\u00e1nyos alkatr\u00e9szre cser\u00e9l\u00fcnk, \u00e9s nem j\u00e1r bev\u00e9tel harmadik f\u00e9lt\u0151l sz\u00e1rmaz\u00f3 tartoz\u00e9kokkal.<\/p>","protected":false},"featured_media":62259,"comment_status":"open","ping_status":"closed","template":"","meta":{"_acf_changed":false},"product_cat":[1365,1395,390],"product_tag":[8452,11099,392,9952,6373],"class_list":["product","first","instock","shipping-taxable","purchasable","product-type-simple"],"acf":[],"_links":{"self":[{"href":"https:\/\/mouldking.store\/hu\/wp-json\/wp\/v2\/product\/62260","targetHints":{"allow":["GET"]}}],"collection":[{"href":"https:\/\/mouldking.store\/hu\/wp-json\/wp\/v2\/product"}],"about":[{"href":"https:\/\/mouldking.store\/hu\/wp-json\/wp\/v2\/types\/product"}],"replies":[{"embeddable":true,"href":"https:\/\/mouldking.store\/hu\/wp-json\/wp\/v2\/comments?post=62260"}],"wp:featuredmedia":[{"embeddable":true,"href":"https:\/\/mouldking.store\/hu\/wp-json\/wp\/v2\/media\/62259"}],"wp:attachment":[{"href":"https:\/\/mouldking.store\/hu\/wp-json\/wp\/v2\/media?parent=62260"}],"wp:term":[{"taxonomy":"product_cat","embeddable":true,"href":"https:\/\/mouldking.store\/hu\/wp-json\/wp\/v2\/product_cat?post=62260"},{"taxonomy":"product_tag","embeddable":true,"href":"https:\/\/mouldking.store\/hu\/wp-json\/wp\/v2\/product_tag?post=62260"}],"curies":[{"name":"wp","href":"https:\/\/api.w.org\/{rel}","templated":true}]}}