{"id":62279,"date":"2024-11-14T18:09:16","date_gmt":"2024-11-14T11:09:16","guid":{"rendered":"https:\/\/mouldking.store\/shop\/moc-factory-89033-cv-22-osprey-tiltrotor-bell-boeing-v-22-osprey-with-2285-pieces\/"},"modified":"2025-12-16T20:58:51","modified_gmt":"2025-12-16T13:58:51","slug":"moc-factory-89033-cv-22-osprey-tiltrotor-bell-boeing-v-22-osprey-with-2285-pieces","status":"publish","type":"product","link":"https:\/\/mouldking.store\/hu\/shop\/moc-factory-89033-cv-22-osprey-tiltrotor-bell-boeing-v-22-osprey-with-2285-pieces\/","title":{"rendered":"MOC Factory 89033 CV-22 Osprey Tiltrotor\/Bell Boeing V-22 Osprey 2285 darabbal"},"content":{"rendered":"<div>&nbsp;<\/div>\n<div>&nbsp;\u2705 MOC-89033 CV-22 Osprey Tiltrotor\/Bell Boeing V-22 Osprey<\/p>\n<p>\u2705 A <strong>CV-22 Osprey<\/strong> and <strong>Bell Boeing V-22 Osprey<\/strong> are both military tiltrotor aircraft that offer the unique capability to take off and land like a helicopter, then tilt their rotors forward to fly like a fixed-wing airplane. This dual-mode flight provides the flexibility to perform missions that require both vertical lift and high-speed, long-range flight. <\/p>\n<p>\ud83d\udeab FONTOS!<\/p>\n<p>Product Name:&nbsp; CV-22 Osprey Tiltrotor\/Bell Boeing V-22 Osprey <\/p>\n<p>Kateg\u00f3ria: Katonai<\/p>\n<p>This Kit Contains:&nbsp; C10184 <\/p>\n<p>2285 pcs Good Quality Bricks<\/p>\n<p>Size:&nbsp; 55 x 45 x 25 cm <\/p>\n<p>Weight: 1.18 kg <\/p>\n<p>PDF \u00datmutat\u00f3<\/p>\n<p>\ud83d\udcccA f\u0151szerepl\u0151 term\u00e9szete<\/p>\n<p>Introducing our proud collection named \u201c CV-22 Osprey Tiltrotor\/Bell Boeing V-22 Osprey \u201d you should not miss.<\/p>\n<p>&nbsp; This version is operated by the U.S. Air Force Special Operations Command (AFSOC). It\u2019s primarily used for special operations missions, including infiltration, exfiltration, and resupply of special forces, often in hostile or remote areas. The CV-22 is equipped with advanced avionics and electronic warfare systems for navigating and surviving in challenging environments. The broader V-22 Osprey family includes several variants used by the U.S. military. The Marine Corps operates the <strong>MV-22<\/strong> version, which is designed for assault support, while the Navy uses the <strong>CMV-22<\/strong> variant for carrier onboard delivery (COD) missions.<\/div>","protected":false},"excerpt":{"rendered":"<p>M\u00e1rka: MOC Factory<br \/>\nNem: Uniszex<br \/>\nKoroszt\u00e1ly: &gt; 6 \u00e9v<br \/>\nModel Number: 89033<br \/>\nBesorol\u00e1s: \u00d6sszeszerel\u00e9s<br \/>\nM\u0171anyag blokk forma: \u00f6nz\u00e1r\u00f3 t\u00e9gla<br \/>\nAnyaga: M\u0171anyag<br \/>\nM\u0171anyag t\u00edpus: ABS<br \/>\nBricks Blocks: 2285 +<br \/>\nEredeti doboza nincs<br \/>\nA term\u00e9k nem tartalmaz MAtric\u00e1t \u00e9s NYOMTATOTT alkatr\u00e9szeket. Minden nyomtatott alkatr\u00e9szt szabv\u00e1nyos alkatr\u00e9szre cser\u00e9l\u00fcnk, \u00e9s nem j\u00e1r bev\u00e9tel harmadik f\u00e9lt\u0151l sz\u00e1rmaz\u00f3 tartoz\u00e9kokkal.<\/p>","protected":false},"featured_media":62278,"comment_status":"open","ping_status":"closed","template":"","meta":{"_acf_changed":false},"product_cat":[1350,1357,372,364],"product_tag":[10033,3191,13751,374,13754,389,13752,13753],"class_list":["product","first","instock","shipping-taxable","purchasable","product-type-simple"],"acf":[],"_links":{"self":[{"href":"https:\/\/mouldking.store\/hu\/wp-json\/wp\/v2\/product\/62279","targetHints":{"allow":["GET"]}}],"collection":[{"href":"https:\/\/mouldking.store\/hu\/wp-json\/wp\/v2\/product"}],"about":[{"href":"https:\/\/mouldking.store\/hu\/wp-json\/wp\/v2\/types\/product"}],"replies":[{"embeddable":true,"href":"https:\/\/mouldking.store\/hu\/wp-json\/wp\/v2\/comments?post=62279"}],"wp:featuredmedia":[{"embeddable":true,"href":"https:\/\/mouldking.store\/hu\/wp-json\/wp\/v2\/media\/62278"}],"wp:attachment":[{"href":"https:\/\/mouldking.store\/hu\/wp-json\/wp\/v2\/media?parent=62279"}],"wp:term":[{"taxonomy":"product_cat","embeddable":true,"href":"https:\/\/mouldking.store\/hu\/wp-json\/wp\/v2\/product_cat?post=62279"},{"taxonomy":"product_tag","embeddable":true,"href":"https:\/\/mouldking.store\/hu\/wp-json\/wp\/v2\/product_tag?post=62279"}],"curies":[{"name":"wp","href":"https:\/\/api.w.org\/{rel}","templated":true}]}}