{"id":62284,"date":"2024-11-14T18:09:25","date_gmt":"2024-11-14T11:09:25","guid":{"rendered":"https:\/\/mouldking.store\/shop\/moc-factory-89034-godzillamothra-with-529-pieces\/"},"modified":"2025-12-16T20:58:51","modified_gmt":"2025-12-16T13:58:51","slug":"moc-factory-89034-godzillamothra-with-529-pieces","status":"publish","type":"product","link":"https:\/\/mouldking.store\/hu\/shop\/moc-factory-89034-godzillamothra-with-529-pieces\/","title":{"rendered":"MOC Factory 89034 Godzillamothra with 529 Pieces"},"content":{"rendered":"<div>&nbsp; \u2705 MOC-89034 Godzillamothra<\/p>\n<p>\u2705 &#8220;Godzillamothra&#8221; combines two iconic kaiju from the <em>Godzilla<\/em> universe: Godzilla, the king of monsters, and Mothra, a giant, benevolent moth-like creature. Godzilla is known for his immense size, powerful atomic breath, and incredible durability, while Mothra is characterized by her beauty, large, colorful wings, and more peaceful nature, often seen as a protector of Earth.&nbsp;<\/p>\n<p>\ud83d\udeab FONTOS!<\/p>\n<p>Product Name:&nbsp; Godzillamothra&nbsp;<\/p>\n<p>Kateg\u00f3ria: Film<\/p>\n<p>This Kit Contains:&nbsp; C10175&nbsp;<\/p>\n<p>529 pcs Good Quality Bricks<\/p>\n<p>Size:&nbsp; 25.6 x 25.6 x 27 cm&nbsp;<\/p>\n<p>Weight: 0.55 kg&nbsp;<\/p>\n<p>PDF \u00datmutat\u00f3<\/p>\n<p>\ud83d\udcccA f\u0151szerepl\u0151 term\u00e9szete<\/p>\n<p>Introducing our proud collection named \u201c Godzillamothra \u201d you should not miss.<\/p>\n<p>&nbsp; A &#8220;Godzillamothra&#8221; concept could be fascinating, blending the strength, ferocity, and powerful attacks of Godzilla with Mothra\u2019s agility, ethereal wings, and an aura of light or energy. This fusion might look like a huge, reptilian creature with scales but also bear elegant, luminescent wings and antennae, giving it both a fearsome and majestic presence.&nbsp;<\/p><\/div>","protected":false},"excerpt":{"rendered":"<p>M\u00e1rka: MOC Factory<br \/>\nNem: Uniszex<br \/>\nKoroszt\u00e1ly: &gt; 6 \u00e9v<br \/>\nModel Number: 89034<br \/>\nBesorol\u00e1s: \u00d6sszeszerel\u00e9s<br \/>\nM\u0171anyag blokk forma: \u00f6nz\u00e1r\u00f3 t\u00e9gla<br \/>\nAnyaga: M\u0171anyag<br \/>\nM\u0171anyag t\u00edpus: ABS<br \/>\nBricks Blocks: 529 +<br \/>\nEredeti doboza nincs<br \/>\nA term\u00e9k nem tartalmaz MAtric\u00e1t \u00e9s NYOMTATOTT alkatr\u00e9szeket. Minden nyomtatott alkatr\u00e9szt szabv\u00e1nyos alkatr\u00e9szre cser\u00e9l\u00fcnk, \u00e9s nem j\u00e1r bev\u00e9tel harmadik f\u00e9lt\u0151l sz\u00e1rmaz\u00f3 tartoz\u00e9kokkal.<\/p>","protected":false},"author":83,"featured_media":62283,"comment_status":"open","ping_status":"closed","template":"","meta":{"_acf_changed":false},"product_cat":[1365,371,581,1408],"product_tag":[11110,13507,11072,11775,8452,13750,434],"class_list":["product","first","instock","shipping-taxable","purchasable","product-type-simple"],"acf":[],"_links":{"self":[{"href":"https:\/\/mouldking.store\/hu\/wp-json\/wp\/v2\/product\/62284","targetHints":{"allow":["GET"]}}],"collection":[{"href":"https:\/\/mouldking.store\/hu\/wp-json\/wp\/v2\/product"}],"about":[{"href":"https:\/\/mouldking.store\/hu\/wp-json\/wp\/v2\/types\/product"}],"author":[{"embeddable":true,"href":"https:\/\/mouldking.store\/hu\/wp-json\/wp\/v2\/users\/83"}],"replies":[{"embeddable":true,"href":"https:\/\/mouldking.store\/hu\/wp-json\/wp\/v2\/comments?post=62284"}],"wp:featuredmedia":[{"embeddable":true,"href":"https:\/\/mouldking.store\/hu\/wp-json\/wp\/v2\/media\/62283"}],"wp:attachment":[{"href":"https:\/\/mouldking.store\/hu\/wp-json\/wp\/v2\/media?parent=62284"}],"wp:term":[{"taxonomy":"product_cat","embeddable":true,"href":"https:\/\/mouldking.store\/hu\/wp-json\/wp\/v2\/product_cat?post=62284"},{"taxonomy":"product_tag","embeddable":true,"href":"https:\/\/mouldking.store\/hu\/wp-json\/wp\/v2\/product_tag?post=62284"}],"curies":[{"name":"wp","href":"https:\/\/api.w.org\/{rel}","templated":true}]}}