{"id":62305,"date":"2024-11-14T18:10:21","date_gmt":"2024-11-14T11:10:21","guid":{"rendered":"https:\/\/mouldking.store\/shop\/moc-factory-89032-boeing-b-17-flying-fortress-with-3631-pieces\/"},"modified":"2025-12-16T20:58:51","modified_gmt":"2025-12-16T13:58:51","slug":"moc-factory-89032-boeing-b-17-flying-fortress-with-3631-pieces","status":"publish","type":"product","link":"https:\/\/mouldking.store\/hu\/shop\/moc-factory-89032-boeing-b-17-flying-fortress-with-3631-pieces\/","title":{"rendered":"MOC Factory 89032 Boeing B-17 Flying Fortress 3631 darabbal"},"content":{"rendered":"<div>&nbsp; \u2705 MOC-89032 Boeing B-17 Flying Fortress<\/p>\n<p>\u2705 A <strong>Boeing B-17 Flying Fortress<\/strong> is one of the most iconic American bombers from World War II. Known for its durability, defensive capabilities, and long-range capabilities, it earned the nickname &#8220;Flying Fortress&#8221; due to its heavy armament and ability to withstand extensive damage while still completing missions. The B-17 was instrumental in strategic bombing campaigns over Europe, where it targeted enemy factories, transportation networks, and military installations.<\/p>\n<p>\ud83d\udeab FONTOS!<\/p>\n<p>Product Name:&nbsp; Boeing B-17 Flying Fortress<\/p>\n<p>Kateg\u00f3ria: M\u0171szaki<\/p>\n<p>This Kit Contains:&nbsp; C10200<\/p>\n<p>3631 pcs Good Quality Bricks<\/p>\n<p>Size:&nbsp; 68 x 78 x 24 cm<\/p>\n<p>Weight: 2.41 kg<\/p>\n<p>PDF \u00datmutat\u00f3<\/p>\n<p>\ud83d\udcccA f\u0151szerepl\u0151 term\u00e9szete<\/p>\n<p>Introducing our proud collection named \u201c Boeing B-17 Flying Fortress \u201d you should not miss.<\/p>\n<p>&nbsp; Designed by Boeing in the 1930s, the B-17 was one of the earliest four-engine heavy bombers. Although initial production was slow, the attack on Pearl Harbor in 1941 accelerated demand, leading to the production of over 12,700 units by Boeing, Lockheed Vega, and Douglas.&nbsp; The B-17 was heavily armed, with up to <strong>13 .50 caliber machine guns<\/strong> strategically placed in multiple turrets and gun stations around the aircraft. This defensive firepower gave it a formidable defense against enemy fighters, particularly in formations, where overlapping fields of fire created a &#8220;fortress in the sky.&#8221;&nbsp;<\/div>","protected":false},"excerpt":{"rendered":"<p>M\u00e1rka: MOC Factory<br \/>\nNem: Uniszex<br \/>\nKoroszt\u00e1ly: &gt; 6 \u00e9v<br \/>\nModel Number: 89032<br \/>\nBesorol\u00e1s: \u00d6sszeszerel\u00e9s<br \/>\nM\u0171anyag blokk forma: \u00f6nz\u00e1r\u00f3 t\u00e9gla<br \/>\nAnyaga: M\u0171anyag<br \/>\nM\u0171anyag t\u00edpus: ABS<br \/>\nBricks Blocks: 3631 +<br \/>\nEredeti doboza nincs<br \/>\nA term\u00e9k nem tartalmaz MAtric\u00e1t \u00e9s NYOMTATOTT alkatr\u00e9szeket. Minden nyomtatott alkatr\u00e9szt szabv\u00e1nyos alkatr\u00e9szre cser\u00e9l\u00fcnk, \u00e9s nem j\u00e1r bev\u00e9tel harmadik f\u00e9lt\u0151l sz\u00e1rmaz\u00f3 tartoz\u00e9kokkal.<\/p>","protected":false},"featured_media":62304,"comment_status":"open","ping_status":"closed","template":"","meta":{"_acf_changed":false},"product_cat":[1357,364],"product_tag":[13757,3191,13756,12302,8659,389,11080],"class_list":["product","first","instock","shipping-taxable","purchasable","product-type-simple"],"acf":[],"_links":{"self":[{"href":"https:\/\/mouldking.store\/hu\/wp-json\/wp\/v2\/product\/62305","targetHints":{"allow":["GET"]}}],"collection":[{"href":"https:\/\/mouldking.store\/hu\/wp-json\/wp\/v2\/product"}],"about":[{"href":"https:\/\/mouldking.store\/hu\/wp-json\/wp\/v2\/types\/product"}],"replies":[{"embeddable":true,"href":"https:\/\/mouldking.store\/hu\/wp-json\/wp\/v2\/comments?post=62305"}],"wp:featuredmedia":[{"embeddable":true,"href":"https:\/\/mouldking.store\/hu\/wp-json\/wp\/v2\/media\/62304"}],"wp:attachment":[{"href":"https:\/\/mouldking.store\/hu\/wp-json\/wp\/v2\/media?parent=62305"}],"wp:term":[{"taxonomy":"product_cat","embeddable":true,"href":"https:\/\/mouldking.store\/hu\/wp-json\/wp\/v2\/product_cat?post=62305"},{"taxonomy":"product_tag","embeddable":true,"href":"https:\/\/mouldking.store\/hu\/wp-json\/wp\/v2\/product_tag?post=62305"}],"curies":[{"name":"wp","href":"https:\/\/api.w.org\/{rel}","templated":true}]}}