{"id":62330,"date":"2024-11-14T18:11:17","date_gmt":"2024-11-14T11:11:17","guid":{"rendered":"https:\/\/mouldking.store\/shop\/moc-factory-89030-smiling-friends-glep-pim-charlie-alan-mr-frog-with-603-pieces\/"},"modified":"2025-12-16T20:58:51","modified_gmt":"2025-12-16T13:58:51","slug":"moc-factory-89030-smiling-friends-glep-pim-charlie-alan-mr-frog-with-603-pieces","status":"publish","type":"product","link":"https:\/\/mouldking.store\/hu\/shop\/moc-factory-89030-smiling-friends-glep-pim-charlie-alan-mr-frog-with-603-pieces\/","title":{"rendered":"MOC Factory 89030 Mosolyg\u00f3 bar\u00e1tok Glep Pim Charlie Alan Mr. B\u00e9ka 603 darabos"},"content":{"rendered":"<div>&nbsp; \u2705 MOC-89030 Smiling Friends Glep Pim Charlie Alan Mr Frog<\/p>\n<p>\u2705 <em>Smiling Friends<\/em> is an animated series created by <strong>Zach Hadel<\/strong> and <strong>Michael Cusack<\/strong>, known for its dark humor, absurdist comedy, and distinctive art style. The show follows a group of quirky characters working for a company called Smiling Friends, whose primary job is to make people happy, even though their methods and personalities often lead to bizarre and sometimes dark situations.<\/p>\n<p>\ud83d\udeab FONTOS!<\/p>\n<p>Product Name:&nbsp; Smiling Friends Glep Pim Charlie Alan Mr Frog<\/p>\n<p>Kateg\u00f3ria: Film<\/p>\n<p>This Kit Contains:&nbsp; C10204Y01<\/p>\n<p>603 pcs Good Quality Bricks<\/p>\n<p>Size:&nbsp; 5.2 x 6.4 x 8.5 cm<\/p>\n<p>S\u00faly: 0,33 kg<\/p>\n<p>PDF \u00datmutat\u00f3<\/p>\n<p>\ud83d\udcccA f\u0151szerepl\u0151 term\u00e9szete<\/p>\n<p>Introducing our proud collection named \u201c Smiling Friends Glep Pim Charlie Alan Mr Frog \u201d you should not miss.<\/p>\n<p>&nbsp; Glep is a rather unusual and goofy character in <em>Smiling Friends<\/em>, known for his strange, alien-like appearance. He is often seen working as a low-level employee at Smiling Friends.&nbsp; Pim is one of the two main characters who run Smiling Friends alongside Charlie. He is a short, orange, and somewhat hyperactive figure with a somewhat carefree and often reckless attitude.&nbsp; Charlie is the other main character of Smiling Friends, working alongside Pim. He is more grounded compared to Pim, but still partakes in the oddities of their job.&nbsp; Alan is another employee of Smiling Friends. He\u2019s a strange and somewhat mysterious character who doesn\u2019t speak much and is often seen as a bit of an outsider.&nbsp; Mr. Frog is a character in <em>Smiling Friends<\/em> who is known for his energetic and bizarre personality. He\u2019s a recurring character who brings a lot of the show\u2019s signature absurdity and randomness.&nbsp;<\/div>","protected":false},"excerpt":{"rendered":"<p>M\u00e1rka: MOC Factory<br \/>\nNem: Uniszex<br \/>\nKoroszt\u00e1ly: &gt; 6 \u00e9v<br \/>\nModel Number: 89030<br \/>\nBesorol\u00e1s: \u00d6sszeszerel\u00e9s<br \/>\nM\u0171anyag blokk forma: \u00f6nz\u00e1r\u00f3 t\u00e9gla<br \/>\nAnyaga: M\u0171anyag<br \/>\nM\u0171anyag t\u00edpus: ABS<br \/>\nBricks Blocks: 603 +<br \/>\nEredeti doboza nincs<br \/>\nA term\u00e9k nem tartalmaz MAtric\u00e1t \u00e9s NYOMTATOTT alkatr\u00e9szeket. Minden nyomtatott alkatr\u00e9szt szabv\u00e1nyos alkatr\u00e9szre cser\u00e9l\u00fcnk, \u00e9s nem j\u00e1r bev\u00e9tel harmadik f\u00e9lt\u0151l sz\u00e1rmaz\u00f3 tartoz\u00e9kokkal.<\/p>","protected":false},"featured_media":62329,"comment_status":"open","ping_status":"closed","template":"","meta":{"_acf_changed":false},"product_cat":[1365,371,581,1408],"product_tag":[13723,13722,11072,11775,8452,13720,434,13724,13721,13719],"class_list":["product","first","instock","shipping-taxable","purchasable","product-type-simple"],"acf":[],"_links":{"self":[{"href":"https:\/\/mouldking.store\/hu\/wp-json\/wp\/v2\/product\/62330","targetHints":{"allow":["GET"]}}],"collection":[{"href":"https:\/\/mouldking.store\/hu\/wp-json\/wp\/v2\/product"}],"about":[{"href":"https:\/\/mouldking.store\/hu\/wp-json\/wp\/v2\/types\/product"}],"replies":[{"embeddable":true,"href":"https:\/\/mouldking.store\/hu\/wp-json\/wp\/v2\/comments?post=62330"}],"wp:featuredmedia":[{"embeddable":true,"href":"https:\/\/mouldking.store\/hu\/wp-json\/wp\/v2\/media\/62329"}],"wp:attachment":[{"href":"https:\/\/mouldking.store\/hu\/wp-json\/wp\/v2\/media?parent=62330"}],"wp:term":[{"taxonomy":"product_cat","embeddable":true,"href":"https:\/\/mouldking.store\/hu\/wp-json\/wp\/v2\/product_cat?post=62330"},{"taxonomy":"product_tag","embeddable":true,"href":"https:\/\/mouldking.store\/hu\/wp-json\/wp\/v2\/product_tag?post=62330"}],"curies":[{"name":"wp","href":"https:\/\/api.w.org\/{rel}","templated":true}]}}