{"id":62335,"date":"2024-11-14T18:11:42","date_gmt":"2024-11-14T11:11:42","guid":{"rendered":"https:\/\/mouldking.store\/shop\/moc-factory-91029-winter-architecture-alpine-lodge-with-2231-pieces\/"},"modified":"2025-12-16T20:58:51","modified_gmt":"2025-12-16T13:58:51","slug":"moc-factory-91029-winter-architecture-alpine-lodge-with-2231-pieces","status":"publish","type":"product","link":"https:\/\/mouldking.store\/hu\/shop\/moc-factory-91029-winter-architecture-alpine-lodge-with-2231-pieces\/","title":{"rendered":"MOC Factory 91029 T\u00e9li \u00e9p\u00edt\u00e9szet Alpesi h\u00e1zik\u00f3 2231 darabbal"},"content":{"rendered":"<div>&nbsp; \u2705 MOC-91029 Winter Architecture Alpine Lodge<\/p>\n<p>\u2705 A winter alpine lodge captures the essence of mountain charm with an architectural design tailored for snowy landscapes and cozy comfort. These lodges typically feature natural materials like stone and wood, creating a rustic yet refined look that blends seamlessly with the surrounding alpine environment.&nbsp;<\/p>\n<p>\ud83d\udeab FONTOS!<\/p>\n<p>Product Name:&nbsp; Winter Architecture Alpine Lodge&nbsp;<\/p>\n<p>Kateg\u00f3ria: Modul\u00e1ris \u00e9p\u00fclet<\/p>\n<p>This Kit Contains:&nbsp; C10229&nbsp;<\/p>\n<p>&nbsp;2231 pcs Good Quality Bricks<\/p>\n<p>Size:&nbsp; 17 x 16 x 22 cm&nbsp;<\/p>\n<p>&nbsp;Weight: 1.24 kg&nbsp;<\/p>\n<p>PDF \u00datmutat\u00f3<\/p>\n<p>\ud83d\udcccA f\u0151szerepl\u0151 term\u00e9szete<\/p>\n<p>Introducing our proud collection named \u201c Winter Architecture Alpine Lodge \u201d you should not miss.<\/p>\n<p>&nbsp; Alpine lodges are designed to be a haven from the elements, blending comfort, style, and a connection to the rugged natural beauty of winter landscapes.&nbsp;<\/p><\/div>","protected":false},"excerpt":{"rendered":"<p>M\u00e1rka: MOC Factory<br \/>\nNem: Uniszex<br \/>\nKoroszt\u00e1ly: &gt; 6 \u00e9v<br \/>\nModel Number: 91029<br \/>\nBesorol\u00e1s: \u00d6sszeszerel\u00e9s<br \/>\nM\u0171anyag blokk forma: \u00f6nz\u00e1r\u00f3 t\u00e9gla<br \/>\nAnyaga: M\u0171anyag<br \/>\nM\u0171anyag t\u00edpus: ABS<br \/>\nBricks Blocks: 2231 +<br \/>\nEredeti doboza nincs<br \/>\nA term\u00e9k nem tartalmaz MAtric\u00e1t \u00e9s NYOMTATOTT alkatr\u00e9szeket. Minden nyomtatott alkatr\u00e9szt szabv\u00e1nyos alkatr\u00e9szre cser\u00e9l\u00fcnk, \u00e9s nem j\u00e1r bev\u00e9tel harmadik f\u00e9lt\u0151l sz\u00e1rmaz\u00f3 tartoz\u00e9kokkal.<\/p>","protected":false},"featured_media":62334,"comment_status":"open","ping_status":"closed","template":"","meta":{"_acf_changed":false},"product_cat":[1365,1395,371,390],"product_tag":[13760,11260,1066,11072,8452,12734,392,13761,10511],"class_list":["product","first","instock","shipping-taxable","purchasable","product-type-simple"],"acf":[],"_links":{"self":[{"href":"https:\/\/mouldking.store\/hu\/wp-json\/wp\/v2\/product\/62335","targetHints":{"allow":["GET"]}}],"collection":[{"href":"https:\/\/mouldking.store\/hu\/wp-json\/wp\/v2\/product"}],"about":[{"href":"https:\/\/mouldking.store\/hu\/wp-json\/wp\/v2\/types\/product"}],"replies":[{"embeddable":true,"href":"https:\/\/mouldking.store\/hu\/wp-json\/wp\/v2\/comments?post=62335"}],"wp:featuredmedia":[{"embeddable":true,"href":"https:\/\/mouldking.store\/hu\/wp-json\/wp\/v2\/media\/62334"}],"wp:attachment":[{"href":"https:\/\/mouldking.store\/hu\/wp-json\/wp\/v2\/media?parent=62335"}],"wp:term":[{"taxonomy":"product_cat","embeddable":true,"href":"https:\/\/mouldking.store\/hu\/wp-json\/wp\/v2\/product_cat?post=62335"},{"taxonomy":"product_tag","embeddable":true,"href":"https:\/\/mouldking.store\/hu\/wp-json\/wp\/v2\/product_tag?post=62335"}],"curies":[{"name":"wp","href":"https:\/\/api.w.org\/{rel}","templated":true}]}}