{"id":62337,"date":"2024-11-14T18:11:43","date_gmt":"2024-11-14T11:11:43","guid":{"rendered":"https:\/\/mouldking.store\/shop\/moc-factory-154779-the-iron-giant-with-1796-pieces\/"},"modified":"2025-12-16T20:58:51","modified_gmt":"2025-12-16T13:58:51","slug":"moc-factory-154779-the-iron-giant-with-1796-pieces","status":"publish","type":"product","link":"https:\/\/mouldking.store\/hu\/shop\/moc-factory-154779-the-iron-giant-with-1796-pieces\/","title":{"rendered":"MOC Factory 154779 A vas\u00f3ri\u00e1s 1796 darabbal"},"content":{"rendered":"<div>&nbsp;<\/div>\n<div>&nbsp;\u2705 MOC-154779 The Iron Giant<\/p>\n<p>\u2705 <em>The Iron Giant<\/em> is a 1999 animated film directed by Brad Bird, based on the 1968 novel <em>The Iron Man<\/em> by Ted Hughes. Set during the Cold War in 1957, it follows the story of a young boy named Hogarth Hughes who discovers a giant alien robot that falls from space and lands near the small town of Rockwell, Maine. Hogarth and the robot develop a friendship, but as the government becomes aware of the Iron Giant&#8217;s existence, tensions rise, culminating in an intense exploration of war, fear, and humanity.&nbsp;<\/p>\n<p>\ud83d\udeab FONTOS!<\/p>\n<p>Product Name:&nbsp; The Iron Giant&nbsp;<\/p>\n<p>Kateg\u00f3ria: Film<\/p>\n<p>This Kit Contains:&nbsp; C10216&nbsp;<\/p>\n<p>1796 pcs Good Quality Bricks<\/p>\n<p>Size:&nbsp; 32 x 15 x 32 cm&nbsp;<\/p>\n<p>Weight: 1.4 kg&nbsp;<\/p>\n<p>PDF \u00datmutat\u00f3<\/p>\n<p>\ud83d\udcccA f\u0151szerepl\u0151 term\u00e9szete<\/p>\n<p>Introducing our proud collection named \u201c The Iron Giant \u201d you should not miss.<br \/>&nbsp;<\/div>\n<div>The film is well-loved for its emotional depth, storytelling, and its strong anti-violence message. It emphasizes themes like friendship, bravery, and choosing who you want to be, particularly seen in the Iron Giant\u2019s memorable line, \u201cYou are who you choose to be.\u201d This message, along with the beautiful animation and voice acting\u2014including Vin Diesel as the voice of the Giant\u2014has helped <em>The Iron Giant<\/em> achieve a near-cult status over the years.&nbsp;<\/div>","protected":false},"excerpt":{"rendered":"<p>M\u00e1rka: MOC Factory<br \/>\nNem: Uniszex<br \/>\nKoroszt\u00e1ly: &gt; 6 \u00e9v<br \/>\nModel Number: 154779<br \/>\nBesorol\u00e1s: \u00d6sszeszerel\u00e9s<br \/>\nM\u0171anyag blokk forma: \u00f6nz\u00e1r\u00f3 t\u00e9gla<br \/>\nAnyaga: M\u0171anyag<br \/>\nM\u0171anyag t\u00edpus: ABS<br \/>\nBricks Blocks: 1796 +<br \/>\nEredeti doboza nincs<br \/>\nA term\u00e9k nem tartalmaz MAtric\u00e1t \u00e9s NYOMTATOTT alkatr\u00e9szeket. Minden nyomtatott alkatr\u00e9szt szabv\u00e1nyos alkatr\u00e9szre cser\u00e9l\u00fcnk, \u00e9s nem j\u00e1r bev\u00e9tel harmadik f\u00e9lt\u0151l sz\u00e1rmaz\u00f3 tartoz\u00e9kokkal.<\/p>","protected":false},"featured_media":62336,"comment_status":"open","ping_status":"closed","template":"","meta":{"_acf_changed":false},"product_cat":[1365,371,581,1408],"product_tag":[11072,8452,10403,8789,434,590],"class_list":["product","first","instock","shipping-taxable","purchasable","product-type-simple"],"acf":[],"_links":{"self":[{"href":"https:\/\/mouldking.store\/hu\/wp-json\/wp\/v2\/product\/62337","targetHints":{"allow":["GET"]}}],"collection":[{"href":"https:\/\/mouldking.store\/hu\/wp-json\/wp\/v2\/product"}],"about":[{"href":"https:\/\/mouldking.store\/hu\/wp-json\/wp\/v2\/types\/product"}],"replies":[{"embeddable":true,"href":"https:\/\/mouldking.store\/hu\/wp-json\/wp\/v2\/comments?post=62337"}],"wp:featuredmedia":[{"embeddable":true,"href":"https:\/\/mouldking.store\/hu\/wp-json\/wp\/v2\/media\/62336"}],"wp:attachment":[{"href":"https:\/\/mouldking.store\/hu\/wp-json\/wp\/v2\/media?parent=62337"}],"wp:term":[{"taxonomy":"product_cat","embeddable":true,"href":"https:\/\/mouldking.store\/hu\/wp-json\/wp\/v2\/product_cat?post=62337"},{"taxonomy":"product_tag","embeddable":true,"href":"https:\/\/mouldking.store\/hu\/wp-json\/wp\/v2\/product_tag?post=62337"}],"curies":[{"name":"wp","href":"https:\/\/api.w.org\/{rel}","templated":true}]}}