{"id":62351,"date":"2024-11-14T18:12:03","date_gmt":"2024-11-14T11:12:03","guid":{"rendered":"https:\/\/mouldking.store\/shop\/moc-factory-89029-christmas-tree-with-743-pieces\/"},"modified":"2025-12-16T20:58:51","modified_gmt":"2025-12-16T13:58:51","slug":"moc-factory-89029-christmas-tree-with-743-pieces","status":"publish","type":"product","link":"https:\/\/mouldking.store\/hu\/shop\/moc-factory-89029-christmas-tree-with-743-pieces\/","title":{"rendered":"MOC Factory 89029 kar\u00e1csonyfa 743 darabbal"},"content":{"rendered":"<div>&nbsp; \u2705 MOC-89029 kar\u00e1csonyfa<\/p>\n<p>\u2705 A kar\u00e1csonyfa az \u00fcnnepi \u00f6r\u00f6m k\u00f6zponti szimb\u00f3luma, gyakran d\u00edsz\u00edtik, hogy meleget, f\u00e9nyt \u00e9s \u00fcnnepi hangulatot vigyenek az otthonokba a t\u00e9li id\u0151szakban.&nbsp;<\/p>\n<p>\ud83d\udeab FONTOS!<\/p>\n<p>Term\u00e9k neve: Kar\u00e1csonyfa&nbsp;<\/p>\n<p>Kateg\u00f3ria: Alkot\u00f3<\/p>\n<p>A k\u00e9szlet tartalma: F-C10001&nbsp;<\/p>\n<p>&nbsp;743 db J\u00f3 min\u0151s\u00e9g\u0171 t\u00e9gla<\/p>\n<p>S\u00faly: 0,88 kg&nbsp;<\/p>\n<p>PDF \u00datmutat\u00f3<\/p>\n<p>\ud83d\udcccA f\u0151szerepl\u0151 term\u00e9szete<\/p>\n<p>Bemutatjuk a \u201eChristmas Tree\u201d nev\u0171 b\u00fcszke kollekci\u00f3nkat, amit nem szabad kihagyni.<\/p>\n<p>&nbsp; A kar\u00e1csonyfa t\u00f6bb, mint dekor\u00e1ci\u00f3; a melegs\u00e9g, az \u00f6r\u00f6m \u00e9s a hagyom\u00e1nyok szimb\u00f3luma az \u00fcnnepi szezonban. Legyen sz\u00f3 val\u00f3di vagy mesters\u00e9ges, minden fa a f\u00e9nyek, a d\u00edszt\u00e1rgyak \u00e9s a szem\u00e9lyes \u00e9rint\u00e9sek egyedi kever\u00e9k\u00e9vel kel \u00e9letre, amelyek t\u00fckr\u00f6zik a d\u00edsz\u00edt\u0151k szellem\u00e9t. Meleg feh\u00e9r f\u00e9nyf\u00fcz\u00e9rek vagy sz\u00ednes izz\u00f3k sz\u00f6vik \u00e1t az \u00e1gakat, \u00e9s hangulatos f\u00e9nyt var\u00e1zsolnak, amely bet\u00f6lti a szob\u00e1t.&nbsp;<\/p><\/div>","protected":false},"excerpt":{"rendered":"<p>M\u00e1rka: MOC Factory<br \/>\nNem: Uniszex<br \/>\nKoroszt\u00e1ly: &gt; 6 \u00e9v<br \/>\nModellsz\u00e1m: 89029<br \/>\nBesorol\u00e1s: \u00d6sszeszerel\u00e9s<br \/>\nM\u0171anyag blokk forma: \u00f6nz\u00e1r\u00f3 t\u00e9gla<br \/>\nAnyaga: M\u0171anyag<br \/>\nM\u0171anyag t\u00edpus: ABS<br \/>\nT\u00e9gla T\u00e9gla: 743 +<br \/>\nEredeti doboza nincs<br \/>\nA term\u00e9k nem tartalmaz MAtric\u00e1t \u00e9s NYOMTATOTT alkatr\u00e9szeket. Minden nyomtatott alkatr\u00e9szt szabv\u00e1nyos alkatr\u00e9szre cser\u00e9l\u00fcnk, \u00e9s nem j\u00e1r bev\u00e9tel harmadik f\u00e9lt\u0151l sz\u00e1rmaz\u00f3 tartoz\u00e9kokkal.<\/p>","protected":false},"featured_media":62350,"comment_status":"open","ping_status":"closed","template":"","meta":{"_acf_changed":false},"product_cat":[1365,371],"product_tag":[1066,3381,11072,8452,12781],"class_list":["product","first","instock","shipping-taxable","purchasable","product-type-simple"],"acf":[],"_links":{"self":[{"href":"https:\/\/mouldking.store\/hu\/wp-json\/wp\/v2\/product\/62351","targetHints":{"allow":["GET"]}}],"collection":[{"href":"https:\/\/mouldking.store\/hu\/wp-json\/wp\/v2\/product"}],"about":[{"href":"https:\/\/mouldking.store\/hu\/wp-json\/wp\/v2\/types\/product"}],"replies":[{"embeddable":true,"href":"https:\/\/mouldking.store\/hu\/wp-json\/wp\/v2\/comments?post=62351"}],"wp:featuredmedia":[{"embeddable":true,"href":"https:\/\/mouldking.store\/hu\/wp-json\/wp\/v2\/media\/62350"}],"wp:attachment":[{"href":"https:\/\/mouldking.store\/hu\/wp-json\/wp\/v2\/media?parent=62351"}],"wp:term":[{"taxonomy":"product_cat","embeddable":true,"href":"https:\/\/mouldking.store\/hu\/wp-json\/wp\/v2\/product_cat?post=62351"},{"taxonomy":"product_tag","embeddable":true,"href":"https:\/\/mouldking.store\/hu\/wp-json\/wp\/v2\/product_tag?post=62351"}],"curies":[{"name":"wp","href":"https:\/\/api.w.org\/{rel}","templated":true}]}}