{"id":62360,"date":"2024-11-14T18:17:02","date_gmt":"2024-11-14T11:17:02","guid":{"rendered":"https:\/\/mouldking.store\/shop\/moc-factory-89027-the-golden-girls-dorothy-zbornak-rose-nylund-blanche-elizabeth-devereaux-sophia-petrillo-with-610-pieces\/"},"modified":"2025-12-16T20:58:51","modified_gmt":"2025-12-16T13:58:51","slug":"moc-factory-89027-the-golden-girls-dorothy-zbornak-rose-nylund-blanche-elizabeth-devereaux-sophia-petrillo-with-610-pieces","status":"publish","type":"product","link":"https:\/\/mouldking.store\/hu\/shop\/moc-factory-89027-the-golden-girls-dorothy-zbornak-rose-nylund-blanche-elizabeth-devereaux-sophia-petrillo-with-610-pieces\/","title":{"rendered":"MOC Factory 89027 Az aranyl\u00e1nyok Dorothy Zbornak Rose Nylund Blanche Elizabeth Devereaux Sophia Petrillo 610 darabos kidolgoz\u00e1ssal"},"content":{"rendered":"<div>&nbsp;<\/div>\n<div>&nbsp;\u2705 MOC-89027 The Golden GirlsDorothy Zbornak Rose Nylund Blanche Elizabeth Devereaux Sophia Petrillo<\/p>\n<p>\u2705 <em>The Golden Girls<\/em> is a beloved American sitcom that aired from 1985 to 1992, following the lives of four older women who share a home in Miami, Florida. Each character has a distinct personality, leading to endless humorous and heartfelt interactions.<\/p>\n<p>\ud83d\udeab FONTOS!<\/p>\n<p>Product Name:&nbsp; The Golden GirlsDorothy Zbornak Rose Nylund Blanche Elizabeth Devereaux Sophia Petrillo<\/p>\n<p>Kateg\u00f3ria: Film<\/p>\n<p>This Kit Contains:&nbsp; F-C10012<\/p>\n<p>610 pcs Good Quality Bricks<\/p>\n<p>S\u00faly: 0,59 kg<\/p>\n<p>PDF \u00datmutat\u00f3<\/p>\n<p>\ud83d\udcccA f\u0151szerepl\u0151 term\u00e9szete<\/p>\n<p>Introducing our proud collection named \u201c The Golden GirlsDorothy Zbornak Rose Nylund Blanche Elizabeth Devereaux Sophia Petrillo \u201d you should not miss.<\/p>\n<p>&nbsp; <strong>Dorothy Zbornak<\/strong> (played by Bea Arthur) is a sharp-witted, sarcastic former substitute teacher with a dry sense of humor. Often the most practical of the group, she\u2019s known for her quick retorts and exasperation with her mother, Sophia. Dorothy\u2019s intelligence and strength are balanced by her vulnerabilities, especially regarding her complex love life and past marriage. &nbsp;<\/div>\n<div><strong>Rose Nylund<\/strong> (Betty White) hails from St. Olaf, Minnesota, and is known for her kind heart, naivete, and endless supply of quirky \u201cSt. Olaf\u201d stories. Her innocence and sometimes ditsy demeanor make her a lovable character who often finds herself the target of the other ladies\u2019 jokes. Despite her quirks, Rose brings a lot of heart and unexpected wisdom to the group.&nbsp; <strong>Blanche Elizabeth Devereaux<\/strong> (Rue McClanahan) is the group\u2019s Southern belle with a flamboyant and confident personality. Blanche is proud of her femininity, beauty, and her active love life. Her glamorous style and vanity add humor and depth, as she often views herself as the most alluring of the four.&nbsp; <strong>Sophia Petrillo<\/strong> (Estelle Getty), Dorothy\u2019s mother, is a small but fiery Sicilian woman with a knack for cutting through nonsense with brutal honesty and \u201cSicilian\u201d wisdom. Her blunt, often outrageous comments are iconic, and she brings a unique combination of humor, sass, and love to the household dynamic.&nbsp;<\/div>","protected":false},"excerpt":{"rendered":"<p>M\u00e1rka: MOC Factory<br \/>\nNem: Uniszex<br \/>\nKoroszt\u00e1ly: &gt; 6 \u00e9v<br \/>\nModel Number: 89027<br \/>\nBesorol\u00e1s: \u00d6sszeszerel\u00e9s<br \/>\nM\u0171anyag blokk forma: \u00f6nz\u00e1r\u00f3 t\u00e9gla<br \/>\nAnyaga: M\u0171anyag<br \/>\nM\u0171anyag t\u00edpus: ABS<br \/>\nBricks Blocks: 610 +<br \/>\nEredeti doboza nincs<br \/>\nA term\u00e9k nem tartalmaz MAtric\u00e1t \u00e9s NYOMTATOTT alkatr\u00e9szeket. Minden nyomtatott alkatr\u00e9szt szabv\u00e1nyos alkatr\u00e9szre cser\u00e9l\u00fcnk, \u00e9s nem j\u00e1r bev\u00e9tel harmadik f\u00e9lt\u0151l sz\u00e1rmaz\u00f3 tartoz\u00e9kokkal.<\/p>","protected":false},"featured_media":62359,"comment_status":"open","ping_status":"closed","template":"","meta":{"_acf_changed":false},"product_cat":[1365,1475,371,581,1408],"product_tag":[13765,11072,8452,13766,13762,12167,13649,11105,434,13768,10868,13764,13767,13763],"class_list":["product","first","instock","shipping-taxable","purchasable","product-type-simple"],"acf":[],"_links":{"self":[{"href":"https:\/\/mouldking.store\/hu\/wp-json\/wp\/v2\/product\/62360","targetHints":{"allow":["GET"]}}],"collection":[{"href":"https:\/\/mouldking.store\/hu\/wp-json\/wp\/v2\/product"}],"about":[{"href":"https:\/\/mouldking.store\/hu\/wp-json\/wp\/v2\/types\/product"}],"replies":[{"embeddable":true,"href":"https:\/\/mouldking.store\/hu\/wp-json\/wp\/v2\/comments?post=62360"}],"wp:featuredmedia":[{"embeddable":true,"href":"https:\/\/mouldking.store\/hu\/wp-json\/wp\/v2\/media\/62359"}],"wp:attachment":[{"href":"https:\/\/mouldking.store\/hu\/wp-json\/wp\/v2\/media?parent=62360"}],"wp:term":[{"taxonomy":"product_cat","embeddable":true,"href":"https:\/\/mouldking.store\/hu\/wp-json\/wp\/v2\/product_cat?post=62360"},{"taxonomy":"product_tag","embeddable":true,"href":"https:\/\/mouldking.store\/hu\/wp-json\/wp\/v2\/product_tag?post=62360"}],"curies":[{"name":"wp","href":"https:\/\/api.w.org\/{rel}","templated":true}]}}