{"id":62363,"date":"2024-11-14T18:17:34","date_gmt":"2024-11-14T11:17:34","guid":{"rendered":"https:\/\/mouldking.store\/shop\/moc-factory-89026-outer-wilds-spaceship-with-879-pieces\/"},"modified":"2025-12-16T20:58:51","modified_gmt":"2025-12-16T13:58:51","slug":"moc-factory-89026-outer-wilds-spaceship-with-879-pieces","status":"publish","type":"product","link":"https:\/\/mouldking.store\/hu\/shop\/moc-factory-89026-outer-wilds-spaceship-with-879-pieces\/","title":{"rendered":"MOC Factory 89026 Outer Wilds \u0171rhaj\u00f3 879 darabbal"},"content":{"rendered":"<div>&nbsp; \u2705 MOC-89026 Outer Wilds Spaceship<\/p>\n<p>\u2705 In <em>Outer Wilds<\/em>, the spaceship is an essential tool for exploring the mysteries of the game\u2019s vast, ever-changing solar system. The ship is distinctly scrappy and handmade, with a design that feels cobbled together by curious explorers. Constructed by the Hearthians\u2014your character\u2019s alien species\u2014it combines wood, metal, and salvaged technology, giving it a rustic, almost steampunk aesthetic. The ship&#8217;s compact cockpit, dominated by a large glass windshield, offers a wide view of the stars and the strange planets you\u2019ll encounter.&nbsp;<\/p>\n<p>\ud83d\udeab FONTOS!<\/p>\n<p>Product Name:&nbsp; Outer Wilds Spaceship&nbsp;<\/p>\n<p>Kateg\u00f3ria: \u0170r<\/p>\n<p>This Kit Contains:&nbsp; F-C10014&nbsp;<\/p>\n<p>879 pcs Good Quality Bricks<\/p>\n<p>Weight: 1.23 kg&nbsp;<\/p>\n<p>PDF \u00datmutat\u00f3<\/p>\n<p>\ud83d\udcccA f\u0151szerepl\u0151 term\u00e9szete<\/p>\n<p>Introducing our proud collection named \u201c Outer Wilds Spaceship \u201d you should not miss.<\/p>\n<p>&nbsp; The interior is functional and cozy, with various dials, levers, and instruments arranged in a way that feels both mechanical and intuitive. Essential equipment like the signal scope and the translator tool are stored within easy reach, while the ship\u2019s log automatically records discoveries, adding a sense of progression to each journey. The pilot seat is a simple wooden chair bolted to the floor, adding to the ship&#8217;s homespun charm, and a zero-gravity space enables easy movement within the vessel.&nbsp;<\/p><\/div>","protected":false},"excerpt":{"rendered":"<p>M\u00e1rka: MOC Factory<br \/>\nNem: Uniszex<br \/>\nKoroszt\u00e1ly: &gt; 6 \u00e9v<br \/>\nModel Number: 89026<br \/>\nBesorol\u00e1s: \u00d6sszeszerel\u00e9s<br \/>\nM\u0171anyag blokk forma: \u00f6nz\u00e1r\u00f3 t\u00e9gla<br \/>\nAnyaga: M\u0171anyag<br \/>\nM\u0171anyag t\u00edpus: ABS<br \/>\nBricks Blocks: 879 +<br \/>\nEredeti doboza nincs<br \/>\nA term\u00e9k nem tartalmaz MAtric\u00e1t \u00e9s NYOMTATOTT alkatr\u00e9szeket. Minden nyomtatott alkatr\u00e9szt szabv\u00e1nyos alkatr\u00e9szre cser\u00e9l\u00fcnk, \u00e9s nem j\u00e1r bev\u00e9tel harmadik f\u00e9lt\u0151l sz\u00e1rmaz\u00f3 tartoz\u00e9kokkal.<\/p>","protected":false},"featured_media":62362,"comment_status":"open","ping_status":"closed","template":"","meta":{"_acf_changed":false},"product_cat":[1365,371,581,6016,1408],"product_tag":[11072,8452,434,2276,11433],"class_list":["product","first","outofstock","shipping-taxable","purchasable","product-type-simple"],"acf":[],"_links":{"self":[{"href":"https:\/\/mouldking.store\/hu\/wp-json\/wp\/v2\/product\/62363","targetHints":{"allow":["GET"]}}],"collection":[{"href":"https:\/\/mouldking.store\/hu\/wp-json\/wp\/v2\/product"}],"about":[{"href":"https:\/\/mouldking.store\/hu\/wp-json\/wp\/v2\/types\/product"}],"replies":[{"embeddable":true,"href":"https:\/\/mouldking.store\/hu\/wp-json\/wp\/v2\/comments?post=62363"}],"wp:featuredmedia":[{"embeddable":true,"href":"https:\/\/mouldking.store\/hu\/wp-json\/wp\/v2\/media\/62362"}],"wp:attachment":[{"href":"https:\/\/mouldking.store\/hu\/wp-json\/wp\/v2\/media?parent=62363"}],"wp:term":[{"taxonomy":"product_cat","embeddable":true,"href":"https:\/\/mouldking.store\/hu\/wp-json\/wp\/v2\/product_cat?post=62363"},{"taxonomy":"product_tag","embeddable":true,"href":"https:\/\/mouldking.store\/hu\/wp-json\/wp\/v2\/product_tag?post=62363"}],"curies":[{"name":"wp","href":"https:\/\/api.w.org\/{rel}","templated":true}]}}