{"id":62368,"date":"2024-11-14T18:17:47","date_gmt":"2024-11-14T11:17:47","guid":{"rendered":"https:\/\/mouldking.store\/shop\/moc-factory-89023-avataramp-suit-quaritch-rda-helicopter-aerospatiale-sa-2-samson-with-718-pieces\/"},"modified":"2025-12-16T20:58:51","modified_gmt":"2025-12-16T13:58:51","slug":"moc-factory-89023-avataramp-suit-quaritch-rda-helicopter-aerospatiale-sa-2-samson-with-718-pieces","status":"publish","type":"product","link":"https:\/\/mouldking.store\/hu\/shop\/moc-factory-89023-avataramp-suit-quaritch-rda-helicopter-aerospatiale-sa-2-samson-with-718-pieces\/","title":{"rendered":"MOC Factory 89023 AvatarAMP Suit Quaritch RDA Helicopter Aerospatiale SA-2 Samson 718 darabos"},"content":{"rendered":"<div>&nbsp; \u2705 MOC-89023 AvatarAMP Suit Quaritch RDA Helicopter Aerospatiale SA-2 Samson<\/p>\n<p>\u2705 In <em>Avatar<\/em> (2009), director James Cameron introduces an expansive sci-fi world filled with advanced human technology juxtaposed with the natural beauty of Pandora. The story\u2019s villains, representing the militaristic and exploitative RDA (Resources Development Administration), use various mechanized vehicles to assert dominance and control over the planet\u2019s native Na&#8217;vi population.<\/p>\n<p>\ud83d\udeab FONTOS!<\/p>\n<p>Product Name:&nbsp; AvatarAMP Suit Quaritch RDA Helicopter Aerospatiale SA-2 Samson<\/p>\n<p>Kateg\u00f3ria: Film<\/p>\n<p>This Kit Contains: &nbsp; F-C9917<\/p>\n<p>718 pcs Good Quality Bricks<\/p>\n<p>Weight: 0.6 kg<\/p>\n<p>PDF \u00datmutat\u00f3<\/p>\n<p>\ud83d\udcccA f\u0151szerepl\u0151 term\u00e9szete<\/p>\n<p>Introducing our proud collection named \u201c AvatarAMP Suit Quaritch RDA Helicopter Aerospatiale SA-2 Samson \u201d you should not miss.<\/p>\n<p>&nbsp; <strong>AMP Suit (Amplified Mobility Platform)<\/strong>: The AMP Suit is a large, human-piloted exoskeleton used by the RDA for combat, heavy lifting, and operations on Pandora\u2019s rugged terrain. Standing around 4 meters tall, it acts as a powerful, armored extension of the pilot&#8217;s movements, equipped with heavy weaponry and a knife, giving it an intimidating, militaristic presence. Operated by Colonel Miles Quaritch (Stephen Lang), the AMP suit becomes a formidable weapon, especially in the climactic battle scenes where it is pitted against Pandora\u2019s wildlife and the Na&#8217;vi.&nbsp; <strong>Colonel Miles Quaritch<\/strong>: As the main antagonist, Quaritch is a hardened, determined soldier leading the RDA\u2019s private military. He\u2019s known for his unyielding approach and willingness to use Pandora\u2019s resources without regard for its inhabitants. Quaritch operates his AMP Suit with ease, turning it into a symbol of his character\u2019s ruthless, violent nature and his mission to secure the planet\u2019s resources at all costs.&nbsp; <strong>RDA Helicopter (Aerospatiale SA-2 Samson)<\/strong>: The SA-2 Samson is a rotorcraft that serves as a multi-role utility vehicle for the RDA. It\u2019s capable of transporting troops, carrying cargo, and engaging in aerial combat. Its dual rotor system and rugged design allow it to maneuver in Pandora\u2019s challenging environment, flying through dense forests and canyons with relative ease. The Samson is often equipped with machine guns and rocket pods, making it a versatile, reliable vehicle for both logistical and combat purposes.&nbsp;<\/div>","protected":false},"excerpt":{"rendered":"<p>M\u00e1rka: MOC Factory<br \/>\nNem: Uniszex<br \/>\nKoroszt\u00e1ly: &gt; 6 \u00e9v<br \/>\nModel Number: 89023<br \/>\nBesorol\u00e1s: \u00d6sszeszerel\u00e9s<br \/>\nM\u0171anyag blokk forma: \u00f6nz\u00e1r\u00f3 t\u00e9gla<br \/>\nAnyaga: M\u0171anyag<br \/>\nM\u0171anyag t\u00edpus: ABS<br \/>\nBricks Blocks: 718 +<br \/>\nEredeti doboza nincs<br \/>\nA term\u00e9k nem tartalmaz MAtric\u00e1t \u00e9s NYOMTATOTT alkatr\u00e9szeket. Minden nyomtatott alkatr\u00e9szt szabv\u00e1nyos alkatr\u00e9szre cser\u00e9l\u00fcnk, \u00e9s nem j\u00e1r bev\u00e9tel harmadik f\u00e9lt\u0151l sz\u00e1rmaz\u00f3 tartoz\u00e9kokkal.<\/p>","protected":false},"featured_media":62367,"comment_status":"open","ping_status":"closed","template":"","meta":{"_acf_changed":false},"product_cat":[1365,371,581,6016,1408],"product_tag":[13774,13772,11072,8452,5298,434,13616,13773,13775,13776,2276,8564],"class_list":["product","first","instock","shipping-taxable","purchasable","product-type-simple"],"acf":[],"_links":{"self":[{"href":"https:\/\/mouldking.store\/hu\/wp-json\/wp\/v2\/product\/62368","targetHints":{"allow":["GET"]}}],"collection":[{"href":"https:\/\/mouldking.store\/hu\/wp-json\/wp\/v2\/product"}],"about":[{"href":"https:\/\/mouldking.store\/hu\/wp-json\/wp\/v2\/types\/product"}],"replies":[{"embeddable":true,"href":"https:\/\/mouldking.store\/hu\/wp-json\/wp\/v2\/comments?post=62368"}],"wp:featuredmedia":[{"embeddable":true,"href":"https:\/\/mouldking.store\/hu\/wp-json\/wp\/v2\/media\/62367"}],"wp:attachment":[{"href":"https:\/\/mouldking.store\/hu\/wp-json\/wp\/v2\/media?parent=62368"}],"wp:term":[{"taxonomy":"product_cat","embeddable":true,"href":"https:\/\/mouldking.store\/hu\/wp-json\/wp\/v2\/product_cat?post=62368"},{"taxonomy":"product_tag","embeddable":true,"href":"https:\/\/mouldking.store\/hu\/wp-json\/wp\/v2\/product_tag?post=62368"}],"curies":[{"name":"wp","href":"https:\/\/api.w.org\/{rel}","templated":true}]}}